{"id":30555,"date":"2024-02-25T12:06:51","date_gmt":"2024-02-25T11:06:51","guid":{"rendered":"https:\/\/v3.gemeinde-entwickler.de\/?page_id=30555"},"modified":"2025-04-23T21:31:34","modified_gmt":"2025-04-23T19:31:34","slug":"impressum","status":"publish","type":"page","link":"https:\/\/www.tourismus.dachau.de\/en\/impressum\/","title":{"rendered":"Imprint"},"content":{"rendered":"<div data-elementor-type=\"wp-post\" data-elementor-id=\"30555\" class=\"elementor elementor-30555\" data-elementor-post-type=\"page\">\n\t\t\t\t<div class=\"elementor-element elementor-element-125c5d1 elementor-repeater-item-ang_container_padding_3 e-flex e-con-boxed sk-none elementor-repeater-item-none elementor-repeater-item-none_hover e-con e-parent\" data-id=\"125c5d1\" data-element_type=\"container\" data-settings=\"{&quot;jet_parallax_layout_list&quot;:[],&quot;background_background&quot;:&quot;classic&quot;,&quot;ang_container_spacing_size&quot;:&quot;ang_container_padding_3&quot;}\">\n\t\t\t\t\t<div class=\"e-con-inner\">\n\t\t\t\t<div class=\"elementor-element elementor-element-7e52f28 elementor-repeater-item-none elementor-repeater-item-none_hover elementor-widget elementor-widget-text-editor\" data-id=\"7e52f28\" data-element_type=\"widget\" data-widget_type=\"text-editor.default\">\n\t\t\t\t<div class=\"elementor-widget-container\">\n\t\t\t\t\t\t\t\t\t<p><strong>Combination imprint (provider identification)<\/strong><br \/>The provider and thus responsible for the commercial and business-related online offer is the large district town of Dachau, represented by the Lord Mayor Florian Hartmann.<\/p><p>\u00a0<\/p><p><strong>Information pursuant to Section 2 (1) of the Service Information Obligations Ordinance (DL-InfoV)<\/strong><br \/>This online offer is an information offer of the<\/p><p>Large district town of Dachau<br \/>Konrad-Adenauer-Strasse 2-6<br \/>D-85221 Dachau<br \/>GERMANY<\/p><p>E-Mail:\u00a0<a>stadt@dachau.de<\/a><br \/>De-Mail address:\u00a0<a>info@dachau.de-mail.de<\/a><br \/>Web:\u00a0<a href=\"http:\/\/www.dachau.de\/\" target=\"_blank\" rel=\"noopener noreferrer nofollow\">www.dachau.de<\/a><br \/>Phone: +49 8131 75-0<br \/>Fax: +49 8131 75-44299<\/p><p>Competent local court: Dachau<br \/>Legal form: Corporation under public law (Kd\u00f6R)<\/p><p>Applicable law: Law of the Federal Republic of Germany (FRG)<\/p><p>Freising tax office<br \/>Sales tax identification number: DE 128 255 122<\/p><p>Authorized to represent: Lord Mayor Florian Hartmann<\/p><p>\u00a0<\/p><p><strong>Competent supervisory authority<\/strong><br \/>District Office Dachau<br \/>Weiherweg 16<br \/>D-85221 Dachau<br \/>Phone: +49 8131 74-0<br \/>Fax: +49 8131 74 -374<br \/>E-Mail:\u00a0<a>poststelle@lra-dah.bayern.de<\/a><br \/>Web:\u00a0<a href=\"http:\/\/www.landratsamt-dachau.de\/\" target=\"_blank\" rel=\"noopener noreferrer nofollow\">www.landratsamt-dachau.de<\/a><\/p><p>\u00a0<\/p><p><strong>Responsible for journalistic editorial contributions in accordance with \u00a7 55 paragraph 2 of the Interstate Treaty on Broadcasting and Telemedia (RStV):<\/strong><br \/>Responsibility lies with the following heads of office, divided according to thematic assignment:<\/p><p>\u00a0<\/p><p><strong>Main office<\/strong><br \/>Josef Hermann (Head of the Main Office), Konrad-Adenauer-Stra\u00dfe 2-6, D-85221 Dachau, e-mail:\u00a0<a>hauptamt@dachau.de<\/a><\/p><p>\u00a0<\/p><p><strong>Office for Culture, Tourism and Contemporary History<\/strong><br \/>Tobias Schneider, Konrad-Adenauer-Stra\u00dfe 2-6, D-85221 Dachau, e-mail:\u00a0<a>kulturamt@dachau.de<\/a><\/p><p>\u00a0<\/p><p><strong>City treasury<\/strong><br \/>Thomas Ernst (City Treasurer), Konrad-Adenauer-Stra\u00dfe 2-6, D-85221 Dachau, e-mail:\u00a0<a>kaemmerei@dachau.de<\/a><\/p><p>\u00a0<\/p><p><strong>Office for Schools, Childcare, Youth, Social Affairs and Sport<\/strong><br \/>Markus Haberl, Konrad-Adenauer-Stra\u00dfe 2-6, D-85221 Dachau, e-mail:\u00a0<a>soziales@dachau.de<\/a><\/p><p>\u00a0<\/p><p><strong>City planning office<\/strong><br \/>Moritz Reinhold, Konrad-Adenauer-Stra\u00dfe 2-6, D-85221 Dachau, E-Mail:\u00a0<a>stadtbauamt@dachau.de<\/a><\/p><p>\u00a0<\/p><p><strong>Audit Office<\/strong><br \/>Jochen Reichert, Konrad-Adenauer-Stra\u00dfe 2-6, D-85221 Dachau, e-mail:\u00a0<a>rechnungspruefung@dachau.de<\/a><\/p><p>\u00a0<\/p><p><strong>Responsible for all other content<\/strong><br \/>Lord Mayor Florian Hartmann<br \/>Konrad-Adenauer-Stra\u00dfe 2-6, D-85221 Dachau E-Mail:\u00a0<a>ob-buero@dachau.de<\/a><\/p><p>\u00a0<\/p><p><strong>Data protection officer pursuant to Art. 37 GDPR<\/strong><br \/>Harald M\u00fcller (Municipal Data Protection Officer)<br \/>Konrad-Adenauer-Strasse 2-6<br \/>D-85221 Dachau<br \/>E-Mail:\u00a0<a>datenschutz@dachau.de<\/a><\/p><p>\u00a0<\/p><p><strong>Technical and conceptual support of this online offer:<\/strong><br \/>City of Dachau<br \/>Dept. 1.3 IT and Organization<br \/>Konrad-Adenauer-Strasse 2 - 6<br \/>D-85221 Dachau<\/p><p>\u00a0<\/p><p><strong>Liability<\/strong><br \/>By setting a link to external online offers (\u201ehyperlinks\u201c), the City of Dachau does not adopt these online offers or their content as its own. Furthermore, the City of Dachau is not responsible for the availability of these online offers or their content.<\/p><p>\u00a0<\/p><p><strong>Copyright<\/strong><br \/>All rights reserved. Text, images and graphics as well as their arrangement on the website are protected by copyright and other protective laws. The content of this website may not be copied, distributed, modified or made accessible to third parties for commercial purposes.<\/p><p>\u00a0<\/p><p><strong>\u00a9 Copyright image sources:<\/strong><br \/>City of Dachau (city photographer)<br \/>Main administrative office<br \/>Konrad-Adenauer-Strasse 2 - 6<br \/>D-85221 Dachau<br \/>Mr. Florian G\u00f6ttler<br \/>Phone: +49 8131 75-318<\/p>\t\t\t\t\t\t\t\t<\/div>\n\t\t\t\t<\/div>\n\t\t\t\t\t<\/div>\n\t\t\t\t<\/div>\n\t\t\t\t<\/div>","protected":false},"excerpt":{"rendered":"<p>Kombinationsimpressum (Anbieterkennzeichnung)Anbieter und somit verantwortlich f\u00fcr das kommerzielle und gesch\u00e4ftsm\u00e4\u00dfige Onlineangebot ist die Gro\u00dfe Kreisstadt Dachau, vertreten durch den Oberb\u00fcrgermeister Florian Hartmann. \u00a0 Informationen gem\u00e4\u00df \u00a7 2 Absatz 1 Dienstleistungs-Informationspflichten-Verordnung (DL-InfoV)Dieses Onlineangebot ist ein Informationsangebot der Gro\u00dfen Kreisstadt DachauKonrad-Adenauer-Stra\u00dfe 2-6D-85221 DachauGERMANY E-Mail:\u00a0stadt@dachau.deDe-Mail-Adresse:\u00a0info@dachau.de-mail.deWeb:\u00a0www.dachau.deTelefon: +49 8131 75-0Telefax: +49 8131 75-44299 Zust\u00e4ndiges Amtsgericht: DachauRechtsform: K\u00f6rperschaft des \u00f6ffentlichen Rechts [&hellip;]<\/p>","protected":false},"author":12,"featured_media":0,"parent":0,"menu_order":0,"comment_status":"closed","ping_status":"closed","template":"","meta":{"iawp_total_views":51,"footnotes":""},"categories":[],"tags":[],"class_list":["post-30555","page","type-page","status-publish","hentry"],"yoast_head":"<!-- This site is optimized with the Yoast SEO plugin v26.5 - https:\/\/yoast.com\/wordpress\/plugins\/seo\/ -->\n<title>Impressum - Dachau Tourismus<\/title>\n<meta name=\"robots\" content=\"index, follow, max-snippet:-1, max-image-preview:large, max-video-preview:-1\" \/>\n<link rel=\"canonical\" href=\"https:\/\/www.tourismus.dachau.de\/en\/impressum\/\" \/>\n<meta property=\"og:locale\" content=\"en_US\" \/>\n<meta property=\"og:type\" content=\"article\" \/>\n<meta property=\"og:title\" content=\"Impressum - Dachau Tourismus\" \/>\n<meta property=\"og:description\" content=\"Kombinationsimpressum (Anbieterkennzeichnung)Anbieter und somit verantwortlich f\u00fcr das kommerzielle und gesch\u00e4ftsm\u00e4\u00dfige Onlineangebot ist die Gro\u00dfe Kreisstadt Dachau, vertreten durch den Oberb\u00fcrgermeister Florian Hartmann. \u00a0 Informationen gem\u00e4\u00df \u00a7 2 Absatz 1 Dienstleistungs-Informationspflichten-Verordnung (DL-InfoV)Dieses Onlineangebot ist ein Informationsangebot der Gro\u00dfen Kreisstadt DachauKonrad-Adenauer-Stra\u00dfe 2-6D-85221 DachauGERMANY E-Mail:\u00a0stadt@dachau.deDe-Mail-Adresse:\u00a0info@dachau.de-mail.deWeb:\u00a0www.dachau.deTelefon: +49 8131 75-0Telefax: +49 8131 75-44299 Zust\u00e4ndiges Amtsgericht: DachauRechtsform: K\u00f6rperschaft des \u00f6ffentlichen Rechts [&hellip;]\" \/>\n<meta property=\"og:url\" content=\"https:\/\/www.tourismus.dachau.de\/en\/impressum\/\" \/>\n<meta property=\"og:site_name\" content=\"Dachau Tourismus\" \/>\n<meta property=\"article:modified_time\" content=\"2025-04-23T19:31:34+00:00\" \/>\n<meta name=\"twitter:card\" content=\"summary_large_image\" \/>\n<meta name=\"twitter:label1\" content=\"Est. reading time\" \/>\n\t<meta name=\"twitter:data1\" content=\"2 minutes\" \/>\n<script type=\"application\/ld+json\" class=\"yoast-schema-graph\">{\"@context\":\"https:\/\/schema.org\",\"@graph\":[{\"@type\":\"WebPage\",\"@id\":\"https:\/\/www.tourismus.dachau.de\/impressum\/\",\"url\":\"https:\/\/www.tourismus.dachau.de\/impressum\/\",\"name\":\"Impressum - Dachau Tourismus\",\"isPartOf\":{\"@id\":\"https:\/\/www.tourismus.dachau.de\/#website\"},\"datePublished\":\"2024-02-25T11:06:51+00:00\",\"dateModified\":\"2025-04-23T19:31:34+00:00\",\"breadcrumb\":{\"@id\":\"https:\/\/www.tourismus.dachau.de\/impressum\/#breadcrumb\"},\"inLanguage\":\"en-US\",\"potentialAction\":[{\"@type\":\"ReadAction\",\"target\":[\"https:\/\/www.tourismus.dachau.de\/impressum\/\"]}]},{\"@type\":\"BreadcrumbList\",\"@id\":\"https:\/\/www.tourismus.dachau.de\/impressum\/#breadcrumb\",\"itemListElement\":[{\"@type\":\"ListItem\",\"position\":1,\"name\":\"Startseite\",\"item\":\"https:\/\/www.tourismus.dachau.de\/\"},{\"@type\":\"ListItem\",\"position\":2,\"name\":\"Impressum\"}]},{\"@type\":\"WebSite\",\"@id\":\"https:\/\/www.tourismus.dachau.de\/#website\",\"url\":\"https:\/\/www.tourismus.dachau.de\/\",\"name\":\"Dachau Tourismus\",\"description\":\"Wir freuen uns \u00fcber Ihren Besuch auf unserer Website.\",\"publisher\":{\"@id\":\"https:\/\/www.tourismus.dachau.de\/#organization\"},\"potentialAction\":[{\"@type\":\"SearchAction\",\"target\":{\"@type\":\"EntryPoint\",\"urlTemplate\":\"https:\/\/www.tourismus.dachau.de\/?s={search_term_string}\"},\"query-input\":{\"@type\":\"PropertyValueSpecification\",\"valueRequired\":true,\"valueName\":\"search_term_string\"}}],\"inLanguage\":\"en-US\"},{\"@type\":\"Organization\",\"@id\":\"https:\/\/www.tourismus.dachau.de\/#organization\",\"name\":\"Dachau Tourismus\",\"url\":\"https:\/\/www.tourismus.dachau.de\/\",\"logo\":{\"@type\":\"ImageObject\",\"inLanguage\":\"en-US\",\"@id\":\"https:\/\/www.tourismus.dachau.de\/#\/schema\/logo\/image\/\",\"url\":\"\",\"contentUrl\":\"\",\"caption\":\"Dachau Tourismus\"},\"image\":{\"@id\":\"https:\/\/www.tourismus.dachau.de\/#\/schema\/logo\/image\/\"}}]}<\/script>\n<!-- \/ Yoast SEO plugin. -->","yoast_head_json":{"title":"Impressum - Dachau Tourismus","robots":{"index":"index","follow":"follow","max-snippet":"max-snippet:-1","max-image-preview":"max-image-preview:large","max-video-preview":"max-video-preview:-1"},"canonical":"https:\/\/www.tourismus.dachau.de\/en\/impressum\/","og_locale":"en_US","og_type":"article","og_title":"Impressum - Dachau Tourismus","og_description":"Kombinationsimpressum (Anbieterkennzeichnung)Anbieter und somit verantwortlich f\u00fcr das kommerzielle und gesch\u00e4ftsm\u00e4\u00dfige Onlineangebot ist die Gro\u00dfe Kreisstadt Dachau, vertreten durch den Oberb\u00fcrgermeister Florian Hartmann. \u00a0 Informationen gem\u00e4\u00df \u00a7 2 Absatz 1 Dienstleistungs-Informationspflichten-Verordnung (DL-InfoV)Dieses Onlineangebot ist ein Informationsangebot der Gro\u00dfen Kreisstadt DachauKonrad-Adenauer-Stra\u00dfe 2-6D-85221 DachauGERMANY E-Mail:\u00a0stadt@dachau.deDe-Mail-Adresse:\u00a0info@dachau.de-mail.deWeb:\u00a0www.dachau.deTelefon: +49 8131 75-0Telefax: +49 8131 75-44299 Zust\u00e4ndiges Amtsgericht: DachauRechtsform: K\u00f6rperschaft des \u00f6ffentlichen Rechts [&hellip;]","og_url":"https:\/\/www.tourismus.dachau.de\/en\/impressum\/","og_site_name":"Dachau Tourismus","article_modified_time":"2025-04-23T19:31:34+00:00","twitter_card":"summary_large_image","twitter_misc":{"Est. reading time":"2 minutes"},"schema":{"@context":"https:\/\/schema.org","@graph":[{"@type":"WebPage","@id":"https:\/\/www.tourismus.dachau.de\/impressum\/","url":"https:\/\/www.tourismus.dachau.de\/impressum\/","name":"Impressum - Dachau Tourismus","isPartOf":{"@id":"https:\/\/www.tourismus.dachau.de\/#website"},"datePublished":"2024-02-25T11:06:51+00:00","dateModified":"2025-04-23T19:31:34+00:00","breadcrumb":{"@id":"https:\/\/www.tourismus.dachau.de\/impressum\/#breadcrumb"},"inLanguage":"en-US","potentialAction":[{"@type":"ReadAction","target":["https:\/\/www.tourismus.dachau.de\/impressum\/"]}]},{"@type":"BreadcrumbList","@id":"https:\/\/www.tourismus.dachau.de\/impressum\/#breadcrumb","itemListElement":[{"@type":"ListItem","position":1,"name":"Startseite","item":"https:\/\/www.tourismus.dachau.de\/"},{"@type":"ListItem","position":2,"name":"Impressum"}]},{"@type":"WebSite","@id":"https:\/\/www.tourismus.dachau.de\/#website","url":"https:\/\/www.tourismus.dachau.de\/","name":"Dachau Tourism","description":"We look forward to your visit to our website.","publisher":{"@id":"https:\/\/www.tourismus.dachau.de\/#organization"},"potentialAction":[{"@type":"SearchAction","target":{"@type":"EntryPoint","urlTemplate":"https:\/\/www.tourismus.dachau.de\/?s={search_term_string}"},"query-input":{"@type":"PropertyValueSpecification","valueRequired":true,"valueName":"search_term_string"}}],"inLanguage":"en-US"},{"@type":"Organization","@id":"https:\/\/www.tourismus.dachau.de\/#organization","name":"Dachau Tourism","url":"https:\/\/www.tourismus.dachau.de\/","logo":{"@type":"ImageObject","inLanguage":"en-US","@id":"https:\/\/www.tourismus.dachau.de\/#\/schema\/logo\/image\/","url":"","contentUrl":"","caption":"Dachau Tourismus"},"image":{"@id":"https:\/\/www.tourismus.dachau.de\/#\/schema\/logo\/image\/"}}]}},"_links":{"self":[{"href":"https:\/\/www.tourismus.dachau.de\/en\/wp-json\/wp\/v2\/pages\/30555","targetHints":{"allow":["GET"]}}],"collection":[{"href":"https:\/\/www.tourismus.dachau.de\/en\/wp-json\/wp\/v2\/pages"}],"about":[{"href":"https:\/\/www.tourismus.dachau.de\/en\/wp-json\/wp\/v2\/types\/page"}],"author":[{"embeddable":true,"href":"https:\/\/www.tourismus.dachau.de\/en\/wp-json\/wp\/v2\/users\/12"}],"replies":[{"embeddable":true,"href":"https:\/\/www.tourismus.dachau.de\/en\/wp-json\/wp\/v2\/comments?post=30555"}],"version-history":[{"count":10,"href":"https:\/\/www.tourismus.dachau.de\/en\/wp-json\/wp\/v2\/pages\/30555\/revisions"}],"predecessor-version":[{"id":46880,"href":"https:\/\/www.tourismus.dachau.de\/en\/wp-json\/wp\/v2\/pages\/30555\/revisions\/46880"}],"wp:attachment":[{"href":"https:\/\/www.tourismus.dachau.de\/en\/wp-json\/wp\/v2\/media?parent=30555"}],"wp:term":[{"taxonomy":"category","embeddable":true,"href":"https:\/\/www.tourismus.dachau.de\/en\/wp-json\/wp\/v2\/categories?post=30555"},{"taxonomy":"post_tag","embeddable":true,"href":"https:\/\/www.tourismus.dachau.de\/en\/wp-json\/wp\/v2\/tags?post=30555"}],"curies":[{"name":"wp","href":"https:\/\/api.w.org\/{rel}","templated":true}]}}