{"id":48813,"date":"2025-11-04T09:50:35","date_gmt":"2025-11-04T08:50:35","guid":{"rendered":"https:\/\/www.tourismus.dachau.de\/?page_id=48813"},"modified":"2026-01-05T13:58:01","modified_gmt":"2026-01-05T12:58:01","slug":"newsletter","status":"publish","type":"page","link":"https:\/\/www.tourismus.dachau.de\/en\/newsletter\/","title":{"rendered":"Newsletter"},"content":{"rendered":"<div data-elementor-type=\"wp-page\" data-elementor-id=\"48813\" class=\"elementor elementor-48813\" data-elementor-post-type=\"page\">\n\t\t\t\t<div class=\"elementor-element elementor-element-42eec5e elementor-repeater-item-ang_container_padding_3 e-flex e-con-boxed sk-none elementor-repeater-item-none elementor-repeater-item-none_hover e-con e-parent\" data-id=\"42eec5e\" data-element_type=\"container\" data-settings=\"{&quot;jet_parallax_layout_list&quot;:[],&quot;background_background&quot;:&quot;classic&quot;,&quot;ang_container_spacing_size&quot;:&quot;ang_container_padding_3&quot;}\">\n\t\t\t\t\t<div class=\"e-con-inner\">\n\t\t<div class=\"elementor-element elementor-element-bc8aaf3 e-con-full elementor-repeater-item-ang_container_padding_4 e-flex sk-none elementor-repeater-item-none elementor-repeater-item-none_hover elementor-invisible e-con e-child\" data-id=\"bc8aaf3\" data-element_type=\"container\" data-settings=\"{&quot;ang_container_spacing_size&quot;:&quot;ang_container_padding_4&quot;,&quot;background_background&quot;:&quot;classic&quot;,&quot;jet_parallax_layout_list&quot;:[],&quot;animation&quot;:&quot;fadeInLeft&quot;}\">\n\t\t<div class=\"elementor-element elementor-element-4d6573b e-con-full elementor-repeater-item-none_hover e-flex elementor-repeater-item-default_padding elementor-repeater-item-none e-con e-child\" data-id=\"4d6573b\" data-element_type=\"container\" data-settings=\"{&quot;jet_parallax_layout_list&quot;:[],&quot;ang_container_spacing_size&quot;:&quot;default_padding&quot;}\">\n\t\t\t\t<div class=\"elementor-element elementor-element-c256956 elementor-repeater-item-none elementor-repeater-item-none_hover elementor-widget elementor-widget-heading\" data-id=\"c256956\" data-element_type=\"widget\" data-widget_type=\"heading.default\">\n\t\t\t\t<div class=\"elementor-widget-container\">\n\t\t\t\t\t<h2 class=\"elementor-heading-title elementor-size-default\">Stay up to date with our <span style=\"font-family: Kalam, sans-serif;letter-spacing: -0.2px\">Tourism <\/span><span style=\"font-family: Kalam, sans-serif;letter-spacing: -0.2px\">Newsletter up to date<\/span><span style=\"font-family: Kalam, sans-serif;letter-spacing: -0.2px\"><\/span><br><\/h2>\t\t\t\t<\/div>\n\t\t\t\t<\/div>\n\t\t\t\t<div class=\"elementor-element elementor-element-c0962b9 elementor-widget__width-inherit elementor-repeater-item-none elementor-repeater-item-none_hover elementor-widget elementor-widget-text-editor\" data-id=\"c0962b9\" data-element_type=\"widget\" data-widget_type=\"text-editor.default\">\n\t\t\t\t<div class=\"elementor-widget-container\">\n\t\t\t\t\t\t\t\t\t<p data-start=\"71\" data-end=\"245\"><strong data-start=\"71\" data-end=\"139\">Always know what there is to see in Dachau - straight to your inbox!<\/strong><br data-start=\"139\" data-end=\"142\" \/>With the <em data-start=\"150\" data-end=\"171\">Dachau Tourism Newsletter<\/em> you will regularly receive the most exciting news from our city:<\/p><ul data-start=\"246\" data-end=\"452\"><li data-start=\"246\" data-end=\"313\"><p data-start=\"248\" data-end=\"313\">Tips on events, excursions and current exhibitions<\/p><\/li><li data-start=\"314\" data-end=\"384\"><p data-start=\"316\" data-end=\"384\">Highlights of the seasons: the Christmas market, the music summer and the Dachau folk festival<\/p><\/li><li data-start=\"385\" data-end=\"452\"><p data-start=\"387\" data-end=\"452\">Interesting and inspiring facts from the art and culture scene<\/p><\/li><\/ul><p data-start=\"454\" data-end=\"545\"><strong data-start=\"454\" data-end=\"543\">Don't miss a thing - register now for free!<\/strong><\/p><p data-start=\"547\" data-end=\"581\">\ud83d\udc49 <em data-start=\"550\" data-end=\"581\">Subscribe to the tourism newsletter here.<\/em><\/p>\t\t\t\t\t\t\t\t<\/div>\n\t\t\t\t<\/div>\n\t\t\t\t<\/div>\n\t\t<div class=\"elementor-element elementor-element-071c515 e-con-full elementor-repeater-item-ang_container_no_padding e-flex sk-none elementor-repeater-item-none elementor-repeater-item-none_hover e-con e-child\" data-id=\"071c515\" data-element_type=\"container\" data-settings=\"{&quot;jet_parallax_layout_list&quot;:[],&quot;ang_container_spacing_size&quot;:&quot;ang_container_no_padding&quot;,&quot;background_background&quot;:&quot;classic&quot;}\">\n\t\t\t\t<div class=\"elementor-element elementor-element-d82fe8e elementor-repeater-item-none elementor-repeater-item-none_hover elementor-widget elementor-widget-heading\" data-id=\"d82fe8e\" data-element_type=\"widget\" data-widget_type=\"heading.default\">\n\t\t\t\t<div class=\"elementor-widget-container\">\n\t\t\t\t\t<h5 class=\"elementor-heading-title elementor-size-default\">Subscribe to the tourism newsletter now<\/h5>\t\t\t\t<\/div>\n\t\t\t\t<\/div>\n\t\t\t\t<div class=\"elementor-element elementor-element-9e4166f elementor-repeater-item-none elementor-repeater-item-none_hover elementor-widget elementor-widget-shortcode\" data-id=\"9e4166f\" data-element_type=\"widget\" data-widget_type=\"shortcode.default\">\n\t\t\t\t<div class=\"elementor-widget-container\">\n\t\t\t\t\t\t\t<div class=\"elementor-shortcode\"><div class=\"tnp tnp-subscription\">\n<form method=\"post\" action=\"https:\/\/www.tourismus.dachau.de\/wp-admin\/admin-ajax.php?action=tnp&amp;na=s\">\n<input type=\"hidden\" name=\"nlang\" value=\"\">\n<div class=\"tnp-field tnp-field-firstname\"><label for=\"tnp-1\">First name<\/label>\n<input class=\"tnp-name\" type=\"text\" name=\"nn\" id=\"tnp-1\" value=\"\" placeholder=\"\"><\/div>\n<div class=\"tnp-field tnp-field-email\"><label for=\"tnp-2\">Email<\/label>\n<input class=\"tnp-email\" type=\"email\" name=\"ne\" id=\"tnp-2\" value=\"\" placeholder=\"\" required><\/div>\n<div class=\"tnp-field tnp-privacy-field\"><label><input type=\"checkbox\" name=\"ny\" required class=\"tnp-privacy\"> <a target=\"_blank\" href=\"https:\/\/www.tourismus.dachau.de\/en\/datenschutz\/\">I accept the privacy policy<\/a><\/label><\/div><div class=\"tnp-field tnp-field-button\" style=\"text-align: left\"><input class=\"tnp-submit\" type=\"submit\" value=\"Subscribe\" style=\"\">\n<\/div>\n<\/form>\n<\/div>\n<\/div>\n\t\t\t\t\t\t<\/div>\n\t\t\t\t<\/div>\n\t\t\t\t<\/div>\n\t\t\t\t<\/div>\n\t\t\t\t\t<\/div>\n\t\t\t\t<\/div>\n\t\t\t\t<\/div>","protected":false},"excerpt":{"rendered":"<p>Bleiben Sie mit unserem Tourismus Newsletter auf dem Laufenden Immer wissen, was es in Dachau zu sehen gibt \u2013 direkt in Ihrem Postfach!Mit dem Dachauer Tourismus Newsletter erhalten Sie regelm\u00e4\u00dfig die spannendsten Neuigkeiten aus unserer Stadt: Tipps zu Veranstaltungen, Ausfl\u00fcgen und aktuellen Ausstellungen Highlights der Jahreszeiten: zum Christkindlmarkt, dem Musiksommer und dem Dachauer Volksfest Interessantes [&hellip;]<\/p>","protected":false},"author":12,"featured_media":0,"parent":0,"menu_order":0,"comment_status":"closed","ping_status":"closed","template":"","meta":{"iawp_total_views":256,"footnotes":""},"categories":[],"tags":[],"class_list":["post-48813","page","type-page","status-publish","hentry"],"yoast_head":"<!-- This site is optimized with the Yoast SEO plugin v26.5 - https:\/\/yoast.com\/wordpress\/plugins\/seo\/ -->\n<title>Newsletter - Dachau Tourismus<\/title>\n<meta name=\"robots\" content=\"index, follow, max-snippet:-1, max-image-preview:large, max-video-preview:-1\" \/>\n<link rel=\"canonical\" href=\"https:\/\/www.tourismus.dachau.de\/en\/newsletter\/\" \/>\n<meta property=\"og:locale\" content=\"en_US\" \/>\n<meta property=\"og:type\" content=\"article\" \/>\n<meta property=\"og:title\" content=\"Newsletter - Dachau Tourismus\" \/>\n<meta property=\"og:description\" content=\"Bleiben Sie mit unserem Tourismus Newsletter auf dem Laufenden Immer wissen, was es in Dachau zu sehen gibt \u2013 direkt in Ihrem Postfach!Mit dem Dachauer Tourismus Newsletter erhalten Sie regelm\u00e4\u00dfig die spannendsten Neuigkeiten aus unserer Stadt: Tipps zu Veranstaltungen, Ausfl\u00fcgen und aktuellen Ausstellungen Highlights der Jahreszeiten: zum Christkindlmarkt, dem Musiksommer und dem Dachauer Volksfest Interessantes [&hellip;]\" \/>\n<meta property=\"og:url\" content=\"https:\/\/www.tourismus.dachau.de\/en\/newsletter\/\" \/>\n<meta property=\"og:site_name\" content=\"Dachau Tourismus\" \/>\n<meta property=\"article:modified_time\" content=\"2026-01-05T12:58:01+00:00\" \/>\n<meta name=\"twitter:card\" content=\"summary_large_image\" \/>\n<meta name=\"twitter:label1\" content=\"Est. reading time\" \/>\n\t<meta name=\"twitter:data1\" content=\"1 minute\" \/>\n<script type=\"application\/ld+json\" class=\"yoast-schema-graph\">{\"@context\":\"https:\/\/schema.org\",\"@graph\":[{\"@type\":\"WebPage\",\"@id\":\"https:\/\/www.tourismus.dachau.de\/newsletter\/\",\"url\":\"https:\/\/www.tourismus.dachau.de\/newsletter\/\",\"name\":\"Newsletter - Dachau Tourismus\",\"isPartOf\":{\"@id\":\"https:\/\/www.tourismus.dachau.de\/#website\"},\"datePublished\":\"2025-11-04T08:50:35+00:00\",\"dateModified\":\"2026-01-05T12:58:01+00:00\",\"breadcrumb\":{\"@id\":\"https:\/\/www.tourismus.dachau.de\/newsletter\/#breadcrumb\"},\"inLanguage\":\"en-US\",\"potentialAction\":[{\"@type\":\"ReadAction\",\"target\":[\"https:\/\/www.tourismus.dachau.de\/newsletter\/\"]}]},{\"@type\":\"BreadcrumbList\",\"@id\":\"https:\/\/www.tourismus.dachau.de\/newsletter\/#breadcrumb\",\"itemListElement\":[{\"@type\":\"ListItem\",\"position\":1,\"name\":\"Startseite\",\"item\":\"https:\/\/www.tourismus.dachau.de\/\"},{\"@type\":\"ListItem\",\"position\":2,\"name\":\"Newsletter\"}]},{\"@type\":\"WebSite\",\"@id\":\"https:\/\/www.tourismus.dachau.de\/#website\",\"url\":\"https:\/\/www.tourismus.dachau.de\/\",\"name\":\"Dachau Tourismus\",\"description\":\"Wir freuen uns \u00fcber Ihren Besuch auf unserer Website.\",\"publisher\":{\"@id\":\"https:\/\/www.tourismus.dachau.de\/#organization\"},\"potentialAction\":[{\"@type\":\"SearchAction\",\"target\":{\"@type\":\"EntryPoint\",\"urlTemplate\":\"https:\/\/www.tourismus.dachau.de\/?s={search_term_string}\"},\"query-input\":{\"@type\":\"PropertyValueSpecification\",\"valueRequired\":true,\"valueName\":\"search_term_string\"}}],\"inLanguage\":\"en-US\"},{\"@type\":\"Organization\",\"@id\":\"https:\/\/www.tourismus.dachau.de\/#organization\",\"name\":\"Dachau Tourismus\",\"url\":\"https:\/\/www.tourismus.dachau.de\/\",\"logo\":{\"@type\":\"ImageObject\",\"inLanguage\":\"en-US\",\"@id\":\"https:\/\/www.tourismus.dachau.de\/#\/schema\/logo\/image\/\",\"url\":\"\",\"contentUrl\":\"\",\"caption\":\"Dachau Tourismus\"},\"image\":{\"@id\":\"https:\/\/www.tourismus.dachau.de\/#\/schema\/logo\/image\/\"}}]}<\/script>\n<!-- \/ Yoast SEO plugin. -->","yoast_head_json":{"title":"Newsletter - Dachau Tourismus","robots":{"index":"index","follow":"follow","max-snippet":"max-snippet:-1","max-image-preview":"max-image-preview:large","max-video-preview":"max-video-preview:-1"},"canonical":"https:\/\/www.tourismus.dachau.de\/en\/newsletter\/","og_locale":"en_US","og_type":"article","og_title":"Newsletter - Dachau Tourismus","og_description":"Bleiben Sie mit unserem Tourismus Newsletter auf dem Laufenden Immer wissen, was es in Dachau zu sehen gibt \u2013 direkt in Ihrem Postfach!Mit dem Dachauer Tourismus Newsletter erhalten Sie regelm\u00e4\u00dfig die spannendsten Neuigkeiten aus unserer Stadt: Tipps zu Veranstaltungen, Ausfl\u00fcgen und aktuellen Ausstellungen Highlights der Jahreszeiten: zum Christkindlmarkt, dem Musiksommer und dem Dachauer Volksfest Interessantes [&hellip;]","og_url":"https:\/\/www.tourismus.dachau.de\/en\/newsletter\/","og_site_name":"Dachau Tourismus","article_modified_time":"2026-01-05T12:58:01+00:00","twitter_card":"summary_large_image","twitter_misc":{"Est. reading time":"1 minute"},"schema":{"@context":"https:\/\/schema.org","@graph":[{"@type":"WebPage","@id":"https:\/\/www.tourismus.dachau.de\/newsletter\/","url":"https:\/\/www.tourismus.dachau.de\/newsletter\/","name":"Newsletter - Dachau Tourismus","isPartOf":{"@id":"https:\/\/www.tourismus.dachau.de\/#website"},"datePublished":"2025-11-04T08:50:35+00:00","dateModified":"2026-01-05T12:58:01+00:00","breadcrumb":{"@id":"https:\/\/www.tourismus.dachau.de\/newsletter\/#breadcrumb"},"inLanguage":"en-US","potentialAction":[{"@type":"ReadAction","target":["https:\/\/www.tourismus.dachau.de\/newsletter\/"]}]},{"@type":"BreadcrumbList","@id":"https:\/\/www.tourismus.dachau.de\/newsletter\/#breadcrumb","itemListElement":[{"@type":"ListItem","position":1,"name":"Startseite","item":"https:\/\/www.tourismus.dachau.de\/"},{"@type":"ListItem","position":2,"name":"Newsletter"}]},{"@type":"WebSite","@id":"https:\/\/www.tourismus.dachau.de\/#website","url":"https:\/\/www.tourismus.dachau.de\/","name":"Dachau Tourism","description":"We look forward to your visit to our website.","publisher":{"@id":"https:\/\/www.tourismus.dachau.de\/#organization"},"potentialAction":[{"@type":"SearchAction","target":{"@type":"EntryPoint","urlTemplate":"https:\/\/www.tourismus.dachau.de\/?s={search_term_string}"},"query-input":{"@type":"PropertyValueSpecification","valueRequired":true,"valueName":"search_term_string"}}],"inLanguage":"en-US"},{"@type":"Organization","@id":"https:\/\/www.tourismus.dachau.de\/#organization","name":"Dachau Tourism","url":"https:\/\/www.tourismus.dachau.de\/","logo":{"@type":"ImageObject","inLanguage":"en-US","@id":"https:\/\/www.tourismus.dachau.de\/#\/schema\/logo\/image\/","url":"","contentUrl":"","caption":"Dachau Tourismus"},"image":{"@id":"https:\/\/www.tourismus.dachau.de\/#\/schema\/logo\/image\/"}}]}},"_links":{"self":[{"href":"https:\/\/www.tourismus.dachau.de\/en\/wp-json\/wp\/v2\/pages\/48813","targetHints":{"allow":["GET"]}}],"collection":[{"href":"https:\/\/www.tourismus.dachau.de\/en\/wp-json\/wp\/v2\/pages"}],"about":[{"href":"https:\/\/www.tourismus.dachau.de\/en\/wp-json\/wp\/v2\/types\/page"}],"author":[{"embeddable":true,"href":"https:\/\/www.tourismus.dachau.de\/en\/wp-json\/wp\/v2\/users\/12"}],"replies":[{"embeddable":true,"href":"https:\/\/www.tourismus.dachau.de\/en\/wp-json\/wp\/v2\/comments?post=48813"}],"version-history":[{"count":10,"href":"https:\/\/www.tourismus.dachau.de\/en\/wp-json\/wp\/v2\/pages\/48813\/revisions"}],"predecessor-version":[{"id":51754,"href":"https:\/\/www.tourismus.dachau.de\/en\/wp-json\/wp\/v2\/pages\/48813\/revisions\/51754"}],"wp:attachment":[{"href":"https:\/\/www.tourismus.dachau.de\/en\/wp-json\/wp\/v2\/media?parent=48813"}],"wp:term":[{"taxonomy":"category","embeddable":true,"href":"https:\/\/www.tourismus.dachau.de\/en\/wp-json\/wp\/v2\/categories?post=48813"},{"taxonomy":"post_tag","embeddable":true,"href":"https:\/\/www.tourismus.dachau.de\/en\/wp-json\/wp\/v2\/tags?post=48813"}],"curies":[{"name":"wp","href":"https:\/\/api.w.org\/{rel}","templated":true}]}}