{"id":50416,"date":"2025-11-25T11:26:48","date_gmt":"2025-11-25T10:26:48","guid":{"rendered":"https:\/\/www.tourismus.dachau.de\/?page_id=50416"},"modified":"2025-12-11T12:30:10","modified_gmt":"2025-12-11T11:30:10","slug":"kunstlerweg-uebersicht","status":"publish","type":"page","link":"https:\/\/www.tourismus.dachau.de\/en\/kunstlerweg-uebersicht\/","title":{"rendered":"Artists' Trail Dachau"},"content":{"rendered":"<div data-elementor-type=\"wp-page\" data-elementor-id=\"50416\" class=\"elementor elementor-50416\" data-elementor-post-type=\"page\">\n\t\t\t\t<div class=\"elementor-element elementor-element-4fff753 elementor-repeater-item-ang_container_padding_3 sk-dark-bg e-flex e-con-boxed elementor-repeater-item-none elementor-repeater-item-none_hover e-con e-parent\" data-id=\"4fff753\" data-element_type=\"container\" data-settings=\"{&quot;jet_parallax_layout_list&quot;:[],&quot;background_background&quot;:&quot;classic&quot;,&quot;ang_container_spacing_size&quot;:&quot;ang_container_padding_3&quot;}\">\n\t\t\t\t\t<div class=\"e-con-inner\">\n\t\t<div class=\"elementor-element elementor-element-24de056 e-con-full elementor-repeater-item-ang_container_padding_4 e-flex sk-none elementor-repeater-item-none elementor-repeater-item-none_hover e-con e-child\" data-id=\"24de056\" data-element_type=\"container\" data-settings=\"{&quot;jet_parallax_layout_list&quot;:[],&quot;background_background&quot;:&quot;classic&quot;,&quot;ang_container_spacing_size&quot;:&quot;ang_container_padding_4&quot;}\">\n\t\t<div class=\"elementor-element elementor-element-ac07ed8 e-con-full e-flex elementor-repeater-item-default_padding sk-none elementor-repeater-item-none elementor-repeater-item-none_hover e-con e-child\" data-id=\"ac07ed8\" data-element_type=\"container\" data-settings=\"{&quot;background_background&quot;:&quot;classic&quot;,&quot;jet_parallax_layout_list&quot;:[],&quot;ang_container_spacing_size&quot;:&quot;default_padding&quot;}\">\n\t\t\t\t<div class=\"elementor-element elementor-element-635875d elementor-widget-divider--view-line elementor-repeater-item-none elementor-repeater-item-none_hover elementor-widget elementor-widget-divider\" data-id=\"635875d\" data-element_type=\"widget\" data-widget_type=\"divider.default\">\n\t\t\t\t<div class=\"elementor-widget-container\">\n\t\t\t\t\t\t\t<div class=\"elementor-divider\">\n\t\t\t<span class=\"elementor-divider-separator\">\n\t\t\t\t\t\t<\/span>\n\t\t<\/div>\n\t\t\t\t\t\t<\/div>\n\t\t\t\t<\/div>\n\t\t\t\t<div class=\"elementor-element elementor-element-34183bf elementor-widget__width-inherit elementor-repeater-item-none elementor-repeater-item-none_hover elementor-widget elementor-widget-heading\" data-id=\"34183bf\" data-element_type=\"widget\" data-widget_type=\"heading.default\">\n\t\t\t\t<div class=\"elementor-widget-container\">\n\t\t\t\t\t<h2 class=\"elementor-heading-title elementor-size-default\">The Dachau Artists' Trail<\/h2>\t\t\t\t<\/div>\n\t\t\t\t<\/div>\n\t\t\t\t<div class=\"elementor-element elementor-element-0ac59cb elementor-repeater-item-none elementor-repeater-item-none_hover elementor-widget elementor-widget-text-editor\" data-id=\"0ac59cb\" data-element_type=\"widget\" data-widget_type=\"text-editor.default\">\n\t\t\t\t<div class=\"elementor-widget-container\">\n\t\t\t\t\t\t\t\t\t<p>Following in the footsteps of artists from the time of the artists' colony - this is possible on two circular routes in Dachau: one artists' trail loop leads through the old town and along the Amper, a second through the Etzenhausen district, a former branch of the Dachau artists' colony. Information boards along the trail provide information about the artist, his work and the location. Flyers with directions are available from the Tourist Information or <a href=\"\/en\/prospekte\/\">here<\/a> available.<\/p>\t\t\t\t\t\t\t\t<\/div>\n\t\t\t\t<\/div>\n\t\t\t\t<\/div>\n\t\t\t\t<\/div>\n\t\t\t\t\t<\/div>\n\t\t\t\t<\/div>\n\t\t<div class=\"elementor-element elementor-element-dde2e89 elementor-repeater-item-ang_container_padding_3 e-flex e-con-boxed sk-none elementor-repeater-item-none elementor-repeater-item-none_hover e-con e-parent\" data-id=\"dde2e89\" data-element_type=\"container\" data-settings=\"{&quot;jet_parallax_layout_list&quot;:[],&quot;background_background&quot;:&quot;classic&quot;,&quot;ang_container_spacing_size&quot;:&quot;ang_container_padding_3&quot;}\">\n\t\t\t\t\t<div class=\"e-con-inner\">\n\t\t<div class=\"elementor-element elementor-element-e9bf326 elementor-repeater-item-shadow_2 e-con-full elementor-repeater-item-ang_container_padding_5 sk-light-bg e-flex elementor-repeater-item-none_hover e-con e-child\" data-id=\"e9bf326\" data-element_type=\"container\" data-settings=\"{&quot;jet_parallax_layout_list&quot;:[],&quot;background_background&quot;:&quot;classic&quot;,&quot;ang_container_spacing_size&quot;:&quot;ang_container_padding_5&quot;}\">\n\t\t\t\t<div class=\"elementor-element elementor-element-f46a838 elementor-widget__width-initial external_elementor-repeater-item-none_external elementor-repeater-item-none elementor-repeater-item-none_hover elementor-widget elementor-widget-image\" data-id=\"f46a838\" data-element_type=\"widget\" data-widget_type=\"image.default\">\n\t\t\t\t<div class=\"elementor-widget-container\">\n\t\t\t\t\t\t\t\t\t\t\t\t\t\t\t<img fetchpriority=\"high\" decoding=\"async\" width=\"800\" height=\"600\" src=\"https:\/\/www.tourismus.dachau.de\/wp-content\/uploads\/2025\/11\/Kuenstlerweg_Lehmann_Karlsberg_mittag3-1024x768.jpg\" class=\"attachment-large size-large wp-image-49389\" alt=\"\" srcset=\"https:\/\/www.tourismus.dachau.de\/wp-content\/uploads\/2025\/11\/Kuenstlerweg_Lehmann_Karlsberg_mittag3-1024x768.jpg 1024w, https:\/\/www.tourismus.dachau.de\/wp-content\/uploads\/2025\/11\/Kuenstlerweg_Lehmann_Karlsberg_mittag3-300x225.jpg 300w, https:\/\/www.tourismus.dachau.de\/wp-content\/uploads\/2025\/11\/Kuenstlerweg_Lehmann_Karlsberg_mittag3-768x576.jpg 768w, https:\/\/www.tourismus.dachau.de\/wp-content\/uploads\/2025\/11\/Kuenstlerweg_Lehmann_Karlsberg_mittag3-1536x1152.jpg 1536w, https:\/\/www.tourismus.dachau.de\/wp-content\/uploads\/2025\/11\/Kuenstlerweg_Lehmann_Karlsberg_mittag3-scaled.jpg 2048w, https:\/\/www.tourismus.dachau.de\/wp-content\/uploads\/2025\/11\/Kuenstlerweg_Lehmann_Karlsberg_mittag3-16x12.jpg 16w\" sizes=\"(max-width: 800px) 100vw, 800px\" \/>\t\t\t\t\t\t\t\t\t\t\t\t\t\t\t<\/div>\n\t\t\t\t<\/div>\n\t\t<div class=\"elementor-element elementor-element-b2ef9b5 e-con-full e-flex elementor-repeater-item-default_padding sk-none elementor-repeater-item-none elementor-repeater-item-none_hover e-con e-child\" data-id=\"b2ef9b5\" data-element_type=\"container\" data-settings=\"{&quot;background_background&quot;:&quot;classic&quot;,&quot;jet_parallax_layout_list&quot;:[],&quot;ang_container_spacing_size&quot;:&quot;default_padding&quot;}\">\n\t\t\t\t<div class=\"elementor-element elementor-element-abb443d elementor-widget__width-inherit elementor-repeater-item-none elementor-repeater-item-none_hover elementor-widget elementor-widget-heading\" data-id=\"abb443d\" data-element_type=\"widget\" data-widget_type=\"heading.default\">\n\t\t\t\t<div class=\"elementor-widget-container\">\n\t\t\t\t\t<h2 class=\"elementor-heading-title elementor-size-default\">Artists' Trail Dachau Old Town &amp; Amper<\/h2>\t\t\t\t<\/div>\n\t\t\t\t<\/div>\n\t\t\t\t<\/div>\n\t\t\t\t<div class=\"elementor-element elementor-element-4509f95 elementor-widget__width-inherit hover-grow elementor-icon-list--layout-traditional elementor-list-item-link-full_width elementor-repeater-item-none elementor-repeater-item-none_hover elementor-widget elementor-widget-icon-list\" data-id=\"4509f95\" data-element_type=\"widget\" data-widget_type=\"icon-list.default\">\n\t\t\t\t<div class=\"elementor-widget-container\">\n\t\t\t\t\t\t\t<ul class=\"elementor-icon-list-items\">\n\t\t\t\t\t\t\t<li class=\"elementor-icon-list-item\">\n\t\t\t\t\t\t\t\t\t\t\t<a href=\"https:\/\/www.tourismus.dachau.de\/en\/kuenstlerweg\/\" target=\"_blank\">\n\n\t\t\t\t\t\t\t\t\t\t\t\t<span class=\"elementor-icon-list-icon\">\n\t\t\t\t\t\t\t<svg aria-hidden=\"true\" class=\"e-font-icon-svg e-fas-external-link-square-alt\" viewbox=\"0 0 448 512\" xmlns=\"http:\/\/www.w3.org\/2000\/svg\"><path d=\"M448 80v352c0 26.51-21.49 48-48 48H48c-26.51 0-48-21.49-48-48V80c0-26.51 21.49-48 48-48h352c26.51 0 48 21.49 48 48zm-88 16H248.029c-21.313 0-32.08 25.861-16.971 40.971l31.984 31.987L67.515 364.485c-4.686 4.686-4.686 12.284 0 16.971l31.029 31.029c4.687 4.686 12.285 4.686 16.971 0l195.526-195.526 31.988 31.991C358.058 263.977 384 253.425 384 231.979V120c0-13.255-10.745-24-24-24z\"><\/path><\/svg>\t\t\t\t\t\t<\/span>\n\t\t\t\t\t\t\t\t\t\t<span class=\"elementor-icon-list-text\">Circular trail with 18 stations <\/span>\n\t\t\t\t\t\t\t\t\t\t\t<\/a>\n\t\t\t\t\t\t\t\t\t<\/li>\n\t\t\t\t\t\t<\/ul>\n\t\t\t\t\t\t<\/div>\n\t\t\t\t<\/div>\n\t\t\t\t<\/div>\n\t\t<div class=\"elementor-element elementor-element-8182707 elementor-repeater-item-shadow_2 e-con-full elementor-repeater-item-ang_container_padding_5 sk-light-bg e-flex elementor-repeater-item-none_hover e-con e-child\" data-id=\"8182707\" data-element_type=\"container\" data-settings=\"{&quot;jet_parallax_layout_list&quot;:[],&quot;background_background&quot;:&quot;classic&quot;,&quot;ang_container_spacing_size&quot;:&quot;ang_container_padding_5&quot;}\">\n\t\t\t\t<div class=\"elementor-element elementor-element-6411153 elementor-widget__width-initial external_elementor-repeater-item-none_external elementor-repeater-item-none elementor-repeater-item-none_hover elementor-widget elementor-widget-image\" data-id=\"6411153\" data-element_type=\"widget\" data-widget_type=\"image.default\">\n\t\t\t\t<div class=\"elementor-widget-container\">\n\t\t\t\t\t\t\t\t\t\t\t\t\t\t\t<img decoding=\"async\" width=\"800\" height=\"600\" src=\"https:\/\/www.tourismus.dachau.de\/wp-content\/uploads\/2025\/11\/Kuenstlerweg_Etzenhausen_Stele3.jpg_compressed-1024x768.jpeg\" class=\"attachment-large size-large wp-image-49318\" alt=\"Im Vordergrund angeschnitten eine Metallstele des K\u00fcnstlerwegs Etzenhausen, dahinter die aktuelle Ortsansicht von Steinkirchen.\" srcset=\"https:\/\/www.tourismus.dachau.de\/wp-content\/uploads\/2025\/11\/Kuenstlerweg_Etzenhausen_Stele3.jpg_compressed-1024x768.jpeg 1024w, https:\/\/www.tourismus.dachau.de\/wp-content\/uploads\/2025\/11\/Kuenstlerweg_Etzenhausen_Stele3.jpg_compressed-300x225.jpeg 300w, https:\/\/www.tourismus.dachau.de\/wp-content\/uploads\/2025\/11\/Kuenstlerweg_Etzenhausen_Stele3.jpg_compressed-768x576.jpeg 768w, https:\/\/www.tourismus.dachau.de\/wp-content\/uploads\/2025\/11\/Kuenstlerweg_Etzenhausen_Stele3.jpg_compressed-1536x1152.jpeg 1536w, https:\/\/www.tourismus.dachau.de\/wp-content\/uploads\/2025\/11\/Kuenstlerweg_Etzenhausen_Stele3.jpg_compressed-16x12.jpeg 16w, https:\/\/www.tourismus.dachau.de\/wp-content\/uploads\/2025\/11\/Kuenstlerweg_Etzenhausen_Stele3.jpg_compressed.jpeg 1707w\" sizes=\"(max-width: 800px) 100vw, 800px\" \/>\t\t\t\t\t\t\t\t\t\t\t\t\t\t\t<\/div>\n\t\t\t\t<\/div>\n\t\t<div class=\"elementor-element elementor-element-dabc2b5 e-con-full e-flex elementor-repeater-item-default_padding sk-none elementor-repeater-item-none elementor-repeater-item-none_hover e-con e-child\" data-id=\"dabc2b5\" data-element_type=\"container\" data-settings=\"{&quot;background_background&quot;:&quot;classic&quot;,&quot;jet_parallax_layout_list&quot;:[],&quot;ang_container_spacing_size&quot;:&quot;default_padding&quot;}\">\n\t\t\t\t<div class=\"elementor-element elementor-element-d955b4c elementor-widget__width-inherit elementor-repeater-item-none elementor-repeater-item-none_hover elementor-widget elementor-widget-heading\" data-id=\"d955b4c\" data-element_type=\"widget\" data-widget_type=\"heading.default\">\n\t\t\t\t<div class=\"elementor-widget-container\">\n\t\t\t\t\t<h2 class=\"elementor-heading-title elementor-size-default\">Etzenhausen artists' trail<\/h2>\t\t\t\t<\/div>\n\t\t\t\t<\/div>\n\t\t\t\t<\/div>\n\t\t\t\t<div class=\"elementor-element elementor-element-f70cd09 elementor-widget__width-inherit hover-grow elementor-icon-list--layout-traditional elementor-list-item-link-full_width elementor-repeater-item-none elementor-repeater-item-none_hover elementor-widget elementor-widget-icon-list\" data-id=\"f70cd09\" data-element_type=\"widget\" data-widget_type=\"icon-list.default\">\n\t\t\t\t<div class=\"elementor-widget-container\">\n\t\t\t\t\t\t\t<ul class=\"elementor-icon-list-items\">\n\t\t\t\t\t\t\t<li class=\"elementor-icon-list-item\">\n\t\t\t\t\t\t\t\t\t\t\t<a href=\"https:\/\/www.tourismus.dachau.de\/en\/kuenstlerweg-etzenhausen\/\" target=\"_blank\">\n\n\t\t\t\t\t\t\t\t\t\t\t\t<span class=\"elementor-icon-list-icon\">\n\t\t\t\t\t\t\t<svg aria-hidden=\"true\" class=\"e-font-icon-svg e-fas-external-link-square-alt\" viewbox=\"0 0 448 512\" xmlns=\"http:\/\/www.w3.org\/2000\/svg\"><path d=\"M448 80v352c0 26.51-21.49 48-48 48H48c-26.51 0-48-21.49-48-48V80c0-26.51 21.49-48 48-48h352c26.51 0 48 21.49 48 48zm-88 16H248.029c-21.313 0-32.08 25.861-16.971 40.971l31.984 31.987L67.515 364.485c-4.686 4.686-4.686 12.284 0 16.971l31.029 31.029c4.687 4.686 12.285 4.686 16.971 0l195.526-195.526 31.988 31.991C358.058 263.977 384 253.425 384 231.979V120c0-13.255-10.745-24-24-24z\"><\/path><\/svg>\t\t\t\t\t\t<\/span>\n\t\t\t\t\t\t\t\t\t\t<span class=\"elementor-icon-list-text\">Circular trail with 17 stations<\/span>\n\t\t\t\t\t\t\t\t\t\t\t<\/a>\n\t\t\t\t\t\t\t\t\t<\/li>\n\t\t\t\t\t\t<\/ul>\n\t\t\t\t\t\t<\/div>\n\t\t\t\t<\/div>\n\t\t\t\t<\/div>\n\t\t\t\t\t<\/div>\n\t\t\t\t<\/div>\n\t\t\t\t<\/div>","protected":false},"excerpt":{"rendered":"<p>The Dachau Artists' Trail Following in the footsteps of artists from the time of the artists' colony - this is possible on two circular trails in Dachau: one loop of the Artists' Trail leads through the old town and along the Amper, a second through the Etzenhausen district, a former branch of the Dachau artists' colony. Information boards along the path provide information about the artist, his work and the location. [...]<\/p>","protected":false},"author":12,"featured_media":50800,"parent":0,"menu_order":0,"comment_status":"closed","ping_status":"closed","template":"","meta":{"iawp_total_views":991,"footnotes":""},"categories":[926],"tags":[],"class_list":["post-50416","page","type-page","status-publish","has-post-thumbnail","hentry","category-geiger-fertig"],"yoast_head":"<!-- This site is optimized with the Yoast SEO plugin v26.5 - https:\/\/yoast.com\/wordpress\/plugins\/seo\/ -->\n<title>K\u00fcnstlerweg Dachau - Dachau Tourismus<\/title>\n<meta name=\"robots\" content=\"index, follow, max-snippet:-1, max-image-preview:large, max-video-preview:-1\" \/>\n<link rel=\"canonical\" href=\"https:\/\/www.tourismus.dachau.de\/en\/kunstlerweg-uebersicht\/\" \/>\n<meta property=\"og:locale\" content=\"en_US\" \/>\n<meta property=\"og:type\" content=\"article\" \/>\n<meta property=\"og:title\" content=\"K\u00fcnstlerweg Dachau - Dachau Tourismus\" \/>\n<meta property=\"og:description\" content=\"Der K\u00fcnstlerweg Dachau Auf den Spuren der Kunstschaffenden aus der Zeit der K\u00fcnstlerkolonie &#8211; das ist in Dachau gleich auf zwei Rundwegen m\u00f6glich: eine K\u00fcnstlerweg-Schleife f\u00fchrt durch die Altstadt und entlang der Amper, eine zweite durch den Ortsteil Etzenhausen, einer fr\u00fcheren Filiation der K\u00fcnstlerkolonie Dachau. Tafeln entlang des Wegs informieren zu K\u00fcnstler, Werk und Standort. [&hellip;]\" \/>\n<meta property=\"og:url\" content=\"https:\/\/www.tourismus.dachau.de\/en\/kunstlerweg-uebersicht\/\" \/>\n<meta property=\"og:site_name\" content=\"Dachau Tourismus\" \/>\n<meta property=\"article:modified_time\" content=\"2025-12-11T11:30:10+00:00\" \/>\n<meta property=\"og:image\" content=\"https:\/\/www.tourismus.dachau.de\/wp-content\/uploads\/2025\/11\/kuenstlerweg_dill_quer_jorda.jpeg\" \/>\n\t<meta property=\"og:image:width\" content=\"1919\" \/>\n\t<meta property=\"og:image:height\" content=\"1280\" \/>\n\t<meta property=\"og:image:type\" content=\"image\/jpeg\" \/>\n<meta name=\"twitter:card\" content=\"summary_large_image\" \/>\n<meta name=\"twitter:label1\" content=\"Est. reading time\" \/>\n\t<meta name=\"twitter:data1\" content=\"1 minute\" \/>\n<script type=\"application\/ld+json\" class=\"yoast-schema-graph\">{\"@context\":\"https:\/\/schema.org\",\"@graph\":[{\"@type\":\"WebPage\",\"@id\":\"https:\/\/www.tourismus.dachau.de\/kunstlerweg-uebersicht\/\",\"url\":\"https:\/\/www.tourismus.dachau.de\/kunstlerweg-uebersicht\/\",\"name\":\"K\u00fcnstlerweg Dachau - Dachau Tourismus\",\"isPartOf\":{\"@id\":\"https:\/\/www.tourismus.dachau.de\/#website\"},\"primaryImageOfPage\":{\"@id\":\"https:\/\/www.tourismus.dachau.de\/kunstlerweg-uebersicht\/#primaryimage\"},\"image\":{\"@id\":\"https:\/\/www.tourismus.dachau.de\/kunstlerweg-uebersicht\/#primaryimage\"},\"thumbnailUrl\":\"https:\/\/www.tourismus.dachau.de\/wp-content\/uploads\/2025\/11\/kuenstlerweg_dill_quer_jorda.jpeg\",\"datePublished\":\"2025-11-25T10:26:48+00:00\",\"dateModified\":\"2025-12-11T11:30:10+00:00\",\"breadcrumb\":{\"@id\":\"https:\/\/www.tourismus.dachau.de\/kunstlerweg-uebersicht\/#breadcrumb\"},\"inLanguage\":\"en-US\",\"potentialAction\":[{\"@type\":\"ReadAction\",\"target\":[\"https:\/\/www.tourismus.dachau.de\/kunstlerweg-uebersicht\/\"]}]},{\"@type\":\"ImageObject\",\"inLanguage\":\"en-US\",\"@id\":\"https:\/\/www.tourismus.dachau.de\/kunstlerweg-uebersicht\/#primaryimage\",\"url\":\"https:\/\/www.tourismus.dachau.de\/wp-content\/uploads\/2025\/11\/kuenstlerweg_dill_quer_jorda.jpeg\",\"contentUrl\":\"https:\/\/www.tourismus.dachau.de\/wp-content\/uploads\/2025\/11\/kuenstlerweg_dill_quer_jorda.jpeg\",\"width\":1919,\"height\":1280},{\"@type\":\"BreadcrumbList\",\"@id\":\"https:\/\/www.tourismus.dachau.de\/kunstlerweg-uebersicht\/#breadcrumb\",\"itemListElement\":[{\"@type\":\"ListItem\",\"position\":1,\"name\":\"Startseite\",\"item\":\"https:\/\/www.tourismus.dachau.de\/\"},{\"@type\":\"ListItem\",\"position\":2,\"name\":\"K\u00fcnstlerweg Dachau\"}]},{\"@type\":\"WebSite\",\"@id\":\"https:\/\/www.tourismus.dachau.de\/#website\",\"url\":\"https:\/\/www.tourismus.dachau.de\/\",\"name\":\"Dachau Tourismus\",\"description\":\"Wir freuen uns \u00fcber Ihren Besuch auf unserer Website.\",\"publisher\":{\"@id\":\"https:\/\/www.tourismus.dachau.de\/#organization\"},\"potentialAction\":[{\"@type\":\"SearchAction\",\"target\":{\"@type\":\"EntryPoint\",\"urlTemplate\":\"https:\/\/www.tourismus.dachau.de\/?s={search_term_string}\"},\"query-input\":{\"@type\":\"PropertyValueSpecification\",\"valueRequired\":true,\"valueName\":\"search_term_string\"}}],\"inLanguage\":\"en-US\"},{\"@type\":\"Organization\",\"@id\":\"https:\/\/www.tourismus.dachau.de\/#organization\",\"name\":\"Dachau Tourismus\",\"url\":\"https:\/\/www.tourismus.dachau.de\/\",\"logo\":{\"@type\":\"ImageObject\",\"inLanguage\":\"en-US\",\"@id\":\"https:\/\/www.tourismus.dachau.de\/#\/schema\/logo\/image\/\",\"url\":\"\",\"contentUrl\":\"\",\"caption\":\"Dachau Tourismus\"},\"image\":{\"@id\":\"https:\/\/www.tourismus.dachau.de\/#\/schema\/logo\/image\/\"}}]}<\/script>\n<!-- \/ Yoast SEO plugin. -->","yoast_head_json":{"title":"K\u00fcnstlerweg Dachau - Dachau Tourismus","robots":{"index":"index","follow":"follow","max-snippet":"max-snippet:-1","max-image-preview":"max-image-preview:large","max-video-preview":"max-video-preview:-1"},"canonical":"https:\/\/www.tourismus.dachau.de\/en\/kunstlerweg-uebersicht\/","og_locale":"en_US","og_type":"article","og_title":"K\u00fcnstlerweg Dachau - Dachau Tourismus","og_description":"Der K\u00fcnstlerweg Dachau Auf den Spuren der Kunstschaffenden aus der Zeit der K\u00fcnstlerkolonie &#8211; das ist in Dachau gleich auf zwei Rundwegen m\u00f6glich: eine K\u00fcnstlerweg-Schleife f\u00fchrt durch die Altstadt und entlang der Amper, eine zweite durch den Ortsteil Etzenhausen, einer fr\u00fcheren Filiation der K\u00fcnstlerkolonie Dachau. Tafeln entlang des Wegs informieren zu K\u00fcnstler, Werk und Standort. [&hellip;]","og_url":"https:\/\/www.tourismus.dachau.de\/en\/kunstlerweg-uebersicht\/","og_site_name":"Dachau Tourismus","article_modified_time":"2025-12-11T11:30:10+00:00","og_image":[{"width":1919,"height":1280,"url":"https:\/\/www.tourismus.dachau.de\/wp-content\/uploads\/2025\/11\/kuenstlerweg_dill_quer_jorda.jpeg","type":"image\/jpeg"}],"twitter_card":"summary_large_image","twitter_misc":{"Est. reading time":"1 minute"},"schema":{"@context":"https:\/\/schema.org","@graph":[{"@type":"WebPage","@id":"https:\/\/www.tourismus.dachau.de\/kunstlerweg-uebersicht\/","url":"https:\/\/www.tourismus.dachau.de\/kunstlerweg-uebersicht\/","name":"K\u00fcnstlerweg Dachau - Dachau Tourismus","isPartOf":{"@id":"https:\/\/www.tourismus.dachau.de\/#website"},"primaryImageOfPage":{"@id":"https:\/\/www.tourismus.dachau.de\/kunstlerweg-uebersicht\/#primaryimage"},"image":{"@id":"https:\/\/www.tourismus.dachau.de\/kunstlerweg-uebersicht\/#primaryimage"},"thumbnailUrl":"https:\/\/www.tourismus.dachau.de\/wp-content\/uploads\/2025\/11\/kuenstlerweg_dill_quer_jorda.jpeg","datePublished":"2025-11-25T10:26:48+00:00","dateModified":"2025-12-11T11:30:10+00:00","breadcrumb":{"@id":"https:\/\/www.tourismus.dachau.de\/kunstlerweg-uebersicht\/#breadcrumb"},"inLanguage":"en-US","potentialAction":[{"@type":"ReadAction","target":["https:\/\/www.tourismus.dachau.de\/kunstlerweg-uebersicht\/"]}]},{"@type":"ImageObject","inLanguage":"en-US","@id":"https:\/\/www.tourismus.dachau.de\/kunstlerweg-uebersicht\/#primaryimage","url":"https:\/\/www.tourismus.dachau.de\/wp-content\/uploads\/2025\/11\/kuenstlerweg_dill_quer_jorda.jpeg","contentUrl":"https:\/\/www.tourismus.dachau.de\/wp-content\/uploads\/2025\/11\/kuenstlerweg_dill_quer_jorda.jpeg","width":1919,"height":1280},{"@type":"BreadcrumbList","@id":"https:\/\/www.tourismus.dachau.de\/kunstlerweg-uebersicht\/#breadcrumb","itemListElement":[{"@type":"ListItem","position":1,"name":"Startseite","item":"https:\/\/www.tourismus.dachau.de\/"},{"@type":"ListItem","position":2,"name":"K\u00fcnstlerweg Dachau"}]},{"@type":"WebSite","@id":"https:\/\/www.tourismus.dachau.de\/#website","url":"https:\/\/www.tourismus.dachau.de\/","name":"Dachau Tourism","description":"We look forward to your visit to our website.","publisher":{"@id":"https:\/\/www.tourismus.dachau.de\/#organization"},"potentialAction":[{"@type":"SearchAction","target":{"@type":"EntryPoint","urlTemplate":"https:\/\/www.tourismus.dachau.de\/?s={search_term_string}"},"query-input":{"@type":"PropertyValueSpecification","valueRequired":true,"valueName":"search_term_string"}}],"inLanguage":"en-US"},{"@type":"Organization","@id":"https:\/\/www.tourismus.dachau.de\/#organization","name":"Dachau Tourism","url":"https:\/\/www.tourismus.dachau.de\/","logo":{"@type":"ImageObject","inLanguage":"en-US","@id":"https:\/\/www.tourismus.dachau.de\/#\/schema\/logo\/image\/","url":"","contentUrl":"","caption":"Dachau Tourismus"},"image":{"@id":"https:\/\/www.tourismus.dachau.de\/#\/schema\/logo\/image\/"}}]}},"_links":{"self":[{"href":"https:\/\/www.tourismus.dachau.de\/en\/wp-json\/wp\/v2\/pages\/50416","targetHints":{"allow":["GET"]}}],"collection":[{"href":"https:\/\/www.tourismus.dachau.de\/en\/wp-json\/wp\/v2\/pages"}],"about":[{"href":"https:\/\/www.tourismus.dachau.de\/en\/wp-json\/wp\/v2\/types\/page"}],"author":[{"embeddable":true,"href":"https:\/\/www.tourismus.dachau.de\/en\/wp-json\/wp\/v2\/users\/12"}],"replies":[{"embeddable":true,"href":"https:\/\/www.tourismus.dachau.de\/en\/wp-json\/wp\/v2\/comments?post=50416"}],"version-history":[{"count":10,"href":"https:\/\/www.tourismus.dachau.de\/en\/wp-json\/wp\/v2\/pages\/50416\/revisions"}],"predecessor-version":[{"id":51660,"href":"https:\/\/www.tourismus.dachau.de\/en\/wp-json\/wp\/v2\/pages\/50416\/revisions\/51660"}],"wp:featuredmedia":[{"embeddable":true,"href":"https:\/\/www.tourismus.dachau.de\/en\/wp-json\/wp\/v2\/media\/50800"}],"wp:attachment":[{"href":"https:\/\/www.tourismus.dachau.de\/en\/wp-json\/wp\/v2\/media?parent=50416"}],"wp:term":[{"taxonomy":"category","embeddable":true,"href":"https:\/\/www.tourismus.dachau.de\/en\/wp-json\/wp\/v2\/categories?post=50416"},{"taxonomy":"post_tag","embeddable":true,"href":"https:\/\/www.tourismus.dachau.de\/en\/wp-json\/wp\/v2\/tags?post=50416"}],"curies":[{"name":"wp","href":"https:\/\/api.w.org\/{rel}","templated":true}]}}