{"id":30555,"date":"2024-02-25T12:06:51","date_gmt":"2024-02-25T11:06:51","guid":{"rendered":"https:\/\/v3.gemeinde-entwickler.de\/?page_id=30555"},"modified":"2025-04-23T21:31:34","modified_gmt":"2025-04-23T19:31:34","slug":"impressum","status":"publish","type":"page","link":"https:\/\/www.tourismus.dachau.de\/es\/impressum\/","title":{"rendered":"Pie de imprenta"},"content":{"rendered":"<div data-elementor-type=\"wp-post\" data-elementor-id=\"30555\" class=\"elementor elementor-30555\" data-elementor-post-type=\"page\">\n\t\t\t\t<div class=\"elementor-element elementor-element-125c5d1 elementor-repeater-item-ang_container_padding_3 e-flex e-con-boxed sk-none elementor-repeater-item-none elementor-repeater-item-none_hover e-con e-parent\" data-id=\"125c5d1\" data-element_type=\"container\" data-settings=\"{&quot;jet_parallax_layout_list&quot;:[],&quot;background_background&quot;:&quot;classic&quot;,&quot;ang_container_spacing_size&quot;:&quot;ang_container_padding_3&quot;}\">\n\t\t\t\t\t<div class=\"e-con-inner\">\n\t\t\t\t<div class=\"elementor-element elementor-element-7e52f28 elementor-repeater-item-none elementor-repeater-item-none_hover elementor-widget elementor-widget-text-editor\" data-id=\"7e52f28\" data-element_type=\"widget\" data-widget_type=\"text-editor.default\">\n\t\t\t\t<div class=\"elementor-widget-container\">\n\t\t\t\t\t\t\t\t\t<p><strong>Impresi\u00f3n combinada (etiquetado de proveedores)<\/strong><br \/>El proveedor y, por tanto, responsable de la oferta comercial y empresarial en l\u00ednea es la gran ciudad del distrito de Dachau, representada por el alcalde Florian Hartmann.<\/p><p>\u00a0<\/p><p><strong>Informaci\u00f3n con arreglo al art\u00edculo 2 (1) del Reglamento sobre obligaciones de informaci\u00f3n en materia de servicios (DL-InfoV)<\/strong><br \/>Esta oferta en l\u00ednea es una oferta informativa del<\/p><p>Gran ciudad del distrito de Dachau<br \/>Konrad-Adenauer-Strasse 2-6<br \/>D-85221 Dachau<br \/>ALEMANIA<\/p><p>correo electr\u00f3nico:\u00a0<a>stadt@dachau.de<\/a><br \/>Direcci\u00f3n De-Mail:\u00a0<a>info@dachau.de-mail.de<\/a><br \/>Web:\u00a0<a href=\"http:\/\/www.dachau.de\/\" target=\"_blank\" rel=\"noopener noreferrer nofollow\">www.dachau.de<\/a><br \/>Tel\u00e9fono: +49 8131 75-0<br \/>Fax: +49 8131 75-44299<\/p><p>Juzgado local responsable: Dachau<br \/>Forma jur\u00eddica: Sociedad an\u00f3nima de Derecho p\u00fablico (Kd\u00f6R)<\/p><p>Ley aplicable: Ley de la Rep\u00fablica Federal de Alemania (RFA)<\/p><p>Agencia Tributaria de Freising<br \/>N\u00famero de identificaci\u00f3n fiscal: DE 128 255 122<\/p><p>Autorizado para representar: Alcalde Florian Hartmann<\/p><p>\u00a0<\/p><p><strong>Autoridad de control competente<\/strong><br \/>Oficina de distrito de Dachau<br \/>Weiherweg 16<br \/>D-85221 Dachau<br \/>Tel\u00e9fono: +49 8131 74-0<br \/>Fax: +49 8131 74 -374<br \/>correo electr\u00f3nico:\u00a0<a>poststelle@lra-dah.bayern.de<\/a><br \/>Web:\u00a0<a href=\"http:\/\/www.landratsamt-dachau.de\/\" target=\"_blank\" rel=\"noopener noreferrer nofollow\">www.landratsamt-dachau.de<\/a><\/p><p>\u00a0<\/p><p><strong>Responsable de las redacciones period\u00edsticas con arreglo al art\u00edculo 55, apartado 2, del Tratado Interestatal sobre Radiodifusi\u00f3n y Telemedios (RStV):<\/strong><br \/>La responsabilidad recae en los siguientes jefes de oficina, divididos seg\u00fan la asignaci\u00f3n tem\u00e1tica:<\/p><p>\u00a0<\/p><p><strong>Oficina principal<\/strong><br \/>Josef Hermann (Jefe de la Oficina Principal), Konrad-Adenauer-Stra\u00dfe 2-6, D-85221 Dachau, e-mail:\u00a0<a>hauptamt@dachau.de<\/a><\/p><p>\u00a0<\/p><p><strong>Oficina de Cultura, Turismo e Historia Contempor\u00e1nea<\/strong><br \/>Tobias Schneider, Konrad-Adenauer-Stra\u00dfe 2-6, D-85221 Dachau, e-mail:\u00a0<a>kulturamt@dachau.de<\/a><\/p><p>\u00a0<\/p><p><strong>Tesorer\u00eda municipal<\/strong><br \/>Thomas Ernst (Tesorero municipal), Konrad-Adenauer-Stra\u00dfe 2-6, D-85221 Dachau, e-mail:\u00a0<a>kaemmerei@dachau.de<\/a><\/p><p>\u00a0<\/p><p><strong>Oficina de la Escuela, la Infancia, la Juventud, los Asuntos Sociales y el Deporte<\/strong><br \/>Markus Haberl, Konrad-Adenauer-Stra\u00dfe 2-6, D-85221 Dachau, e-mail:\u00a0<a>soziales@dachau.de<\/a><\/p><p>\u00a0<\/p><p><strong>Oficina de urbanismo<\/strong><br \/>Moritz Reinhold, Konrad-Adenauer-Stra\u00dfe 2-6, D-85221 Dachau, e-mail:\u00a0<a>stadtbauamt@dachau.de<\/a><\/p><p>\u00a0<\/p><p><strong>Tribunal de Cuentas<\/strong><br \/>Jochen Reichert, Konrad-Adenauer-Stra\u00dfe 2-6, D-85221 Dachau, e-mail:\u00a0<a>rechnungspruefung@dachau.de<\/a><\/p><p>\u00a0<\/p><p><strong>Responsable de todos los dem\u00e1s contenidos<\/strong><br \/>Alcalde Florian Hartmann<br \/>Konrad-Adenauer-Stra\u00dfe 2-6, D-85221 Dachau E-Mail:\u00a0<a>ob-buero@dachau.de<\/a><\/p><p>\u00a0<\/p><p><strong>Responsable de la protecci\u00f3n de datos de conformidad con el art\u00edculo 37 del RGPD<\/strong><br \/>Harald M\u00fcller (Responsable municipal de protecci\u00f3n de datos)<br \/>Konrad-Adenauer-Strasse 2-6<br \/>D-85221 Dachau<br \/>correo electr\u00f3nico:\u00a0<a>datenschutz@dachau.de<\/a><\/p><p>\u00a0<\/p><p><strong>Apoyo t\u00e9cnico y conceptual de esta oferta en l\u00ednea:<\/strong><br \/>Ciudad de Dachau<br \/>Dpto. 1.3 Inform\u00e1tica y Organizaci\u00f3n<br \/>Konrad-Adenauer-Strasse 2 - 6<br \/>D-85221 Dachau<\/p><p>\u00a0<\/p><p><strong>Responsabilidad<\/strong><br \/>Al establecer un enlace a ofertas en l\u00ednea externas (\u201ehiperv\u00ednculos\u201c), la Ciudad de Dachau no adopta estas ofertas en l\u00ednea ni su contenido como propios. Adem\u00e1s, la ciudad de Dachau no es responsable de la disponibilidad de estas ofertas en l\u00ednea ni de su contenido.<\/p><p>\u00a0<\/p><p><strong>Copyright<\/strong><br \/>Todos los derechos reservados. El texto, las im\u00e1genes y los gr\u00e1ficos, as\u00ed como su disposici\u00f3n en el sitio web, est\u00e1n protegidos por derechos de autor y otras leyes de protecci\u00f3n. El contenido de este sitio web no puede copiarse, distribuirse, modificarse ni hacerse accesible a terceros con fines comerciales.<\/p><p>\u00a0<\/p><p><strong>\u00a9 Copyright de las im\u00e1genes:<\/strong><br \/>Ciudad de Dachau (fot\u00f3grafo urbano)<br \/>Oficina administrativa principal<br \/>Konrad-Adenauer-Strasse 2 - 6<br \/>D-85221 Dachau<br \/>Sr. Florian G\u00f6ttler<br \/>Tel\u00e9fono: +49 8131 75-318<\/p>\t\t\t\t\t\t\t\t<\/div>\n\t\t\t\t<\/div>\n\t\t\t\t\t<\/div>\n\t\t\t\t<\/div>\n\t\t\t\t<\/div>","protected":false},"excerpt":{"rendered":"<p>Pie de imprenta combinado (identificaci\u00f3n del proveedor)El proveedor y, por tanto, responsable de la oferta en l\u00ednea de car\u00e1cter comercial y empresarial es la Gro\u00dfe Kreisstadt Dachau, representada por el alcalde Florian Hartmann.   Informaci\u00f3n seg\u00fan \u00a7 2 p\u00e1rrafo 1 Ordenanza de Obligaciones de Informaci\u00f3n de Servicio (DL-InfoV)Esta oferta en l\u00ednea es una oferta de informaci\u00f3n de la Gro\u00dfe Kreisstadt DachauKonrad-Adenauer-Stra\u00dfe 2-6D-85221 DachauGERMANY E-Mail: stadt@dachau.deDe-Mail-Adresse: info@dachau.de-mail.deWeb: www.dachau.deTelefon: +49 8131 75-0Telefax: +49 8131 75-44299 Tribunal local responsable: DachauForma jur\u00eddica: Corporaci\u00f3n p\u00fablica [...].<\/p>","protected":false},"author":12,"featured_media":0,"parent":0,"menu_order":0,"comment_status":"closed","ping_status":"closed","template":"","meta":{"iawp_total_views":51,"footnotes":""},"categories":[],"tags":[],"class_list":["post-30555","page","type-page","status-publish","hentry"],"yoast_head":"<!-- This site is optimized with the Yoast SEO plugin v26.5 - https:\/\/yoast.com\/wordpress\/plugins\/seo\/ -->\n<title>Impressum - Dachau Tourismus<\/title>\n<meta name=\"robots\" content=\"index, follow, max-snippet:-1, max-image-preview:large, max-video-preview:-1\" \/>\n<link rel=\"canonical\" href=\"https:\/\/www.tourismus.dachau.de\/es\/impressum\/\" \/>\n<meta property=\"og:locale\" content=\"es_ES\" \/>\n<meta property=\"og:type\" content=\"article\" \/>\n<meta property=\"og:title\" content=\"Impressum - Dachau Tourismus\" \/>\n<meta property=\"og:description\" content=\"Kombinationsimpressum (Anbieterkennzeichnung)Anbieter und somit verantwortlich f\u00fcr das kommerzielle und gesch\u00e4ftsm\u00e4\u00dfige Onlineangebot ist die Gro\u00dfe Kreisstadt Dachau, vertreten durch den Oberb\u00fcrgermeister Florian Hartmann. \u00a0 Informationen gem\u00e4\u00df \u00a7 2 Absatz 1 Dienstleistungs-Informationspflichten-Verordnung (DL-InfoV)Dieses Onlineangebot ist ein Informationsangebot der Gro\u00dfen Kreisstadt DachauKonrad-Adenauer-Stra\u00dfe 2-6D-85221 DachauGERMANY E-Mail:\u00a0stadt@dachau.deDe-Mail-Adresse:\u00a0info@dachau.de-mail.deWeb:\u00a0www.dachau.deTelefon: +49 8131 75-0Telefax: +49 8131 75-44299 Zust\u00e4ndiges Amtsgericht: DachauRechtsform: K\u00f6rperschaft des \u00f6ffentlichen Rechts [&hellip;]\" \/>\n<meta property=\"og:url\" content=\"https:\/\/www.tourismus.dachau.de\/es\/impressum\/\" \/>\n<meta property=\"og:site_name\" content=\"Dachau Tourismus\" \/>\n<meta property=\"article:modified_time\" content=\"2025-04-23T19:31:34+00:00\" \/>\n<meta name=\"twitter:card\" content=\"summary_large_image\" \/>\n<meta name=\"twitter:label1\" content=\"Tiempo de lectura\" \/>\n\t<meta name=\"twitter:data1\" content=\"2 minutos\" \/>\n<script type=\"application\/ld+json\" class=\"yoast-schema-graph\">{\"@context\":\"https:\/\/schema.org\",\"@graph\":[{\"@type\":\"WebPage\",\"@id\":\"https:\/\/www.tourismus.dachau.de\/impressum\/\",\"url\":\"https:\/\/www.tourismus.dachau.de\/impressum\/\",\"name\":\"Impressum - Dachau Tourismus\",\"isPartOf\":{\"@id\":\"https:\/\/www.tourismus.dachau.de\/#website\"},\"datePublished\":\"2024-02-25T11:06:51+00:00\",\"dateModified\":\"2025-04-23T19:31:34+00:00\",\"breadcrumb\":{\"@id\":\"https:\/\/www.tourismus.dachau.de\/impressum\/#breadcrumb\"},\"inLanguage\":\"es\",\"potentialAction\":[{\"@type\":\"ReadAction\",\"target\":[\"https:\/\/www.tourismus.dachau.de\/impressum\/\"]}]},{\"@type\":\"BreadcrumbList\",\"@id\":\"https:\/\/www.tourismus.dachau.de\/impressum\/#breadcrumb\",\"itemListElement\":[{\"@type\":\"ListItem\",\"position\":1,\"name\":\"Startseite\",\"item\":\"https:\/\/www.tourismus.dachau.de\/\"},{\"@type\":\"ListItem\",\"position\":2,\"name\":\"Impressum\"}]},{\"@type\":\"WebSite\",\"@id\":\"https:\/\/www.tourismus.dachau.de\/#website\",\"url\":\"https:\/\/www.tourismus.dachau.de\/\",\"name\":\"Dachau Tourismus\",\"description\":\"Wir freuen uns \u00fcber Ihren Besuch auf unserer Website.\",\"publisher\":{\"@id\":\"https:\/\/www.tourismus.dachau.de\/#organization\"},\"potentialAction\":[{\"@type\":\"SearchAction\",\"target\":{\"@type\":\"EntryPoint\",\"urlTemplate\":\"https:\/\/www.tourismus.dachau.de\/?s={search_term_string}\"},\"query-input\":{\"@type\":\"PropertyValueSpecification\",\"valueRequired\":true,\"valueName\":\"search_term_string\"}}],\"inLanguage\":\"es\"},{\"@type\":\"Organization\",\"@id\":\"https:\/\/www.tourismus.dachau.de\/#organization\",\"name\":\"Dachau Tourismus\",\"url\":\"https:\/\/www.tourismus.dachau.de\/\",\"logo\":{\"@type\":\"ImageObject\",\"inLanguage\":\"es\",\"@id\":\"https:\/\/www.tourismus.dachau.de\/#\/schema\/logo\/image\/\",\"url\":\"\",\"contentUrl\":\"\",\"caption\":\"Dachau Tourismus\"},\"image\":{\"@id\":\"https:\/\/www.tourismus.dachau.de\/#\/schema\/logo\/image\/\"}}]}<\/script>\n<!-- \/ Yoast SEO plugin. -->","yoast_head_json":{"title":"Pie de imprenta - Turismo en Dachau","robots":{"index":"index","follow":"follow","max-snippet":"max-snippet:-1","max-image-preview":"max-image-preview:large","max-video-preview":"max-video-preview:-1"},"canonical":"https:\/\/www.tourismus.dachau.de\/es\/impressum\/","og_locale":"es_ES","og_type":"article","og_title":"Impressum - Dachau Tourismus","og_description":"Kombinationsimpressum (Anbieterkennzeichnung)Anbieter und somit verantwortlich f\u00fcr das kommerzielle und gesch\u00e4ftsm\u00e4\u00dfige Onlineangebot ist die Gro\u00dfe Kreisstadt Dachau, vertreten durch den Oberb\u00fcrgermeister Florian Hartmann. \u00a0 Informationen gem\u00e4\u00df \u00a7 2 Absatz 1 Dienstleistungs-Informationspflichten-Verordnung (DL-InfoV)Dieses Onlineangebot ist ein Informationsangebot der Gro\u00dfen Kreisstadt DachauKonrad-Adenauer-Stra\u00dfe 2-6D-85221 DachauGERMANY E-Mail:\u00a0stadt@dachau.deDe-Mail-Adresse:\u00a0info@dachau.de-mail.deWeb:\u00a0www.dachau.deTelefon: +49 8131 75-0Telefax: +49 8131 75-44299 Zust\u00e4ndiges Amtsgericht: DachauRechtsform: K\u00f6rperschaft des \u00f6ffentlichen Rechts [&hellip;]","og_url":"https:\/\/www.tourismus.dachau.de\/es\/impressum\/","og_site_name":"Dachau Tourismus","article_modified_time":"2025-04-23T19:31:34+00:00","twitter_card":"summary_large_image","twitter_misc":{"Tiempo de lectura":"2 minutos"},"schema":{"@context":"https:\/\/schema.org","@graph":[{"@type":"WebPage","@id":"https:\/\/www.tourismus.dachau.de\/impressum\/","url":"https:\/\/www.tourismus.dachau.de\/impressum\/","name":"Pie de imprenta - Turismo en Dachau","isPartOf":{"@id":"https:\/\/www.tourismus.dachau.de\/#website"},"datePublished":"2024-02-25T11:06:51+00:00","dateModified":"2025-04-23T19:31:34+00:00","breadcrumb":{"@id":"https:\/\/www.tourismus.dachau.de\/impressum\/#breadcrumb"},"inLanguage":"es","potentialAction":[{"@type":"ReadAction","target":["https:\/\/www.tourismus.dachau.de\/impressum\/"]}]},{"@type":"BreadcrumbList","@id":"https:\/\/www.tourismus.dachau.de\/impressum\/#breadcrumb","itemListElement":[{"@type":"ListItem","position":1,"name":"Startseite","item":"https:\/\/www.tourismus.dachau.de\/"},{"@type":"ListItem","position":2,"name":"Impressum"}]},{"@type":"WebSite","@id":"https:\/\/www.tourismus.dachau.de\/#website","url":"https:\/\/www.tourismus.dachau.de\/","name":"Turismo en Dachau","description":"Esperamos su visita a nuestro sitio web.","publisher":{"@id":"https:\/\/www.tourismus.dachau.de\/#organization"},"potentialAction":[{"@type":"SearchAction","target":{"@type":"EntryPoint","urlTemplate":"https:\/\/www.tourismus.dachau.de\/?s={search_term_string}"},"query-input":{"@type":"PropertyValueSpecification","valueRequired":true,"valueName":"search_term_string"}}],"inLanguage":"es"},{"@type":"Organization","@id":"https:\/\/www.tourismus.dachau.de\/#organization","name":"Turismo en Dachau","url":"https:\/\/www.tourismus.dachau.de\/","logo":{"@type":"ImageObject","inLanguage":"es","@id":"https:\/\/www.tourismus.dachau.de\/#\/schema\/logo\/image\/","url":"","contentUrl":"","caption":"Dachau Tourismus"},"image":{"@id":"https:\/\/www.tourismus.dachau.de\/#\/schema\/logo\/image\/"}}]}},"_links":{"self":[{"href":"https:\/\/www.tourismus.dachau.de\/es\/wp-json\/wp\/v2\/pages\/30555","targetHints":{"allow":["GET"]}}],"collection":[{"href":"https:\/\/www.tourismus.dachau.de\/es\/wp-json\/wp\/v2\/pages"}],"about":[{"href":"https:\/\/www.tourismus.dachau.de\/es\/wp-json\/wp\/v2\/types\/page"}],"author":[{"embeddable":true,"href":"https:\/\/www.tourismus.dachau.de\/es\/wp-json\/wp\/v2\/users\/12"}],"replies":[{"embeddable":true,"href":"https:\/\/www.tourismus.dachau.de\/es\/wp-json\/wp\/v2\/comments?post=30555"}],"version-history":[{"count":10,"href":"https:\/\/www.tourismus.dachau.de\/es\/wp-json\/wp\/v2\/pages\/30555\/revisions"}],"predecessor-version":[{"id":46880,"href":"https:\/\/www.tourismus.dachau.de\/es\/wp-json\/wp\/v2\/pages\/30555\/revisions\/46880"}],"wp:attachment":[{"href":"https:\/\/www.tourismus.dachau.de\/es\/wp-json\/wp\/v2\/media?parent=30555"}],"wp:term":[{"taxonomy":"category","embeddable":true,"href":"https:\/\/www.tourismus.dachau.de\/es\/wp-json\/wp\/v2\/categories?post=30555"},{"taxonomy":"post_tag","embeddable":true,"href":"https:\/\/www.tourismus.dachau.de\/es\/wp-json\/wp\/v2\/tags?post=30555"}],"curies":[{"name":"wp","href":"https:\/\/api.w.org\/{rel}","templated":true}]}}