{"id":46910,"date":"2025-04-26T11:54:55","date_gmt":"2025-04-26T09:54:55","guid":{"rendered":"https:\/\/www.tourismus.dachau.de\/kuenstlergraeber\/"},"modified":"2025-11-20T12:35:52","modified_gmt":"2025-11-20T11:35:52","slug":"kuenstlergraeber","status":"publish","type":"page","link":"https:\/\/www.tourismus.dachau.de\/es\/kuenstlergraeber\/","title":{"rendered":"Tumbas de artistas"},"content":{"rendered":"<div data-elementor-type=\"wp-page\" data-elementor-id=\"46910\" class=\"elementor elementor-46910\" data-elementor-post-type=\"page\">\n\t\t\t\t<div class=\"elementor-element elementor-element-44d3d89 elementor-repeater-item-ang_container_padding_3 sk-dark-bg e-flex e-con-boxed elementor-repeater-item-none elementor-repeater-item-none_hover e-con e-parent\" data-id=\"44d3d89\" data-element_type=\"container\" data-settings=\"{&quot;jet_parallax_layout_list&quot;:[],&quot;background_background&quot;:&quot;classic&quot;,&quot;ang_container_spacing_size&quot;:&quot;ang_container_padding_3&quot;}\">\n\t\t\t\t\t<div class=\"e-con-inner\">\n\t\t<div class=\"elementor-element elementor-element-799e004 e-con-full elementor-repeater-item-ang_container_padding_4 e-flex sk-none elementor-repeater-item-none elementor-repeater-item-none_hover e-con e-child\" data-id=\"799e004\" data-element_type=\"container\" data-settings=\"{&quot;jet_parallax_layout_list&quot;:[],&quot;background_background&quot;:&quot;classic&quot;,&quot;ang_container_spacing_size&quot;:&quot;ang_container_padding_4&quot;}\">\n\t\t<div class=\"elementor-element elementor-element-5b93b2c e-con-full e-flex elementor-repeater-item-default_padding sk-none elementor-repeater-item-none elementor-repeater-item-none_hover e-con e-child\" data-id=\"5b93b2c\" data-element_type=\"container\" data-settings=\"{&quot;background_background&quot;:&quot;classic&quot;,&quot;jet_parallax_layout_list&quot;:[],&quot;ang_container_spacing_size&quot;:&quot;default_padding&quot;}\">\n\t\t\t\t<div class=\"elementor-element elementor-element-4f269cd elementor-widget-divider--view-line elementor-repeater-item-none elementor-repeater-item-none_hover elementor-widget elementor-widget-divider\" data-id=\"4f269cd\" data-element_type=\"widget\" data-widget_type=\"divider.default\">\n\t\t\t\t<div class=\"elementor-widget-container\">\n\t\t\t\t\t\t\t<div class=\"elementor-divider\">\n\t\t\t<span class=\"elementor-divider-separator\">\n\t\t\t\t\t\t<\/span>\n\t\t<\/div>\n\t\t\t\t\t\t<\/div>\n\t\t\t\t<\/div>\n\t\t\t\t<div class=\"elementor-element elementor-element-d4136b8 elementor-widget__width-inherit elementor-repeater-item-none elementor-repeater-item-none_hover elementor-widget elementor-widget-heading\" data-id=\"d4136b8\" data-element_type=\"widget\" data-widget_type=\"heading.default\">\n\t\t\t\t<div class=\"elementor-widget-container\">\n\t\t\t\t\t<h2 class=\"elementor-heading-title elementor-size-default\">Tumbas de artistas en Dachau<\/h2>\t\t\t\t<\/div>\n\t\t\t\t<\/div>\n\t\t\t\t<div class=\"elementor-element elementor-element-8cf2da2 elementor-repeater-item-none elementor-repeater-item-none_hover elementor-widget elementor-widget-text-editor\" data-id=\"8cf2da2\" data-element_type=\"widget\" data-widget_type=\"text-editor.default\">\n\t\t\t\t<div class=\"elementor-widget-container\">\n\t\t\t\t\t\t\t\t\t<p>El Cementerio Viejo, en el centro hist\u00f3rico de la ciudad, el Waldfriedhof y el Cementerio de Etzenhausen son islas de paz en medio de la ciudad y el lugar de descanso final de muchos artistas.<\/p><p>Las tumbas de personalidades como Hermann Stockmann, Paula Wimmer y Carl Thiemann est\u00e1n marcadas con placas de bronce o arcilla.\u00a0<\/p>\t\t\t\t\t\t\t\t<\/div>\n\t\t\t\t<\/div>\n\t\t\t\t<\/div>\n\t\t\t\t<\/div>\n\t\t\t\t<div class=\"elementor-element elementor-element-55f6a93 elementor-widget__width-inherit elementor-repeater-item-none elementor-repeater-item-none_hover elementor-widget elementor-widget-gallery\" data-id=\"55f6a93\" data-element_type=\"widget\" data-settings=\"{&quot;columns&quot;:1,&quot;image_hover_animation&quot;:&quot;grow&quot;,&quot;aspect_ratio&quot;:&quot;16:9&quot;,&quot;lazyload&quot;:&quot;yes&quot;,&quot;gallery_layout&quot;:&quot;grid&quot;,&quot;columns_tablet&quot;:2,&quot;columns_mobile&quot;:1,&quot;gap&quot;:{&quot;unit&quot;:&quot;px&quot;,&quot;size&quot;:10,&quot;sizes&quot;:[]},&quot;gap_widescreen&quot;:{&quot;unit&quot;:&quot;px&quot;,&quot;size&quot;:&quot;&quot;,&quot;sizes&quot;:[]},&quot;gap_tablet&quot;:{&quot;unit&quot;:&quot;px&quot;,&quot;size&quot;:10,&quot;sizes&quot;:[]},&quot;gap_mobile&quot;:{&quot;unit&quot;:&quot;px&quot;,&quot;size&quot;:10,&quot;sizes&quot;:[]},&quot;link_to&quot;:&quot;file&quot;,&quot;overlay_background&quot;:&quot;yes&quot;,&quot;content_hover_animation&quot;:&quot;fade-in&quot;}\" data-widget_type=\"gallery.default\">\n\t\t\t\t<div class=\"elementor-widget-container\">\n\t\t\t\t\t\t\t<div class=\"elementor-gallery__container\">\n\t\t\t\t\t\t\t<a class=\"e-gallery-item elementor-gallery-item elementor-animated-content\" href=\"https:\/\/www.tourismus.dachau.de\/wp-content\/uploads\/2025\/05\/csm_Altstadtfriedhof__1__8e3e0fd4f1.jpg\" data-elementor-open-lightbox=\"yes\" data-elementor-lightbox-slideshow=\"55f6a93\" data-e-action-hash=\"#elementor-action%3Aaction%3Dlightbox%26settings%3DeyJpZCI6NDcwNTEsInVybCI6Imh0dHBzOlwvXC93d3cudG91cmlzbXVzLmRhY2hhdS5kZVwvd3AtY29udGVudFwvdXBsb2Fkc1wvMjAyNVwvMDVcL2NzbV9BbHRzdGFkdGZyaWVkaG9mX18xX184ZTNlMGZkNGYxLmpwZyIsInNsaWRlc2hvdyI6IjU1ZjZhOTMifQ%3D%3D\">\n\t\t\t\t\t<div class=\"e-gallery-image elementor-gallery-item__image\" data-thumbnail=\"https:\/\/www.tourismus.dachau.de\/wp-content\/uploads\/2025\/05\/csm_Altstadtfriedhof__1__8e3e0fd4f1-1024x730.jpg\" data-width=\"800\" data-height=\"570\" aria-label=\"\" role=\"img\" ><\/div>\n\t\t\t\t\t\t\t\t\t\t\t<div class=\"elementor-gallery-item__overlay\"><\/div>\n\t\t\t\t\t\t\t\t\t\t\t\t\t\t<\/a>\n\t\t\t\t\t<\/div>\n\t\t\t\t\t<\/div>\n\t\t\t\t<\/div>\n\t\t\t\t\t<\/div>\n\t\t\t\t<\/div>\n\t\t\t\t<\/div>","protected":false},"excerpt":{"rendered":"<p>Tumbas de artistas en Dachau El Cementerio Viejo, en el centro hist\u00f3rico de la ciudad, el Waldfriedhof y el Cementerio de Etzenhausen son islas de paz en medio de la ciudad y el lugar de descanso final de muchos artistas. Las tumbas de personalidades tan conocidas como Hermann Stockmann, Paula Wimmer y Carl Thiemann est\u00e1n marcadas con placas de bronce o arcilla.\u00a0<\/p>","protected":false},"author":12,"featured_media":48661,"parent":0,"menu_order":0,"comment_status":"closed","ping_status":"closed","template":"","meta":{"iawp_total_views":27,"footnotes":""},"categories":[],"tags":[],"class_list":["post-46910","page","type-page","status-publish","has-post-thumbnail","hentry"],"yoast_head":"<!-- This site is optimized with the Yoast SEO plugin v26.5 - https:\/\/yoast.com\/wordpress\/plugins\/seo\/ -->\n<title>K\u00fcnstlergr\u00e4ber - Dachau Tourismus<\/title>\n<meta name=\"robots\" content=\"index, follow, max-snippet:-1, max-image-preview:large, max-video-preview:-1\" \/>\n<link rel=\"canonical\" href=\"https:\/\/www.tourismus.dachau.de\/es\/kuenstlergraeber\/\" \/>\n<meta property=\"og:locale\" content=\"es_ES\" \/>\n<meta property=\"og:type\" content=\"article\" \/>\n<meta property=\"og:title\" content=\"K\u00fcnstlergr\u00e4ber - Dachau Tourismus\" \/>\n<meta property=\"og:description\" content=\"K\u00fcnstlergr\u00e4ber in Dachau Ruheinseln inmitten der Stadt und letzte Ruhest\u00e4tte f\u00fcr viele K\u00fcnstler sind der Alte Friedhof in der Altstadt der Waldfriedhof und der Friedhof Etzenhausen. Die Gr\u00e4ber von bekannten Pers\u00f6nlichkeiten wie Hermann Stockmann, Paula Wimmer und Carl Thiemann sind mit Bronze- oder Tonplaketten gekennzeichnet.\u00a0\" \/>\n<meta property=\"og:url\" content=\"https:\/\/www.tourismus.dachau.de\/es\/kuenstlergraeber\/\" \/>\n<meta property=\"og:site_name\" content=\"Dachau Tourismus\" \/>\n<meta property=\"article:modified_time\" content=\"2025-11-20T11:35:52+00:00\" \/>\n<meta property=\"og:image\" content=\"https:\/\/www.tourismus.dachau.de\/wp-content\/uploads\/2025\/10\/csm_Altstadtfriedhof__5__c2fa1c0b63.jpg\" \/>\n\t<meta property=\"og:image:width\" content=\"767\" \/>\n\t<meta property=\"og:image:height\" content=\"329\" \/>\n\t<meta property=\"og:image:type\" content=\"image\/jpeg\" \/>\n<meta name=\"twitter:card\" content=\"summary_large_image\" \/>\n<meta name=\"twitter:label1\" content=\"Tiempo de lectura\" \/>\n\t<meta name=\"twitter:data1\" content=\"1 minuto\" \/>\n<script type=\"application\/ld+json\" class=\"yoast-schema-graph\">{\"@context\":\"https:\/\/schema.org\",\"@graph\":[{\"@type\":\"WebPage\",\"@id\":\"https:\/\/www.tourismus.dachau.de\/kuenstlergraeber\/\",\"url\":\"https:\/\/www.tourismus.dachau.de\/kuenstlergraeber\/\",\"name\":\"K\u00fcnstlergr\u00e4ber - Dachau Tourismus\",\"isPartOf\":{\"@id\":\"https:\/\/www.tourismus.dachau.de\/#website\"},\"primaryImageOfPage\":{\"@id\":\"https:\/\/www.tourismus.dachau.de\/kuenstlergraeber\/#primaryimage\"},\"image\":{\"@id\":\"https:\/\/www.tourismus.dachau.de\/kuenstlergraeber\/#primaryimage\"},\"thumbnailUrl\":\"https:\/\/www.tourismus.dachau.de\/wp-content\/uploads\/2025\/10\/csm_Altstadtfriedhof__5__c2fa1c0b63.jpg\",\"datePublished\":\"2025-04-26T09:54:55+00:00\",\"dateModified\":\"2025-11-20T11:35:52+00:00\",\"breadcrumb\":{\"@id\":\"https:\/\/www.tourismus.dachau.de\/kuenstlergraeber\/#breadcrumb\"},\"inLanguage\":\"es\",\"potentialAction\":[{\"@type\":\"ReadAction\",\"target\":[\"https:\/\/www.tourismus.dachau.de\/kuenstlergraeber\/\"]}]},{\"@type\":\"ImageObject\",\"inLanguage\":\"es\",\"@id\":\"https:\/\/www.tourismus.dachau.de\/kuenstlergraeber\/#primaryimage\",\"url\":\"https:\/\/www.tourismus.dachau.de\/wp-content\/uploads\/2025\/10\/csm_Altstadtfriedhof__5__c2fa1c0b63.jpg\",\"contentUrl\":\"https:\/\/www.tourismus.dachau.de\/wp-content\/uploads\/2025\/10\/csm_Altstadtfriedhof__5__c2fa1c0b63.jpg\",\"width\":767,\"height\":329},{\"@type\":\"BreadcrumbList\",\"@id\":\"https:\/\/www.tourismus.dachau.de\/kuenstlergraeber\/#breadcrumb\",\"itemListElement\":[{\"@type\":\"ListItem\",\"position\":1,\"name\":\"Startseite\",\"item\":\"https:\/\/www.tourismus.dachau.de\/\"},{\"@type\":\"ListItem\",\"position\":2,\"name\":\"K\u00fcnstlergr\u00e4ber\"}]},{\"@type\":\"WebSite\",\"@id\":\"https:\/\/www.tourismus.dachau.de\/#website\",\"url\":\"https:\/\/www.tourismus.dachau.de\/\",\"name\":\"Dachau Tourismus\",\"description\":\"Wir freuen uns \u00fcber Ihren Besuch auf unserer Website.\",\"publisher\":{\"@id\":\"https:\/\/www.tourismus.dachau.de\/#organization\"},\"potentialAction\":[{\"@type\":\"SearchAction\",\"target\":{\"@type\":\"EntryPoint\",\"urlTemplate\":\"https:\/\/www.tourismus.dachau.de\/?s={search_term_string}\"},\"query-input\":{\"@type\":\"PropertyValueSpecification\",\"valueRequired\":true,\"valueName\":\"search_term_string\"}}],\"inLanguage\":\"es\"},{\"@type\":\"Organization\",\"@id\":\"https:\/\/www.tourismus.dachau.de\/#organization\",\"name\":\"Dachau Tourismus\",\"url\":\"https:\/\/www.tourismus.dachau.de\/\",\"logo\":{\"@type\":\"ImageObject\",\"inLanguage\":\"es\",\"@id\":\"https:\/\/www.tourismus.dachau.de\/#\/schema\/logo\/image\/\",\"url\":\"\",\"contentUrl\":\"\",\"caption\":\"Dachau Tourismus\"},\"image\":{\"@id\":\"https:\/\/www.tourismus.dachau.de\/#\/schema\/logo\/image\/\"}}]}<\/script>\n<!-- \/ Yoast SEO plugin. -->","yoast_head_json":{"title":"Tumbas de artistas - Dachau Tourismus","robots":{"index":"index","follow":"follow","max-snippet":"max-snippet:-1","max-image-preview":"max-image-preview:large","max-video-preview":"max-video-preview:-1"},"canonical":"https:\/\/www.tourismus.dachau.de\/es\/kuenstlergraeber\/","og_locale":"es_ES","og_type":"article","og_title":"K\u00fcnstlergr\u00e4ber - Dachau Tourismus","og_description":"K\u00fcnstlergr\u00e4ber in Dachau Ruheinseln inmitten der Stadt und letzte Ruhest\u00e4tte f\u00fcr viele K\u00fcnstler sind der Alte Friedhof in der Altstadt der Waldfriedhof und der Friedhof Etzenhausen. Die Gr\u00e4ber von bekannten Pers\u00f6nlichkeiten wie Hermann Stockmann, Paula Wimmer und Carl Thiemann sind mit Bronze- oder Tonplaketten gekennzeichnet.\u00a0","og_url":"https:\/\/www.tourismus.dachau.de\/es\/kuenstlergraeber\/","og_site_name":"Dachau Tourismus","article_modified_time":"2025-11-20T11:35:52+00:00","og_image":[{"width":767,"height":329,"url":"https:\/\/www.tourismus.dachau.de\/wp-content\/uploads\/2025\/10\/csm_Altstadtfriedhof__5__c2fa1c0b63.jpg","type":"image\/jpeg"}],"twitter_card":"summary_large_image","twitter_misc":{"Tiempo de lectura":"1 minuto"},"schema":{"@context":"https:\/\/schema.org","@graph":[{"@type":"WebPage","@id":"https:\/\/www.tourismus.dachau.de\/kuenstlergraeber\/","url":"https:\/\/www.tourismus.dachau.de\/kuenstlergraeber\/","name":"Tumbas de artistas - Dachau Tourismus","isPartOf":{"@id":"https:\/\/www.tourismus.dachau.de\/#website"},"primaryImageOfPage":{"@id":"https:\/\/www.tourismus.dachau.de\/kuenstlergraeber\/#primaryimage"},"image":{"@id":"https:\/\/www.tourismus.dachau.de\/kuenstlergraeber\/#primaryimage"},"thumbnailUrl":"https:\/\/www.tourismus.dachau.de\/wp-content\/uploads\/2025\/10\/csm_Altstadtfriedhof__5__c2fa1c0b63.jpg","datePublished":"2025-04-26T09:54:55+00:00","dateModified":"2025-11-20T11:35:52+00:00","breadcrumb":{"@id":"https:\/\/www.tourismus.dachau.de\/kuenstlergraeber\/#breadcrumb"},"inLanguage":"es","potentialAction":[{"@type":"ReadAction","target":["https:\/\/www.tourismus.dachau.de\/kuenstlergraeber\/"]}]},{"@type":"ImageObject","inLanguage":"es","@id":"https:\/\/www.tourismus.dachau.de\/kuenstlergraeber\/#primaryimage","url":"https:\/\/www.tourismus.dachau.de\/wp-content\/uploads\/2025\/10\/csm_Altstadtfriedhof__5__c2fa1c0b63.jpg","contentUrl":"https:\/\/www.tourismus.dachau.de\/wp-content\/uploads\/2025\/10\/csm_Altstadtfriedhof__5__c2fa1c0b63.jpg","width":767,"height":329},{"@type":"BreadcrumbList","@id":"https:\/\/www.tourismus.dachau.de\/kuenstlergraeber\/#breadcrumb","itemListElement":[{"@type":"ListItem","position":1,"name":"Startseite","item":"https:\/\/www.tourismus.dachau.de\/"},{"@type":"ListItem","position":2,"name":"K\u00fcnstlergr\u00e4ber"}]},{"@type":"WebSite","@id":"https:\/\/www.tourismus.dachau.de\/#website","url":"https:\/\/www.tourismus.dachau.de\/","name":"Turismo en Dachau","description":"Esperamos su visita a nuestro sitio web.","publisher":{"@id":"https:\/\/www.tourismus.dachau.de\/#organization"},"potentialAction":[{"@type":"SearchAction","target":{"@type":"EntryPoint","urlTemplate":"https:\/\/www.tourismus.dachau.de\/?s={search_term_string}"},"query-input":{"@type":"PropertyValueSpecification","valueRequired":true,"valueName":"search_term_string"}}],"inLanguage":"es"},{"@type":"Organization","@id":"https:\/\/www.tourismus.dachau.de\/#organization","name":"Turismo en Dachau","url":"https:\/\/www.tourismus.dachau.de\/","logo":{"@type":"ImageObject","inLanguage":"es","@id":"https:\/\/www.tourismus.dachau.de\/#\/schema\/logo\/image\/","url":"","contentUrl":"","caption":"Dachau Tourismus"},"image":{"@id":"https:\/\/www.tourismus.dachau.de\/#\/schema\/logo\/image\/"}}]}},"_links":{"self":[{"href":"https:\/\/www.tourismus.dachau.de\/es\/wp-json\/wp\/v2\/pages\/46910","targetHints":{"allow":["GET"]}}],"collection":[{"href":"https:\/\/www.tourismus.dachau.de\/es\/wp-json\/wp\/v2\/pages"}],"about":[{"href":"https:\/\/www.tourismus.dachau.de\/es\/wp-json\/wp\/v2\/types\/page"}],"author":[{"embeddable":true,"href":"https:\/\/www.tourismus.dachau.de\/es\/wp-json\/wp\/v2\/users\/12"}],"replies":[{"embeddable":true,"href":"https:\/\/www.tourismus.dachau.de\/es\/wp-json\/wp\/v2\/comments?post=46910"}],"version-history":[{"count":10,"href":"https:\/\/www.tourismus.dachau.de\/es\/wp-json\/wp\/v2\/pages\/46910\/revisions"}],"predecessor-version":[{"id":49785,"href":"https:\/\/www.tourismus.dachau.de\/es\/wp-json\/wp\/v2\/pages\/46910\/revisions\/49785"}],"wp:featuredmedia":[{"embeddable":true,"href":"https:\/\/www.tourismus.dachau.de\/es\/wp-json\/wp\/v2\/media\/48661"}],"wp:attachment":[{"href":"https:\/\/www.tourismus.dachau.de\/es\/wp-json\/wp\/v2\/media?parent=46910"}],"wp:term":[{"taxonomy":"category","embeddable":true,"href":"https:\/\/www.tourismus.dachau.de\/es\/wp-json\/wp\/v2\/categories?post=46910"},{"taxonomy":"post_tag","embeddable":true,"href":"https:\/\/www.tourismus.dachau.de\/es\/wp-json\/wp\/v2\/tags?post=46910"}],"curies":[{"name":"wp","href":"https:\/\/api.w.org\/{rel}","templated":true}]}}