{"id":48813,"date":"2025-11-04T09:50:35","date_gmt":"2025-11-04T08:50:35","guid":{"rendered":"https:\/\/www.tourismus.dachau.de\/?page_id=48813"},"modified":"2026-01-05T13:58:01","modified_gmt":"2026-01-05T12:58:01","slug":"newsletter","status":"publish","type":"page","link":"https:\/\/www.tourismus.dachau.de\/es\/newsletter\/","title":{"rendered":"Bolet\u00edn"},"content":{"rendered":"<div data-elementor-type=\"wp-page\" data-elementor-id=\"48813\" class=\"elementor elementor-48813\" data-elementor-post-type=\"page\">\n\t\t\t\t<div class=\"elementor-element elementor-element-42eec5e elementor-repeater-item-ang_container_padding_3 e-flex e-con-boxed sk-none elementor-repeater-item-none elementor-repeater-item-none_hover e-con e-parent\" data-id=\"42eec5e\" data-element_type=\"container\" data-settings=\"{&quot;jet_parallax_layout_list&quot;:[],&quot;background_background&quot;:&quot;classic&quot;,&quot;ang_container_spacing_size&quot;:&quot;ang_container_padding_3&quot;}\">\n\t\t\t\t\t<div class=\"e-con-inner\">\n\t\t<div class=\"elementor-element elementor-element-bc8aaf3 e-con-full elementor-repeater-item-ang_container_padding_4 e-flex sk-none elementor-repeater-item-none elementor-repeater-item-none_hover elementor-invisible e-con e-child\" data-id=\"bc8aaf3\" data-element_type=\"container\" data-settings=\"{&quot;ang_container_spacing_size&quot;:&quot;ang_container_padding_4&quot;,&quot;background_background&quot;:&quot;classic&quot;,&quot;jet_parallax_layout_list&quot;:[],&quot;animation&quot;:&quot;fadeInLeft&quot;}\">\n\t\t<div class=\"elementor-element elementor-element-4d6573b e-con-full elementor-repeater-item-none_hover e-flex elementor-repeater-item-default_padding elementor-repeater-item-none e-con e-child\" data-id=\"4d6573b\" data-element_type=\"container\" data-settings=\"{&quot;jet_parallax_layout_list&quot;:[],&quot;ang_container_spacing_size&quot;:&quot;default_padding&quot;}\">\n\t\t\t\t<div class=\"elementor-element elementor-element-c256956 elementor-repeater-item-none elementor-repeater-item-none_hover elementor-widget elementor-widget-heading\" data-id=\"c256956\" data-element_type=\"widget\" data-widget_type=\"heading.default\">\n\t\t\t\t<div class=\"elementor-widget-container\">\n\t\t\t\t\t<h2 class=\"elementor-heading-title elementor-size-default\">Mant\u00e9ngase al d\u00eda con nuestro <span style=\"font-family: Kalam, sans-serif;letter-spacing: -0.2px\">Turismo <\/span><span style=\"font-family: Kalam, sans-serif;letter-spacing: -0.2px\">Bolet\u00edn actualizado<\/span><span style=\"font-family: Kalam, sans-serif;letter-spacing: -0.2px\"><\/span><br><\/h2>\t\t\t\t<\/div>\n\t\t\t\t<\/div>\n\t\t\t\t<div class=\"elementor-element elementor-element-c0962b9 elementor-widget__width-inherit elementor-repeater-item-none elementor-repeater-item-none_hover elementor-widget elementor-widget-text-editor\" data-id=\"c0962b9\" data-element_type=\"widget\" data-widget_type=\"text-editor.default\">\n\t\t\t\t<div class=\"elementor-widget-container\">\n\t\t\t\t\t\t\t\t\t<p data-start=\"71\" data-end=\"245\"><strong data-start=\"71\" data-end=\"139\">Sepa siempre qu\u00e9 hay que ver en Dachau, \u00a1directamente a su bandeja de entrada!<\/strong><br data-start=\"139\" data-end=\"142\" \/>Con el <em data-start=\"150\" data-end=\"171\">Bolet\u00edn tur\u00edstico de Dachau<\/em> recibir\u00e1 peri\u00f3dicamente las noticias m\u00e1s interesantes de nuestra ciudad:<\/p><ul data-start=\"246\" data-end=\"452\"><li data-start=\"246\" data-end=\"313\"><p data-start=\"248\" data-end=\"313\">Consejos sobre eventos, excursiones y exposiciones actuales<\/p><\/li><li data-start=\"314\" data-end=\"384\"><p data-start=\"316\" data-end=\"384\">Lo m\u00e1s destacado de la temporada: el mercado navide\u00f1o, el verano musical y el festival folcl\u00f3rico de Dachau<\/p><\/li><li data-start=\"385\" data-end=\"452\"><p data-start=\"387\" data-end=\"452\">Datos interesantes e inspiradores de la escena art\u00edstica y cultural<\/p><\/li><\/ul><p data-start=\"454\" data-end=\"545\"><strong data-start=\"454\" data-end=\"543\">No se pierda nada: \u00a1inscr\u00edbase gratis ahora!<\/strong><\/p><p data-start=\"547\" data-end=\"581\">\ud83d\udc49 <em data-start=\"550\" data-end=\"581\">Suscr\u00edbase al bolet\u00edn de turismo aqu\u00ed.<\/em><\/p>\t\t\t\t\t\t\t\t<\/div>\n\t\t\t\t<\/div>\n\t\t\t\t<\/div>\n\t\t<div class=\"elementor-element elementor-element-071c515 e-con-full elementor-repeater-item-ang_container_no_padding e-flex sk-none elementor-repeater-item-none elementor-repeater-item-none_hover e-con e-child\" data-id=\"071c515\" data-element_type=\"container\" data-settings=\"{&quot;jet_parallax_layout_list&quot;:[],&quot;ang_container_spacing_size&quot;:&quot;ang_container_no_padding&quot;,&quot;background_background&quot;:&quot;classic&quot;}\">\n\t\t\t\t<div class=\"elementor-element elementor-element-d82fe8e elementor-repeater-item-none elementor-repeater-item-none_hover elementor-widget elementor-widget-heading\" data-id=\"d82fe8e\" data-element_type=\"widget\" data-widget_type=\"heading.default\">\n\t\t\t\t<div class=\"elementor-widget-container\">\n\t\t\t\t\t<h5 class=\"elementor-heading-title elementor-size-default\">Suscr\u00edbase ahora al bolet\u00edn de turismo<\/h5>\t\t\t\t<\/div>\n\t\t\t\t<\/div>\n\t\t\t\t<div class=\"elementor-element elementor-element-9e4166f elementor-repeater-item-none elementor-repeater-item-none_hover elementor-widget elementor-widget-shortcode\" data-id=\"9e4166f\" data-element_type=\"widget\" data-widget_type=\"shortcode.default\">\n\t\t\t\t<div class=\"elementor-widget-container\">\n\t\t\t\t\t\t\t<div class=\"elementor-shortcode\"><div class=\"tnp tnp-subscription\">\n<form method=\"post\" action=\"https:\/\/www.tourismus.dachau.de\/wp-admin\/admin-ajax.php?action=tnp&amp;na=s\">\n<input type=\"hidden\" name=\"nlang\" value=\"\">\n<div class=\"tnp-field tnp-field-firstname\"><label for=\"tnp-1\">Nombre<\/label>\n<input class=\"tnp-name\" type=\"text\" name=\"nn\" id=\"tnp-1\" value=\"\" placeholder=\"\"><\/div>\n<div class=\"tnp-field tnp-field-email\"><label for=\"tnp-2\">Correo electr\u00f3nico<\/label>\n<input class=\"tnp-email\" type=\"email\" name=\"ne\" id=\"tnp-2\" value=\"\" placeholder=\"\" required><\/div>\n<div class=\"tnp-field tnp-privacy-field\"><label><input type=\"checkbox\" name=\"ny\" required class=\"tnp-privacy\"> <a target=\"_blank\" href=\"https:\/\/www.tourismus.dachau.de\/es\/datenschutz\/\">Acepto la pol\u00edtica de privacidad<\/a><\/label><\/div><div class=\"tnp-field tnp-field-button\" style=\"text-align: left\"><input class=\"tnp-submit\" type=\"submit\" value=\"Suscribirse\" style=\"\">\n<\/div>\n<\/form>\n<\/div>\n<\/div>\n\t\t\t\t\t\t<\/div>\n\t\t\t\t<\/div>\n\t\t\t\t<\/div>\n\t\t\t\t<\/div>\n\t\t\t\t\t<\/div>\n\t\t\t\t<\/div>\n\t\t\t\t<\/div>","protected":false},"excerpt":{"rendered":"<p>Mant\u00e9ngase al d\u00eda con nuestro bolet\u00edn tur\u00edstico Sepa siempre lo que hay que ver en Dachau, directamente en su bandeja de entrada Con el bolet\u00edn tur\u00edstico de Dachau recibir\u00e1 regularmente las noticias m\u00e1s interesantes de nuestra ciudad: consejos sobre eventos, excursiones y exposiciones actuales Lo m\u00e1s destacado de las estaciones: el mercado navide\u00f1o, el verano musical y el festival folcl\u00f3rico de Dachau Interesantes [...].<\/p>","protected":false},"author":12,"featured_media":0,"parent":0,"menu_order":0,"comment_status":"closed","ping_status":"closed","template":"","meta":{"iawp_total_views":256,"footnotes":""},"categories":[],"tags":[],"class_list":["post-48813","page","type-page","status-publish","hentry"],"yoast_head":"<!-- This site is optimized with the Yoast SEO plugin v26.5 - https:\/\/yoast.com\/wordpress\/plugins\/seo\/ -->\n<title>Newsletter - Dachau Tourismus<\/title>\n<meta name=\"robots\" content=\"index, follow, max-snippet:-1, max-image-preview:large, max-video-preview:-1\" \/>\n<link rel=\"canonical\" href=\"https:\/\/www.tourismus.dachau.de\/es\/newsletter\/\" \/>\n<meta property=\"og:locale\" content=\"es_ES\" \/>\n<meta property=\"og:type\" content=\"article\" \/>\n<meta property=\"og:title\" content=\"Newsletter - Dachau Tourismus\" \/>\n<meta property=\"og:description\" content=\"Bleiben Sie mit unserem Tourismus Newsletter auf dem Laufenden Immer wissen, was es in Dachau zu sehen gibt \u2013 direkt in Ihrem Postfach!Mit dem Dachauer Tourismus Newsletter erhalten Sie regelm\u00e4\u00dfig die spannendsten Neuigkeiten aus unserer Stadt: Tipps zu Veranstaltungen, Ausfl\u00fcgen und aktuellen Ausstellungen Highlights der Jahreszeiten: zum Christkindlmarkt, dem Musiksommer und dem Dachauer Volksfest Interessantes [&hellip;]\" \/>\n<meta property=\"og:url\" content=\"https:\/\/www.tourismus.dachau.de\/es\/newsletter\/\" \/>\n<meta property=\"og:site_name\" content=\"Dachau Tourismus\" \/>\n<meta property=\"article:modified_time\" content=\"2026-01-05T12:58:01+00:00\" \/>\n<meta name=\"twitter:card\" content=\"summary_large_image\" \/>\n<meta name=\"twitter:label1\" content=\"Tiempo de lectura\" \/>\n\t<meta name=\"twitter:data1\" content=\"1 minuto\" \/>\n<script type=\"application\/ld+json\" class=\"yoast-schema-graph\">{\"@context\":\"https:\/\/schema.org\",\"@graph\":[{\"@type\":\"WebPage\",\"@id\":\"https:\/\/www.tourismus.dachau.de\/newsletter\/\",\"url\":\"https:\/\/www.tourismus.dachau.de\/newsletter\/\",\"name\":\"Newsletter - Dachau Tourismus\",\"isPartOf\":{\"@id\":\"https:\/\/www.tourismus.dachau.de\/#website\"},\"datePublished\":\"2025-11-04T08:50:35+00:00\",\"dateModified\":\"2026-01-05T12:58:01+00:00\",\"breadcrumb\":{\"@id\":\"https:\/\/www.tourismus.dachau.de\/newsletter\/#breadcrumb\"},\"inLanguage\":\"es\",\"potentialAction\":[{\"@type\":\"ReadAction\",\"target\":[\"https:\/\/www.tourismus.dachau.de\/newsletter\/\"]}]},{\"@type\":\"BreadcrumbList\",\"@id\":\"https:\/\/www.tourismus.dachau.de\/newsletter\/#breadcrumb\",\"itemListElement\":[{\"@type\":\"ListItem\",\"position\":1,\"name\":\"Startseite\",\"item\":\"https:\/\/www.tourismus.dachau.de\/\"},{\"@type\":\"ListItem\",\"position\":2,\"name\":\"Newsletter\"}]},{\"@type\":\"WebSite\",\"@id\":\"https:\/\/www.tourismus.dachau.de\/#website\",\"url\":\"https:\/\/www.tourismus.dachau.de\/\",\"name\":\"Dachau Tourismus\",\"description\":\"Wir freuen uns \u00fcber Ihren Besuch auf unserer Website.\",\"publisher\":{\"@id\":\"https:\/\/www.tourismus.dachau.de\/#organization\"},\"potentialAction\":[{\"@type\":\"SearchAction\",\"target\":{\"@type\":\"EntryPoint\",\"urlTemplate\":\"https:\/\/www.tourismus.dachau.de\/?s={search_term_string}\"},\"query-input\":{\"@type\":\"PropertyValueSpecification\",\"valueRequired\":true,\"valueName\":\"search_term_string\"}}],\"inLanguage\":\"es\"},{\"@type\":\"Organization\",\"@id\":\"https:\/\/www.tourismus.dachau.de\/#organization\",\"name\":\"Dachau Tourismus\",\"url\":\"https:\/\/www.tourismus.dachau.de\/\",\"logo\":{\"@type\":\"ImageObject\",\"inLanguage\":\"es\",\"@id\":\"https:\/\/www.tourismus.dachau.de\/#\/schema\/logo\/image\/\",\"url\":\"\",\"contentUrl\":\"\",\"caption\":\"Dachau Tourismus\"},\"image\":{\"@id\":\"https:\/\/www.tourismus.dachau.de\/#\/schema\/logo\/image\/\"}}]}<\/script>\n<!-- \/ Yoast SEO plugin. -->","yoast_head_json":{"title":"Bolet\u00edn - Turismo en Dachau","robots":{"index":"index","follow":"follow","max-snippet":"max-snippet:-1","max-image-preview":"max-image-preview:large","max-video-preview":"max-video-preview:-1"},"canonical":"https:\/\/www.tourismus.dachau.de\/es\/newsletter\/","og_locale":"es_ES","og_type":"article","og_title":"Newsletter - Dachau Tourismus","og_description":"Bleiben Sie mit unserem Tourismus Newsletter auf dem Laufenden Immer wissen, was es in Dachau zu sehen gibt \u2013 direkt in Ihrem Postfach!Mit dem Dachauer Tourismus Newsletter erhalten Sie regelm\u00e4\u00dfig die spannendsten Neuigkeiten aus unserer Stadt: Tipps zu Veranstaltungen, Ausfl\u00fcgen und aktuellen Ausstellungen Highlights der Jahreszeiten: zum Christkindlmarkt, dem Musiksommer und dem Dachauer Volksfest Interessantes [&hellip;]","og_url":"https:\/\/www.tourismus.dachau.de\/es\/newsletter\/","og_site_name":"Dachau Tourismus","article_modified_time":"2026-01-05T12:58:01+00:00","twitter_card":"summary_large_image","twitter_misc":{"Tiempo de lectura":"1 minuto"},"schema":{"@context":"https:\/\/schema.org","@graph":[{"@type":"WebPage","@id":"https:\/\/www.tourismus.dachau.de\/newsletter\/","url":"https:\/\/www.tourismus.dachau.de\/newsletter\/","name":"Bolet\u00edn - Turismo en Dachau","isPartOf":{"@id":"https:\/\/www.tourismus.dachau.de\/#website"},"datePublished":"2025-11-04T08:50:35+00:00","dateModified":"2026-01-05T12:58:01+00:00","breadcrumb":{"@id":"https:\/\/www.tourismus.dachau.de\/newsletter\/#breadcrumb"},"inLanguage":"es","potentialAction":[{"@type":"ReadAction","target":["https:\/\/www.tourismus.dachau.de\/newsletter\/"]}]},{"@type":"BreadcrumbList","@id":"https:\/\/www.tourismus.dachau.de\/newsletter\/#breadcrumb","itemListElement":[{"@type":"ListItem","position":1,"name":"Startseite","item":"https:\/\/www.tourismus.dachau.de\/"},{"@type":"ListItem","position":2,"name":"Newsletter"}]},{"@type":"WebSite","@id":"https:\/\/www.tourismus.dachau.de\/#website","url":"https:\/\/www.tourismus.dachau.de\/","name":"Turismo en Dachau","description":"Esperamos su visita a nuestro sitio web.","publisher":{"@id":"https:\/\/www.tourismus.dachau.de\/#organization"},"potentialAction":[{"@type":"SearchAction","target":{"@type":"EntryPoint","urlTemplate":"https:\/\/www.tourismus.dachau.de\/?s={search_term_string}"},"query-input":{"@type":"PropertyValueSpecification","valueRequired":true,"valueName":"search_term_string"}}],"inLanguage":"es"},{"@type":"Organization","@id":"https:\/\/www.tourismus.dachau.de\/#organization","name":"Turismo en Dachau","url":"https:\/\/www.tourismus.dachau.de\/","logo":{"@type":"ImageObject","inLanguage":"es","@id":"https:\/\/www.tourismus.dachau.de\/#\/schema\/logo\/image\/","url":"","contentUrl":"","caption":"Dachau Tourismus"},"image":{"@id":"https:\/\/www.tourismus.dachau.de\/#\/schema\/logo\/image\/"}}]}},"_links":{"self":[{"href":"https:\/\/www.tourismus.dachau.de\/es\/wp-json\/wp\/v2\/pages\/48813","targetHints":{"allow":["GET"]}}],"collection":[{"href":"https:\/\/www.tourismus.dachau.de\/es\/wp-json\/wp\/v2\/pages"}],"about":[{"href":"https:\/\/www.tourismus.dachau.de\/es\/wp-json\/wp\/v2\/types\/page"}],"author":[{"embeddable":true,"href":"https:\/\/www.tourismus.dachau.de\/es\/wp-json\/wp\/v2\/users\/12"}],"replies":[{"embeddable":true,"href":"https:\/\/www.tourismus.dachau.de\/es\/wp-json\/wp\/v2\/comments?post=48813"}],"version-history":[{"count":10,"href":"https:\/\/www.tourismus.dachau.de\/es\/wp-json\/wp\/v2\/pages\/48813\/revisions"}],"predecessor-version":[{"id":51754,"href":"https:\/\/www.tourismus.dachau.de\/es\/wp-json\/wp\/v2\/pages\/48813\/revisions\/51754"}],"wp:attachment":[{"href":"https:\/\/www.tourismus.dachau.de\/es\/wp-json\/wp\/v2\/media?parent=48813"}],"wp:term":[{"taxonomy":"category","embeddable":true,"href":"https:\/\/www.tourismus.dachau.de\/es\/wp-json\/wp\/v2\/categories?post=48813"},{"taxonomy":"post_tag","embeddable":true,"href":"https:\/\/www.tourismus.dachau.de\/es\/wp-json\/wp\/v2\/tags?post=48813"}],"curies":[{"name":"wp","href":"https:\/\/api.w.org\/{rel}","templated":true}]}}