{"id":30555,"date":"2024-02-25T12:06:51","date_gmt":"2024-02-25T11:06:51","guid":{"rendered":"https:\/\/v3.gemeinde-entwickler.de\/?page_id=30555"},"modified":"2025-04-23T21:31:34","modified_gmt":"2025-04-23T19:31:34","slug":"impressum","status":"publish","type":"page","link":"https:\/\/www.tourismus.dachau.de\/fr\/impressum\/","title":{"rendered":"Mentions l\u00e9gales"},"content":{"rendered":"<div data-elementor-type=\"wp-post\" data-elementor-id=\"30555\" class=\"elementor elementor-30555\" data-elementor-post-type=\"page\">\n\t\t\t\t<div class=\"elementor-element elementor-element-125c5d1 elementor-repeater-item-ang_container_padding_3 e-flex e-con-boxed sk-none elementor-repeater-item-none elementor-repeater-item-none_hover e-con e-parent\" data-id=\"125c5d1\" data-element_type=\"container\" data-settings=\"{&quot;jet_parallax_layout_list&quot;:[],&quot;background_background&quot;:&quot;classic&quot;,&quot;ang_container_spacing_size&quot;:&quot;ang_container_padding_3&quot;}\">\n\t\t\t\t\t<div class=\"e-con-inner\">\n\t\t\t\t<div class=\"elementor-element elementor-element-7e52f28 elementor-repeater-item-none elementor-repeater-item-none_hover elementor-widget elementor-widget-text-editor\" data-id=\"7e52f28\" data-element_type=\"widget\" data-widget_type=\"text-editor.default\">\n\t\t\t\t<div class=\"elementor-widget-container\">\n\t\t\t\t\t\t\t\t\t<p><strong>Mentions l\u00e9gales combin\u00e9es (identification du fournisseur)<\/strong><br \/>Le fournisseur et donc le responsable de l'offre commerciale et professionnelle en ligne est la ville de Dachau, repr\u00e9sent\u00e9e par son maire, Florian Hartmann.<\/p><p>\u00a0<\/p><p><strong>Informations conform\u00e9ment au \u00a7 2, alin\u00e9a 1 du d\u00e9cret relatif aux obligations d'information sur les services (DL-InfoV)<\/strong><br \/>Cette offre en ligne est une offre d'information de la<\/p><p>Grand chef-lieu de district Dachau<br \/>Rue Konrad Adenauer 2-6<br \/>D-85221 Dachau<br \/>GERMANY<\/p><p>Courrier \u00e9lectronique :\u00a0<a>stadt@dachau.de<\/a><br \/>Adresse De-Mail :\u00a0<a>info@dachau.de-mail.de<\/a><br \/>Web :\u00a0<a href=\"http:\/\/www.dachau.de\/\" target=\"_blank\" rel=\"noopener noreferrer nofollow\">www.dachau.de<\/a><br \/>T\u00e9l\u00e9phone : +49 8131 75-0<br \/>T\u00e9l\u00e9copieur : +49 8131 75-44299<\/p><p>Tribunal d'instance comp\u00e9tent : Dachau<br \/>Forme juridique : collectivit\u00e9 de droit public (Kd\u00f6R)<\/p><p>Droit applicable : droit de la R\u00e9publique f\u00e9d\u00e9rale d'Allemagne (RFA)<\/p><p>Bureau des finances de Freising<br \/>Num\u00e9ro d'identification de la taxe sur le chiffre d'affaires : DE 128 255 122<\/p><p>Pouvoir de repr\u00e9sentation : Maire Florian Hartmann<\/p><p>\u00a0<\/p><p><strong>Autorit\u00e9 de surveillance comp\u00e9tente<\/strong><br \/>Bureau du district de Dachau<br \/>Chemin de l'\u00e9tang 16<br \/>D-85221 Dachau<br \/>T\u00e9l\u00e9phone : +49 8131 74-0<br \/>T\u00e9l\u00e9copieur : +49 8131 74 -374<br \/>Courrier \u00e9lectronique :\u00a0<a>poststelle@lra-dah.bayern.de<\/a><br \/>Web :\u00a0<a href=\"http:\/\/www.landratsamt-dachau.de\/\" target=\"_blank\" rel=\"noopener noreferrer nofollow\">www.landratsamt-dachau.de<\/a><\/p><p>\u00a0<\/p><p><strong>Responsable des contributions r\u00e9dactionnelles journalistiques conform\u00e9ment au \u00a7 55 alin\u00e9a 2 du trait\u00e9 d'\u00c9tat sur la radiodiffusion et les t\u00e9l\u00e9m\u00e9dias (RStV) :<\/strong><br \/>La responsabilit\u00e9 est r\u00e9partie par th\u00e8me entre les chefs de service suivants :<\/p><p>\u00a0<\/p><p><strong>Bureau principal<\/strong><br \/>Josef Hermann (Hauptamtsleiter), Konrad-Adenauer-Stra\u00dfe 2-6, D-85221 Dachau, e-mail :\u00a0<a>hauptamt@dachau.de<\/a><\/p><p>\u00a0<\/p><p><strong>Office de la culture, du tourisme et de l'histoire contemporaine<\/strong><br \/>Tobias Schneider, Konrad-Adenauer-Stra\u00dfe 2-6, D-85221 Dachau, e-mail :\u00a0<a>kulturamt@dachau.de<\/a><\/p><p>\u00a0<\/p><p><strong>Tr\u00e9sorerie municipale<\/strong><br \/>Thomas Ernst (Stadtk\u00e4mmerer), Konrad-Adenauer-Stra\u00dfe 2-6, D-85221 Dachau, e-mail :\u00a0<a>kaemmerei@dachau.de<\/a><\/p><p>\u00a0<\/p><p><strong>Service des \u00e9coles, de l'enfance, de la jeunesse, des affaires sociales et des sports<\/strong><br \/>Markus Haberl, Konrad-Adenauer-Stra\u00dfe 2-6, D-85221 Dachau, e-mail :\u00a0<a>soziales@dachau.de<\/a><\/p><p>\u00a0<\/p><p><strong>Service de l'urbanisme<\/strong><br \/>Moritz Reinhold, Konrad-Adenauer-Stra\u00dfe 2-6, D-85221 Dachau, e-mail :\u00a0<a>stadtbauamt@dachau.de<\/a><\/p><p>\u00a0<\/p><p><strong>Bureau d'audit<\/strong><br \/>Jochen Reichert, Konrad-Adenauer-Stra\u00dfe 2-6, D-85221 Dachau, e-mail :\u00a0<a>rechnungspruefung@dachau.de<\/a><\/p><p>\u00a0<\/p><p><strong>Responsable de tous les autres contenus<\/strong><br \/>Maire Florian Hartmann<br \/>Konrad-Adenauer-Stra\u00dfe 2-6, D-85221 Dachau E-mail :\u00a0<a>ob-buero@dachau.de<\/a><\/p><p>\u00a0<\/p><p><strong>D\u00e9l\u00e9gu\u00e9s \u00e0 la protection des donn\u00e9es conform\u00e9ment \u00e0 l'article 37 du RGPD<\/strong><br \/>Harald M\u00fcller (d\u00e9l\u00e9gu\u00e9 municipal \u00e0 la protection des donn\u00e9es)<br \/>Rue Konrad Adenauer 2-6<br \/>D-85221 Dachau<br \/>Courrier \u00e9lectronique :\u00a0<a>datenschutz@dachau.de<\/a><\/p><p>\u00a0<\/p><p><strong>Suivi technique et conceptuel de cette offre en ligne :<\/strong><br \/>Ville de Dachau<br \/>Division 1.3 Informatique et organisation<br \/>Rue Konrad Adenauer 2 - 6<br \/>D-85221 Dachau<\/p><p>\u00a0<\/p><p><strong>Responsabilit\u00e9<\/strong><br \/>En pla\u00e7ant un lien vers des offres en ligne de tiers (\u201ehyperliens\u201c), la ville de Dachau ne s'approprie ni ces offres en ligne ni leur contenu. De plus, la ville de Dachau n'est pas responsable de la disponibilit\u00e9 de ces offres en ligne ou de leur contenu.<\/p><p>\u00a0<\/p><p><strong>\u00a9 Copyright<\/strong><br \/>Tous droits r\u00e9serv\u00e9s. Les textes, images et graphiques ainsi que leur disposition dans l'offre en ligne sont soumis \u00e0 la protection des droits d'auteur et autres lois de protection. Le contenu de cette offre en ligne ne doit pas \u00eatre copi\u00e9, diffus\u00e9, modifi\u00e9 ou rendu accessible \u00e0 des tiers \u00e0 des fins commerciales.<\/p><p>\u00a0<\/p><p><strong>Copyright Sources des images :<\/strong><br \/>Ville de Dachau (photographe de la ville)<br \/>Administration centrale<br \/>Rue Konrad Adenauer 2 - 6<br \/>D-85221 Dachau<br \/>Monsieur Florian G\u00f6ttler<br \/>T\u00e9l\u00e9phone : +49 8131 75-318<\/p>\t\t\t\t\t\t\t\t<\/div>\n\t\t\t\t<\/div>\n\t\t\t\t\t<\/div>\n\t\t\t\t<\/div>\n\t\t\t\t<\/div>","protected":false},"excerpt":{"rendered":"<p>Mentions l\u00e9gales combin\u00e9es (identification du fournisseur)Le fournisseur et donc le responsable de l'offre commerciale et professionnelle en ligne est le Grand Arrondissement de Dachau, repr\u00e9sent\u00e9 par le maire Florian Hartmann.   Informations conform\u00e9ment au \u00a7 2, alin\u00e9a 1 du d\u00e9cret sur les obligations d'information sur les services (DL-InfoV)Cette offre en ligne est une offre d'information du Grand Arrondissement de DachauKonrad-Adenauer-Stra\u00dfe 2-6D-85221 DachauGERMANY E-Mail : stadt@dachau.deDe-Mail-Adresse : info@dachau.de-mail.deWeb : www.dachau.deTelefon : +49 8131 75-0T\u00e9l\u00e9fax : +49 8131 75-44299 Tribunal d'instance comp\u00e9tent : DachauForme juridique : collectivit\u00e9 de droit public [...].<\/p>","protected":false},"author":12,"featured_media":0,"parent":0,"menu_order":0,"comment_status":"closed","ping_status":"closed","template":"","meta":{"iawp_total_views":51,"footnotes":""},"categories":[],"tags":[],"class_list":["post-30555","page","type-page","status-publish","hentry"],"yoast_head":"<!-- This site is optimized with the Yoast SEO plugin v26.5 - https:\/\/yoast.com\/wordpress\/plugins\/seo\/ -->\n<title>Impressum - Dachau Tourismus<\/title>\n<meta name=\"robots\" content=\"index, follow, max-snippet:-1, max-image-preview:large, max-video-preview:-1\" \/>\n<link rel=\"canonical\" href=\"https:\/\/www.tourismus.dachau.de\/fr\/impressum\/\" \/>\n<meta property=\"og:locale\" content=\"fr_FR\" \/>\n<meta property=\"og:type\" content=\"article\" \/>\n<meta property=\"og:title\" content=\"Impressum - Dachau Tourismus\" \/>\n<meta property=\"og:description\" content=\"Kombinationsimpressum (Anbieterkennzeichnung)Anbieter und somit verantwortlich f\u00fcr das kommerzielle und gesch\u00e4ftsm\u00e4\u00dfige Onlineangebot ist die Gro\u00dfe Kreisstadt Dachau, vertreten durch den Oberb\u00fcrgermeister Florian Hartmann. \u00a0 Informationen gem\u00e4\u00df \u00a7 2 Absatz 1 Dienstleistungs-Informationspflichten-Verordnung (DL-InfoV)Dieses Onlineangebot ist ein Informationsangebot der Gro\u00dfen Kreisstadt DachauKonrad-Adenauer-Stra\u00dfe 2-6D-85221 DachauGERMANY E-Mail:\u00a0stadt@dachau.deDe-Mail-Adresse:\u00a0info@dachau.de-mail.deWeb:\u00a0www.dachau.deTelefon: +49 8131 75-0Telefax: +49 8131 75-44299 Zust\u00e4ndiges Amtsgericht: DachauRechtsform: K\u00f6rperschaft des \u00f6ffentlichen Rechts [&hellip;]\" \/>\n<meta property=\"og:url\" content=\"https:\/\/www.tourismus.dachau.de\/fr\/impressum\/\" \/>\n<meta property=\"og:site_name\" content=\"Dachau Tourismus\" \/>\n<meta property=\"article:modified_time\" content=\"2025-04-23T19:31:34+00:00\" \/>\n<meta name=\"twitter:card\" content=\"summary_large_image\" \/>\n<meta name=\"twitter:label1\" content=\"Dur\u00e9e de lecture estim\u00e9e\" \/>\n\t<meta name=\"twitter:data1\" content=\"2 minutes\" \/>\n<script type=\"application\/ld+json\" class=\"yoast-schema-graph\">{\"@context\":\"https:\/\/schema.org\",\"@graph\":[{\"@type\":\"WebPage\",\"@id\":\"https:\/\/www.tourismus.dachau.de\/impressum\/\",\"url\":\"https:\/\/www.tourismus.dachau.de\/impressum\/\",\"name\":\"Impressum - Dachau Tourismus\",\"isPartOf\":{\"@id\":\"https:\/\/www.tourismus.dachau.de\/#website\"},\"datePublished\":\"2024-02-25T11:06:51+00:00\",\"dateModified\":\"2025-04-23T19:31:34+00:00\",\"breadcrumb\":{\"@id\":\"https:\/\/www.tourismus.dachau.de\/impressum\/#breadcrumb\"},\"inLanguage\":\"fr-FR\",\"potentialAction\":[{\"@type\":\"ReadAction\",\"target\":[\"https:\/\/www.tourismus.dachau.de\/impressum\/\"]}]},{\"@type\":\"BreadcrumbList\",\"@id\":\"https:\/\/www.tourismus.dachau.de\/impressum\/#breadcrumb\",\"itemListElement\":[{\"@type\":\"ListItem\",\"position\":1,\"name\":\"Startseite\",\"item\":\"https:\/\/www.tourismus.dachau.de\/\"},{\"@type\":\"ListItem\",\"position\":2,\"name\":\"Impressum\"}]},{\"@type\":\"WebSite\",\"@id\":\"https:\/\/www.tourismus.dachau.de\/#website\",\"url\":\"https:\/\/www.tourismus.dachau.de\/\",\"name\":\"Dachau Tourismus\",\"description\":\"Wir freuen uns \u00fcber Ihren Besuch auf unserer Website.\",\"publisher\":{\"@id\":\"https:\/\/www.tourismus.dachau.de\/#organization\"},\"potentialAction\":[{\"@type\":\"SearchAction\",\"target\":{\"@type\":\"EntryPoint\",\"urlTemplate\":\"https:\/\/www.tourismus.dachau.de\/?s={search_term_string}\"},\"query-input\":{\"@type\":\"PropertyValueSpecification\",\"valueRequired\":true,\"valueName\":\"search_term_string\"}}],\"inLanguage\":\"fr-FR\"},{\"@type\":\"Organization\",\"@id\":\"https:\/\/www.tourismus.dachau.de\/#organization\",\"name\":\"Dachau Tourismus\",\"url\":\"https:\/\/www.tourismus.dachau.de\/\",\"logo\":{\"@type\":\"ImageObject\",\"inLanguage\":\"fr-FR\",\"@id\":\"https:\/\/www.tourismus.dachau.de\/#\/schema\/logo\/image\/\",\"url\":\"\",\"contentUrl\":\"\",\"caption\":\"Dachau Tourismus\"},\"image\":{\"@id\":\"https:\/\/www.tourismus.dachau.de\/#\/schema\/logo\/image\/\"}}]}<\/script>\n<!-- \/ Yoast SEO plugin. -->","yoast_head_json":{"title":"Mentions l\u00e9gales - Dachau Tourismus","robots":{"index":"index","follow":"follow","max-snippet":"max-snippet:-1","max-image-preview":"max-image-preview:large","max-video-preview":"max-video-preview:-1"},"canonical":"https:\/\/www.tourismus.dachau.de\/fr\/impressum\/","og_locale":"fr_FR","og_type":"article","og_title":"Impressum - Dachau Tourismus","og_description":"Kombinationsimpressum (Anbieterkennzeichnung)Anbieter und somit verantwortlich f\u00fcr das kommerzielle und gesch\u00e4ftsm\u00e4\u00dfige Onlineangebot ist die Gro\u00dfe Kreisstadt Dachau, vertreten durch den Oberb\u00fcrgermeister Florian Hartmann. \u00a0 Informationen gem\u00e4\u00df \u00a7 2 Absatz 1 Dienstleistungs-Informationspflichten-Verordnung (DL-InfoV)Dieses Onlineangebot ist ein Informationsangebot der Gro\u00dfen Kreisstadt DachauKonrad-Adenauer-Stra\u00dfe 2-6D-85221 DachauGERMANY E-Mail:\u00a0stadt@dachau.deDe-Mail-Adresse:\u00a0info@dachau.de-mail.deWeb:\u00a0www.dachau.deTelefon: +49 8131 75-0Telefax: +49 8131 75-44299 Zust\u00e4ndiges Amtsgericht: DachauRechtsform: K\u00f6rperschaft des \u00f6ffentlichen Rechts [&hellip;]","og_url":"https:\/\/www.tourismus.dachau.de\/fr\/impressum\/","og_site_name":"Dachau Tourismus","article_modified_time":"2025-04-23T19:31:34+00:00","twitter_card":"summary_large_image","twitter_misc":{"Dur\u00e9e de lecture estim\u00e9e":"2 minutes"},"schema":{"@context":"https:\/\/schema.org","@graph":[{"@type":"WebPage","@id":"https:\/\/www.tourismus.dachau.de\/impressum\/","url":"https:\/\/www.tourismus.dachau.de\/impressum\/","name":"Mentions l\u00e9gales - Dachau Tourismus","isPartOf":{"@id":"https:\/\/www.tourismus.dachau.de\/#website"},"datePublished":"2024-02-25T11:06:51+00:00","dateModified":"2025-04-23T19:31:34+00:00","breadcrumb":{"@id":"https:\/\/www.tourismus.dachau.de\/impressum\/#breadcrumb"},"inLanguage":"fr-FR","potentialAction":[{"@type":"ReadAction","target":["https:\/\/www.tourismus.dachau.de\/impressum\/"]}]},{"@type":"BreadcrumbList","@id":"https:\/\/www.tourismus.dachau.de\/impressum\/#breadcrumb","itemListElement":[{"@type":"ListItem","position":1,"name":"Startseite","item":"https:\/\/www.tourismus.dachau.de\/"},{"@type":"ListItem","position":2,"name":"Impressum"}]},{"@type":"WebSite","@id":"https:\/\/www.tourismus.dachau.de\/#website","url":"https:\/\/www.tourismus.dachau.de\/","name":"Tourisme de Dachau","description":"Nous nous r\u00e9jouissons de votre visite sur notre site web.","publisher":{"@id":"https:\/\/www.tourismus.dachau.de\/#organization"},"potentialAction":[{"@type":"SearchAction","target":{"@type":"EntryPoint","urlTemplate":"https:\/\/www.tourismus.dachau.de\/?s={search_term_string}"},"query-input":{"@type":"PropertyValueSpecification","valueRequired":true,"valueName":"search_term_string"}}],"inLanguage":"fr-FR"},{"@type":"Organization","@id":"https:\/\/www.tourismus.dachau.de\/#organization","name":"Tourisme de Dachau","url":"https:\/\/www.tourismus.dachau.de\/","logo":{"@type":"ImageObject","inLanguage":"fr-FR","@id":"https:\/\/www.tourismus.dachau.de\/#\/schema\/logo\/image\/","url":"","contentUrl":"","caption":"Dachau Tourismus"},"image":{"@id":"https:\/\/www.tourismus.dachau.de\/#\/schema\/logo\/image\/"}}]}},"_links":{"self":[{"href":"https:\/\/www.tourismus.dachau.de\/fr\/wp-json\/wp\/v2\/pages\/30555","targetHints":{"allow":["GET"]}}],"collection":[{"href":"https:\/\/www.tourismus.dachau.de\/fr\/wp-json\/wp\/v2\/pages"}],"about":[{"href":"https:\/\/www.tourismus.dachau.de\/fr\/wp-json\/wp\/v2\/types\/page"}],"author":[{"embeddable":true,"href":"https:\/\/www.tourismus.dachau.de\/fr\/wp-json\/wp\/v2\/users\/12"}],"replies":[{"embeddable":true,"href":"https:\/\/www.tourismus.dachau.de\/fr\/wp-json\/wp\/v2\/comments?post=30555"}],"version-history":[{"count":10,"href":"https:\/\/www.tourismus.dachau.de\/fr\/wp-json\/wp\/v2\/pages\/30555\/revisions"}],"predecessor-version":[{"id":46880,"href":"https:\/\/www.tourismus.dachau.de\/fr\/wp-json\/wp\/v2\/pages\/30555\/revisions\/46880"}],"wp:attachment":[{"href":"https:\/\/www.tourismus.dachau.de\/fr\/wp-json\/wp\/v2\/media?parent=30555"}],"wp:term":[{"taxonomy":"category","embeddable":true,"href":"https:\/\/www.tourismus.dachau.de\/fr\/wp-json\/wp\/v2\/categories?post=30555"},{"taxonomy":"post_tag","embeddable":true,"href":"https:\/\/www.tourismus.dachau.de\/fr\/wp-json\/wp\/v2\/tags?post=30555"}],"curies":[{"name":"wp","href":"https:\/\/api.w.org\/{rel}","templated":true}]}}