{"id":30555,"date":"2024-02-25T12:06:51","date_gmt":"2024-02-25T11:06:51","guid":{"rendered":"https:\/\/v3.gemeinde-entwickler.de\/?page_id=30555"},"modified":"2025-04-23T21:31:34","modified_gmt":"2025-04-23T19:31:34","slug":"impressum","status":"publish","type":"page","link":"https:\/\/www.tourismus.dachau.de\/it\/impressum\/","title":{"rendered":"Impronta"},"content":{"rendered":"<div data-elementor-type=\"wp-post\" data-elementor-id=\"30555\" class=\"elementor elementor-30555\" data-elementor-post-type=\"page\">\n\t\t\t\t<div class=\"elementor-element elementor-element-125c5d1 elementor-repeater-item-ang_container_padding_3 e-flex e-con-boxed sk-none elementor-repeater-item-none elementor-repeater-item-none_hover e-con e-parent\" data-id=\"125c5d1\" data-element_type=\"container\" data-settings=\"{&quot;jet_parallax_layout_list&quot;:[],&quot;background_background&quot;:&quot;classic&quot;,&quot;ang_container_spacing_size&quot;:&quot;ang_container_padding_3&quot;}\">\n\t\t\t\t\t<div class=\"e-con-inner\">\n\t\t\t\t<div class=\"elementor-element elementor-element-7e52f28 elementor-repeater-item-none elementor-repeater-item-none_hover elementor-widget elementor-widget-text-editor\" data-id=\"7e52f28\" data-element_type=\"widget\" data-widget_type=\"text-editor.default\">\n\t\t\t\t<div class=\"elementor-widget-container\">\n\t\t\t\t\t\t\t\t\t<p><strong>Impronta combinata (etichettatura del fornitore)<\/strong><br \/>Il fornitore e quindi responsabile dell'offerta commerciale e imprenditoriale online \u00e8 la grande citt\u00e0 distrettuale di Dachau, rappresentata dal sindaco Florian Hartmann.<\/p><p>\u00a0<\/p><p><strong>Informazioni ai sensi dell'art. 2 (1) dell'Ordinanza sugli obblighi di informazione sui servizi (DL-InfoV)<\/strong><br \/>Questa offerta online \u00e8 un'offerta informativa del<\/p><p>Grande citt\u00e0 del distretto di Dachau<br \/>Konrad-Adenauer-Strasse 2-6<br \/>D-85221 Dachau<br \/>GERMANIA<\/p><p>e-mail:\u00a0<a>stadt@dachau.de<\/a><br \/>Indirizzo di posta elettronica:\u00a0<a>info@dachau.de-mail.de<\/a><br \/>Web:\u00a0<a href=\"http:\/\/www.dachau.de\/\" target=\"_blank\" rel=\"noopener noreferrer nofollow\">www.dachau.de<\/a><br \/>Telefono: +49 8131 75-0<br \/>Fax: +49 8131 75-44299<\/p><p>Tribunale locale competente: Dachau<br \/>Forma giuridica: Societ\u00e0 di diritto pubblico (Kd\u00f6R)<\/p><p>Legge applicabile: Legge della Repubblica Federale di Germania (FRG).<\/p><p>Ufficio delle imposte di Frisinga<br \/>Numero di identificazione dell'imposta sulle vendite: DE 128 255 122<\/p><p>Autorizzato a rappresentare: Sindaco Florian Hartmann<\/p><p>\u00a0<\/p><p><strong>Autorit\u00e0 di vigilanza competente<\/strong><br \/>Ufficio distrettuale di Dachau<br \/>Weiherweg 16<br \/>D-85221 Dachau<br \/>Telefono: +49 8131 74-0<br \/>Fax: +49 8131 74 -374<br \/>e-mail:\u00a0<a>poststelle@lra-dah.bayern.de<\/a><br \/>Web:\u00a0<a href=\"http:\/\/www.landratsamt-dachau.de\/\" target=\"_blank\" rel=\"noopener noreferrer nofollow\">www.landratsamt-dachau.de<\/a><\/p><p>\u00a0<\/p><p><strong>Responsabile dei contributi editoriali giornalistici ai sensi del \u00a7 55 comma 2 del Trattato interstatale sull'emittenza radiotelevisiva (RStV):<\/strong><br \/>La responsabilit\u00e0 spetta ai seguenti capi ufficio, suddivisi per incarico tematico:<\/p><p>\u00a0<\/p><p><strong>Sede principale<\/strong><br \/>Josef Hermann (capo dell'ufficio principale), Konrad-Adenauer-Stra\u00dfe 2-6, D-85221 Dachau, e-mail:\u00a0<a>hauptamt@dachau.de<\/a><\/p><p>\u00a0<\/p><p><strong>Ufficio per la cultura, il turismo e la storia contemporanea<\/strong><br \/>Tobias Schneider, Konrad-Adenauer-Stra\u00dfe 2-6, D-85221 Dachau, e-mail:\u00a0<a>kulturamt@dachau.de<\/a><\/p><p>\u00a0<\/p><p><strong>Tesoreria comunale<\/strong><br \/>Thomas Ernst (Tesoriere comunale), Konrad-Adenauer-Stra\u00dfe 2-6, D-85221 Dachau, e-mail:\u00a0<a>kaemmerei@dachau.de<\/a><\/p><p>\u00a0<\/p><p><strong>Ufficio per le scuole, l'assistenza all'infanzia, la giovent\u00f9, gli affari sociali e lo sport<\/strong><br \/>Markus Haberl, Konrad-Adenauer-Stra\u00dfe 2-6, D-85221 Dachau, e-mail:\u00a0<a>soziales@dachau.de<\/a><\/p><p>\u00a0<\/p><p><strong>Ufficio urbanistica<\/strong><br \/>Moritz Reinhold, Konrad-Adenauer-Stra\u00dfe 2-6, D-85221 Dachau, e-mail:\u00a0<a>stadtbauamt@dachau.de<\/a><\/p><p>\u00a0<\/p><p><strong>Ufficio di revisione<\/strong><br \/>Jochen Reichert, Konrad-Adenauer-Stra\u00dfe 2-6, D-85221 Dachau, e-mail:\u00a0<a>rechnungspruefung@dachau.de<\/a><\/p><p>\u00a0<\/p><p><strong>Responsabile di tutti gli altri contenuti<\/strong><br \/>Il sindaco Florian Hartmann<br \/>Konrad-Adenauer-Stra\u00dfe 2-6, D-85221 Dachau E-Mail:\u00a0<a>ob-buero@dachau.de<\/a><\/p><p>\u00a0<\/p><p><strong>Responsabile della protezione dei dati ai sensi dell'art. 37 GDPR<\/strong><br \/>Harald M\u00fcller (Responsabile comunale della protezione dei dati)<br \/>Konrad-Adenauer-Strasse 2-6<br \/>D-85221 Dachau<br \/>e-mail:\u00a0<a>datenschutz@dachau.de<\/a><\/p><p>\u00a0<\/p><p><strong>Supporto tecnico e concettuale di questa offerta online:<\/strong><br \/>Citt\u00e0 di Dachau<br \/>Dip. 1.3 Informatica e organizzazione<br \/>Konrad-Adenauer-Strasse 2 - 6<br \/>D-85221 Dachau<\/p><p>\u00a0<\/p><p><strong>Responsabilit\u00e0<\/strong><br \/>Inserendo un link a offerte online esterne (\u201ehyperlink\u201c), la Citt\u00e0 di Dachau non adotta tali offerte online o i loro contenuti come propri. Inoltre, la Citt\u00e0 di Dachau non \u00e8 responsabile della disponibilit\u00e0 di tali offerte online o del loro contenuto.<\/p><p>\u00a0<\/p><p><strong>Copyright<\/strong><br \/>Tutti i diritti sono riservati. Il testo, le immagini e la grafica, nonch\u00e9 la loro disposizione sul sito web, sono protetti da copyright e da altre leggi di tutela. Il contenuto di questo sito web non pu\u00f2 essere copiato, distribuito, modificato o reso accessibile a terzi per scopi commerciali.<\/p><p>\u00a0<\/p><p><strong>\u00a9 Copyright fonti delle immagini:<\/strong><br \/>Citt\u00e0 di Dachau (fotografo della citt\u00e0)<br \/>Ufficio amministrativo principale<br \/>Konrad-Adenauer-Strasse 2 - 6<br \/>D-85221 Dachau<br \/>Sig. Florian G\u00f6ttler<br \/>Telefono: +49 8131 75-318<\/p>\t\t\t\t\t\t\t\t<\/div>\n\t\t\t\t<\/div>\n\t\t\t\t\t<\/div>\n\t\t\t\t<\/div>\n\t\t\t\t<\/div>","protected":false},"excerpt":{"rendered":"<p>Impronta combinata (identificazione del fornitore)Il fornitore e quindi responsabile dell'offerta commerciale e aziendale online \u00e8 la Gro\u00dfe Kreisstadt Dachau, rappresentata dal sindaco Florian Hartmann.   Informazioni ai sensi del \u00a7 2 comma 1 dell'Ordinanza sugli obblighi di informazione sui servizi (DL-InfoV)Questa offerta online \u00e8 un'offerta informativa della Gro\u00dfe Kreisstadt DachauKonrad-Adenauer-Stra\u00dfe 2-6D-85221 DachauGERMANIA E-Mail: stadt@dachau.deDe-Mail-Adresse: info@dachau.de-mail.deWeb: www.dachau.deTelefon: +49 8131 75-0Telefax: +49 8131 75-44299Tribunale competente: DachauForma giuridica: Ente pubblico [...]<\/p>","protected":false},"author":12,"featured_media":0,"parent":0,"menu_order":0,"comment_status":"closed","ping_status":"closed","template":"","meta":{"iawp_total_views":51,"footnotes":""},"categories":[],"tags":[],"class_list":["post-30555","page","type-page","status-publish","hentry"],"yoast_head":"<!-- This site is optimized with the Yoast SEO plugin v26.5 - https:\/\/yoast.com\/wordpress\/plugins\/seo\/ -->\n<title>Impressum - Dachau Tourismus<\/title>\n<meta name=\"robots\" content=\"index, follow, max-snippet:-1, max-image-preview:large, max-video-preview:-1\" \/>\n<link rel=\"canonical\" href=\"https:\/\/www.tourismus.dachau.de\/it\/impressum\/\" \/>\n<meta property=\"og:locale\" content=\"it_IT\" \/>\n<meta property=\"og:type\" content=\"article\" \/>\n<meta property=\"og:title\" content=\"Impressum - Dachau Tourismus\" \/>\n<meta property=\"og:description\" content=\"Kombinationsimpressum (Anbieterkennzeichnung)Anbieter und somit verantwortlich f\u00fcr das kommerzielle und gesch\u00e4ftsm\u00e4\u00dfige Onlineangebot ist die Gro\u00dfe Kreisstadt Dachau, vertreten durch den Oberb\u00fcrgermeister Florian Hartmann. \u00a0 Informationen gem\u00e4\u00df \u00a7 2 Absatz 1 Dienstleistungs-Informationspflichten-Verordnung (DL-InfoV)Dieses Onlineangebot ist ein Informationsangebot der Gro\u00dfen Kreisstadt DachauKonrad-Adenauer-Stra\u00dfe 2-6D-85221 DachauGERMANY E-Mail:\u00a0stadt@dachau.deDe-Mail-Adresse:\u00a0info@dachau.de-mail.deWeb:\u00a0www.dachau.deTelefon: +49 8131 75-0Telefax: +49 8131 75-44299 Zust\u00e4ndiges Amtsgericht: DachauRechtsform: K\u00f6rperschaft des \u00f6ffentlichen Rechts [&hellip;]\" \/>\n<meta property=\"og:url\" content=\"https:\/\/www.tourismus.dachau.de\/it\/impressum\/\" \/>\n<meta property=\"og:site_name\" content=\"Dachau Tourismus\" \/>\n<meta property=\"article:modified_time\" content=\"2025-04-23T19:31:34+00:00\" \/>\n<meta name=\"twitter:card\" content=\"summary_large_image\" \/>\n<meta name=\"twitter:label1\" content=\"Tempo di lettura stimato\" \/>\n\t<meta name=\"twitter:data1\" content=\"2 minuti\" \/>\n<script type=\"application\/ld+json\" class=\"yoast-schema-graph\">{\"@context\":\"https:\/\/schema.org\",\"@graph\":[{\"@type\":\"WebPage\",\"@id\":\"https:\/\/www.tourismus.dachau.de\/impressum\/\",\"url\":\"https:\/\/www.tourismus.dachau.de\/impressum\/\",\"name\":\"Impressum - Dachau Tourismus\",\"isPartOf\":{\"@id\":\"https:\/\/www.tourismus.dachau.de\/#website\"},\"datePublished\":\"2024-02-25T11:06:51+00:00\",\"dateModified\":\"2025-04-23T19:31:34+00:00\",\"breadcrumb\":{\"@id\":\"https:\/\/www.tourismus.dachau.de\/impressum\/#breadcrumb\"},\"inLanguage\":\"it-IT\",\"potentialAction\":[{\"@type\":\"ReadAction\",\"target\":[\"https:\/\/www.tourismus.dachau.de\/impressum\/\"]}]},{\"@type\":\"BreadcrumbList\",\"@id\":\"https:\/\/www.tourismus.dachau.de\/impressum\/#breadcrumb\",\"itemListElement\":[{\"@type\":\"ListItem\",\"position\":1,\"name\":\"Startseite\",\"item\":\"https:\/\/www.tourismus.dachau.de\/\"},{\"@type\":\"ListItem\",\"position\":2,\"name\":\"Impressum\"}]},{\"@type\":\"WebSite\",\"@id\":\"https:\/\/www.tourismus.dachau.de\/#website\",\"url\":\"https:\/\/www.tourismus.dachau.de\/\",\"name\":\"Dachau Tourismus\",\"description\":\"Wir freuen uns \u00fcber Ihren Besuch auf unserer Website.\",\"publisher\":{\"@id\":\"https:\/\/www.tourismus.dachau.de\/#organization\"},\"potentialAction\":[{\"@type\":\"SearchAction\",\"target\":{\"@type\":\"EntryPoint\",\"urlTemplate\":\"https:\/\/www.tourismus.dachau.de\/?s={search_term_string}\"},\"query-input\":{\"@type\":\"PropertyValueSpecification\",\"valueRequired\":true,\"valueName\":\"search_term_string\"}}],\"inLanguage\":\"it-IT\"},{\"@type\":\"Organization\",\"@id\":\"https:\/\/www.tourismus.dachau.de\/#organization\",\"name\":\"Dachau Tourismus\",\"url\":\"https:\/\/www.tourismus.dachau.de\/\",\"logo\":{\"@type\":\"ImageObject\",\"inLanguage\":\"it-IT\",\"@id\":\"https:\/\/www.tourismus.dachau.de\/#\/schema\/logo\/image\/\",\"url\":\"\",\"contentUrl\":\"\",\"caption\":\"Dachau Tourismus\"},\"image\":{\"@id\":\"https:\/\/www.tourismus.dachau.de\/#\/schema\/logo\/image\/\"}}]}<\/script>\n<!-- \/ Yoast SEO plugin. -->","yoast_head_json":{"title":"Impronta - Dachau Turismo","robots":{"index":"index","follow":"follow","max-snippet":"max-snippet:-1","max-image-preview":"max-image-preview:large","max-video-preview":"max-video-preview:-1"},"canonical":"https:\/\/www.tourismus.dachau.de\/it\/impressum\/","og_locale":"it_IT","og_type":"article","og_title":"Impressum - Dachau Tourismus","og_description":"Kombinationsimpressum (Anbieterkennzeichnung)Anbieter und somit verantwortlich f\u00fcr das kommerzielle und gesch\u00e4ftsm\u00e4\u00dfige Onlineangebot ist die Gro\u00dfe Kreisstadt Dachau, vertreten durch den Oberb\u00fcrgermeister Florian Hartmann. \u00a0 Informationen gem\u00e4\u00df \u00a7 2 Absatz 1 Dienstleistungs-Informationspflichten-Verordnung (DL-InfoV)Dieses Onlineangebot ist ein Informationsangebot der Gro\u00dfen Kreisstadt DachauKonrad-Adenauer-Stra\u00dfe 2-6D-85221 DachauGERMANY E-Mail:\u00a0stadt@dachau.deDe-Mail-Adresse:\u00a0info@dachau.de-mail.deWeb:\u00a0www.dachau.deTelefon: +49 8131 75-0Telefax: +49 8131 75-44299 Zust\u00e4ndiges Amtsgericht: DachauRechtsform: K\u00f6rperschaft des \u00f6ffentlichen Rechts [&hellip;]","og_url":"https:\/\/www.tourismus.dachau.de\/it\/impressum\/","og_site_name":"Dachau Tourismus","article_modified_time":"2025-04-23T19:31:34+00:00","twitter_card":"summary_large_image","twitter_misc":{"Tempo di lettura stimato":"2 minuti"},"schema":{"@context":"https:\/\/schema.org","@graph":[{"@type":"WebPage","@id":"https:\/\/www.tourismus.dachau.de\/impressum\/","url":"https:\/\/www.tourismus.dachau.de\/impressum\/","name":"Impronta - Dachau Turismo","isPartOf":{"@id":"https:\/\/www.tourismus.dachau.de\/#website"},"datePublished":"2024-02-25T11:06:51+00:00","dateModified":"2025-04-23T19:31:34+00:00","breadcrumb":{"@id":"https:\/\/www.tourismus.dachau.de\/impressum\/#breadcrumb"},"inLanguage":"it-IT","potentialAction":[{"@type":"ReadAction","target":["https:\/\/www.tourismus.dachau.de\/impressum\/"]}]},{"@type":"BreadcrumbList","@id":"https:\/\/www.tourismus.dachau.de\/impressum\/#breadcrumb","itemListElement":[{"@type":"ListItem","position":1,"name":"Startseite","item":"https:\/\/www.tourismus.dachau.de\/"},{"@type":"ListItem","position":2,"name":"Impressum"}]},{"@type":"WebSite","@id":"https:\/\/www.tourismus.dachau.de\/#website","url":"https:\/\/www.tourismus.dachau.de\/","name":"Turismo a Dachau","description":"Vi aspettiamo per una visita al nostro sito web.","publisher":{"@id":"https:\/\/www.tourismus.dachau.de\/#organization"},"potentialAction":[{"@type":"SearchAction","target":{"@type":"EntryPoint","urlTemplate":"https:\/\/www.tourismus.dachau.de\/?s={search_term_string}"},"query-input":{"@type":"PropertyValueSpecification","valueRequired":true,"valueName":"search_term_string"}}],"inLanguage":"it-IT"},{"@type":"Organization","@id":"https:\/\/www.tourismus.dachau.de\/#organization","name":"Turismo a Dachau","url":"https:\/\/www.tourismus.dachau.de\/","logo":{"@type":"ImageObject","inLanguage":"it-IT","@id":"https:\/\/www.tourismus.dachau.de\/#\/schema\/logo\/image\/","url":"","contentUrl":"","caption":"Dachau Tourismus"},"image":{"@id":"https:\/\/www.tourismus.dachau.de\/#\/schema\/logo\/image\/"}}]}},"_links":{"self":[{"href":"https:\/\/www.tourismus.dachau.de\/it\/wp-json\/wp\/v2\/pages\/30555","targetHints":{"allow":["GET"]}}],"collection":[{"href":"https:\/\/www.tourismus.dachau.de\/it\/wp-json\/wp\/v2\/pages"}],"about":[{"href":"https:\/\/www.tourismus.dachau.de\/it\/wp-json\/wp\/v2\/types\/page"}],"author":[{"embeddable":true,"href":"https:\/\/www.tourismus.dachau.de\/it\/wp-json\/wp\/v2\/users\/12"}],"replies":[{"embeddable":true,"href":"https:\/\/www.tourismus.dachau.de\/it\/wp-json\/wp\/v2\/comments?post=30555"}],"version-history":[{"count":10,"href":"https:\/\/www.tourismus.dachau.de\/it\/wp-json\/wp\/v2\/pages\/30555\/revisions"}],"predecessor-version":[{"id":46880,"href":"https:\/\/www.tourismus.dachau.de\/it\/wp-json\/wp\/v2\/pages\/30555\/revisions\/46880"}],"wp:attachment":[{"href":"https:\/\/www.tourismus.dachau.de\/it\/wp-json\/wp\/v2\/media?parent=30555"}],"wp:term":[{"taxonomy":"category","embeddable":true,"href":"https:\/\/www.tourismus.dachau.de\/it\/wp-json\/wp\/v2\/categories?post=30555"},{"taxonomy":"post_tag","embeddable":true,"href":"https:\/\/www.tourismus.dachau.de\/it\/wp-json\/wp\/v2\/tags?post=30555"}],"curies":[{"name":"wp","href":"https:\/\/api.w.org\/{rel}","templated":true}]}}