{"id":46904,"date":"2025-04-26T11:54:28","date_gmt":"2025-04-26T09:54:28","guid":{"rendered":"https:\/\/www.tourismus.dachau.de\/informationsmaterial\/"},"modified":"2026-05-12T14:06:31","modified_gmt":"2026-05-12T12:06:31","slug":"dachauer-souvenirs-und-mitbringsel","status":"publish","type":"page","link":"https:\/\/www.tourismus.dachau.de\/pl\/dachauer-souvenirs-und-mitbringsel\/","title":{"rendered":"Pami\u0105tki"},"content":{"rendered":"<div data-elementor-type=\"wp-page\" data-elementor-id=\"46904\" class=\"elementor elementor-46904\" data-elementor-post-type=\"page\">\n\t\t\t\t<div class=\"elementor-element elementor-element-55d2f8a elementor-repeater-item-ang_container_padding_3 sk-dark-bg e-flex e-con-boxed elementor-repeater-item-none elementor-repeater-item-none_hover e-con e-parent\" data-id=\"55d2f8a\" data-element_type=\"container\" data-e-type=\"container\" data-settings=\"{&quot;jet_parallax_layout_list&quot;:[],&quot;background_background&quot;:&quot;classic&quot;,&quot;ang_container_spacing_size&quot;:&quot;ang_container_padding_3&quot;}\">\n\t\t\t\t\t<div class=\"e-con-inner\">\n\t\t\t\t<div class=\"elementor-element elementor-element-af40a55 elementor-widget__width-inherit elementor-repeater-item-none elementor-repeater-item-none_hover elementor-widget elementor-widget-heading\" data-id=\"af40a55\" data-element_type=\"widget\" data-e-type=\"widget\" data-widget_type=\"heading.default\">\n\t\t\t\t<div class=\"elementor-widget-container\">\n\t\t\t\t\t<h2 class=\"elementor-heading-title elementor-size-default\">Kup pami\u0105tki z Dachau online - Wspomnienia i pomys\u0142y na prezent\n<\/h2>\t\t\t\t<\/div>\n\t\t\t\t<\/div>\n\t\t\t\t<div class=\"elementor-element elementor-element-be2066d elementor-repeater-item-none elementor-repeater-item-none_hover elementor-widget elementor-widget-text-editor\" data-id=\"be2066d\" data-element_type=\"widget\" data-e-type=\"widget\" data-widget_type=\"text-editor.default\">\n\t\t\t\t<div class=\"elementor-widget-container\">\n\t\t\t\t\t\t\t\t\t<div class=\"media-container-element section-content-element\"><p data-start=\"1199\" data-end=\"1406\">Odkryj wysok\u0105 jako\u015b\u0107 <strong data-start=\"1225\" data-end=\"1245\">Pami\u0105tki z Dachau<\/strong> wygodnie online: Od <strong>Kubki dla artyst\u00f3w<\/strong>, <strong data-start=\"1299\" data-end=\"1322\">Magnesy na lod\u00f3wk\u0119<\/strong> oraz <strong data-start=\"1327\" data-end=\"1341\">Poczt\u00f3wki<\/strong> do zaprojektowanego z mi\u0142o\u015bci\u0105 <strong>Dzieci<\/strong>&#8211;<strong data-start=\"1366\" data-end=\"1405\">Ksi\u0105\u017cki o historii Dachau<\/strong>.<\/p><p data-start=\"1408\" data-end=\"1717\">Jako osobista pami\u0105tka lub specjalny prezent. Niezale\u017cnie od tego, czy szukasz motyw\u00f3w historycznego centrum Dachau, impresji artystycznych czy motyw\u00f3w historycznych, tutaj znajdziesz odpowiednie motywy. <strong data-start=\"1673\" data-end=\"1696\">Pami\u0105tka z Dachau<\/strong>.<\/p><div class=\"media-text-container layout-2\"><p><strong>Nale\u017cy o tym pami\u0119ta\u0107 przy zamawianiu pami\u0105tek i p\u0142atnych broszur:<\/strong><\/p><ul><li>Minimalna warto\u015b\u0107 zam\u00f3wienia: 5,00 \u20ac<\/li><li>Zrycza\u0142towane koszty wysy\u0142ki za zam\u00f3wienie: 2,50 \u20ac\u00a0\u00a0<\/li><li>Wysy\u0142ka nieubezpieczona na w\u0142asne ryzyko\u00a0 \u00a0\u00a0<\/li><li>The\u00a0<a class=\"download\" href=\"https:\/\/www.dachau.de\/Rathaus\/2.2_Tourismus\/PDF\/Datenschutzhinweise\/Datenschutzinformationen_Infomaterial_01.pdf\" target=\"_blank\" rel=\"noopener noreferrer nofollow\">Informacje o ochronie danych<\/a> miasta Dachau:\u00a0 <a class=\"download\" href=\"\/wp-content\/uploads\/2025\/04\/Datenschutzinformationen_Infomaterial_01.pdf\" target=\"_blank\" rel=\"noopener\">Informacje o ochronie danych w zwi\u0105zku z zamawianiem materia\u0142\u00f3w informacyjnych i upomink\u00f3w<\/a>.<\/li><\/ul><\/div><\/div>\t\t\t\t\t\t\t\t<\/div>\n\t\t\t\t<\/div>\n\t\t<div class=\"elementor-element elementor-element-09d1cd0 e-con-full e-flex elementor-repeater-item-default_padding sk-none elementor-repeater-item-none elementor-repeater-item-none_hover e-con e-child\" data-id=\"09d1cd0\" data-element_type=\"container\" data-e-type=\"container\" data-settings=\"{&quot;background_background&quot;:&quot;classic&quot;,&quot;jet_parallax_layout_list&quot;:[],&quot;ang_container_spacing_size&quot;:&quot;default_padding&quot;}\">\n\t\t\t\t<div class=\"elementor-element elementor-element-3e3c543 elementor-repeater-item-none elementor-repeater-item-none_hover elementor-widget elementor-widget-text-editor\" data-id=\"3e3c543\" data-element_type=\"widget\" data-e-type=\"widget\" data-widget_type=\"text-editor.default\">\n\t\t\t\t<div class=\"elementor-widget-container\">\n\t\t\t\t\t\t\t\t\t<template id=\"regiondo-styles\">\n<style>\n.regiondo-table__cell:has(.regiondo-product-addon) + .regiondo-table__cell + .regiondo-table__cell > div  { display: none;} \n  .regiondo-table__cell:has(.regiondo-product-addon) + .regiondo-table__cell .quantity-wrapper {\ndisplay:none;\n}\n.regiondo-list-product-price-label, .regiondo-booking-price-label  {\ndisplay: none;\n} \n.regiondo-button-coupon, .regiondo-button-coupon ~ div {\n  display: none !important;\n}\n  .regiondo-content-side {\nwidth:33%;\n}\n.regiondo-success-icon-download, .regiondo-success-icon-download + div, .regiondo-success-icon-note {\n  display: none;\n}\n.regiondo-success-icon-email {\nvisibility: hidden;\n}\n.regiondo-success-icon-email::before {\n  visibility: visible;\n  content: \"Sie erhalten in wenigen Minuten Ihre Bestellbest\u00e4tigung per Email.\";\n}\n.regiondo-content-side:has(.regiondo-booking-mobile-button) {\n width: 100% !important;\n}\n<\/style>\n<\/template>\n\n<product-catalog-widget styles-template-id=\"regiondo-styles\" widget-id=\"57b14330-8002-4e20-bbf6-607b47407a0c\"><\/product-catalog-widget>\n\n<script type=\"text\/javascript\" src=\"https:\/\/widgets.regiondo.net\/catalog\/v1\/catalog-widget.min.js\"><\/script>\n<script>\n(()=>{const WIDGET_TAG_NAMES=[\"product-catalog-widget\",\"booking-widget\", \"product-details-widget\"],CLICK_TARGET_SELECTOR=\".regiondo-addons-quantity button.regiondo-qty__plus\",TOGGLE_TO_HIDE_SELECTOR=\".regiondo-addons-quantity .quantity-wrapper\",sleep=e=>new Promise(t=>setTimeout(t,e));async function waitForShadowRoot(e){for(;e.isConnected;){if(e.shadowRoot)return e.shadowRoot;await sleep(50)}return null}async function waitForInShadow(e,t){for(;e;){const o=e.querySelector(t);if(o)return o;await sleep(50)}}function hideToggle(e){const t=e.querySelector(TOGGLE_TO_HIDE_SELECTOR);t&&(t.style.display=\"none\")}function enforceClicked(e,t){hideToggle(t),e.disabled||e.click()}function attachEnforcer(e,t){enforceClicked(e,t),e.addEventListener(\"click\",(()=>enforceClicked(e,t)),!0);new MutationObserver((()=>{enforceClicked(e,t)})).observe(e,{attributes:!0,attributeFilter:[\"disabled\",\"class\",\"aria-disabled\"]});new MutationObserver((()=>{hideToggle(t);const o=t.querySelector(CLICK_TARGET_SELECTOR);o&&o!==e&&!o.__enforcerAttached?(o.__enforcerAttached=!0,attachEnforcer(o,t)):o&&!o.disabled&&o.click()})).observe(t,{childList:!0,subtree:!0})}async function handleWidget(e){const t=await waitForShadowRoot(e);if(!t)return;const o=await waitForInShadow(t,CLICK_TARGET_SELECTOR);o&&!o.__enforcerAttached&&(o.__enforcerAttached=!0,attachEnforcer(o,t))}function scanWidgets(){for(const e of WIDGET_TAG_NAMES)document.querySelectorAll(e).forEach(handleWidget)}new MutationObserver(scanWidgets).observe(document.documentElement,{childList:!0,subtree:!0}),scanWidgets()})();\n<\/script>\n\t\t\t\t\t\t\t\t<\/div>\n\t\t\t\t<\/div>\n\t\t\t\t<\/div>\n\t\t\t\t\t<\/div>\n\t\t\t\t<\/div>\n\t\t\t\t<\/div>","protected":false},"excerpt":{"rendered":"<p>Souvenirs aus Dachau online kaufen \u2013 Erinnerungen &amp; Geschenkideen Entdecken Sie hochwertige Dachau Souvenirs bequem online: Von K\u00fcnstler-Tassen, K\u00fchlschrankmagneten und Postkarten bis hin zu liebevoll gestalteten Kinder&#8211;B\u00fcchern \u00fcber die Geschichte Dachaus. Als pers\u00f6nliches Andenken oder besonderes Geschenk. Ob Motive der Dachauer Altstadt, k\u00fcnstlerische Impressionen oder historische Themen, hier finden Sie passende Souvenir aus Dachau. Bei [&hellip;]<\/p>","protected":false},"author":13,"featured_media":52835,"parent":0,"menu_order":0,"comment_status":"closed","ping_status":"closed","template":"","meta":{"iawp_total_views":158,"footnotes":""},"categories":[],"tags":[],"class_list":["post-46904","page","type-page","status-publish","has-post-thumbnail","hentry"],"yoast_head":"<!-- This site is optimized with the Yoast SEO plugin v27.5 - https:\/\/yoast.com\/product\/yoast-seo-wordpress\/ -->\n<title>Souvenirs - Dachau Tourismus<\/title>\n<meta name=\"description\" content=\"Entdecken Sie hochwertige Dachau Souvenirs bequem online. Einfach bestellen oder im Zollh\u00e4uschen am Karlsberg in Dachau kaufen.\" \/>\n<meta name=\"robots\" content=\"index, follow, max-snippet:-1, max-image-preview:large, max-video-preview:-1\" \/>\n<link rel=\"canonical\" href=\"https:\/\/www.tourismus.dachau.de\/pl\/dachauer-souvenirs-und-mitbringsel\/\" \/>\n<meta property=\"og:locale\" content=\"pl_PL\" \/>\n<meta property=\"og:type\" content=\"article\" \/>\n<meta property=\"og:title\" content=\"Souvenirs - Dachau Tourismus\" \/>\n<meta property=\"og:description\" content=\"Entdecken Sie hochwertige Dachau Souvenirs bequem online. Einfach bestellen oder im Zollh\u00e4uschen am Karlsberg in Dachau kaufen.\" \/>\n<meta property=\"og:url\" content=\"https:\/\/www.tourismus.dachau.de\/pl\/dachauer-souvenirs-und-mitbringsel\/\" \/>\n<meta property=\"og:site_name\" content=\"Dachau Tourismus\" \/>\n<meta property=\"article:modified_time\" content=\"2026-05-12T12:06:31+00:00\" \/>\n<meta property=\"og:image\" content=\"https:\/\/www.tourismus.dachau.de\/wp-content\/uploads\/2026\/03\/Tasse_2023-8.JPG_compressed.jpeg\" \/>\n\t<meta property=\"og:image:width\" content=\"1707\" \/>\n\t<meta property=\"og:image:height\" content=\"1280\" \/>\n\t<meta property=\"og:image:type\" content=\"image\/jpeg\" \/>\n<meta name=\"twitter:card\" content=\"summary_large_image\" \/>\n<meta name=\"twitter:label1\" content=\"Szacowany czas czytania\" \/>\n\t<meta name=\"twitter:data1\" content=\"1 minuta\" \/>\n<script type=\"application\/ld+json\" class=\"yoast-schema-graph\">{\"@context\":\"https:\\\/\\\/schema.org\",\"@graph\":[{\"@type\":\"WebPage\",\"@id\":\"https:\\\/\\\/www.tourismus.dachau.de\\\/dachauer-souvenirs-und-mitbringsel\\\/\",\"url\":\"https:\\\/\\\/www.tourismus.dachau.de\\\/dachauer-souvenirs-und-mitbringsel\\\/\",\"name\":\"Souvenirs - Dachau Tourismus\",\"isPartOf\":{\"@id\":\"https:\\\/\\\/www.tourismus.dachau.de\\\/#website\"},\"primaryImageOfPage\":{\"@id\":\"https:\\\/\\\/www.tourismus.dachau.de\\\/dachauer-souvenirs-und-mitbringsel\\\/#primaryimage\"},\"image\":{\"@id\":\"https:\\\/\\\/www.tourismus.dachau.de\\\/dachauer-souvenirs-und-mitbringsel\\\/#primaryimage\"},\"thumbnailUrl\":\"https:\\\/\\\/www.tourismus.dachau.de\\\/wp-content\\\/uploads\\\/2026\\\/03\\\/Tasse_2023-8.JPG_compressed.jpeg\",\"datePublished\":\"2025-04-26T09:54:28+00:00\",\"dateModified\":\"2026-05-12T12:06:31+00:00\",\"description\":\"Entdecken Sie hochwertige Dachau Souvenirs bequem online. Einfach bestellen oder im Zollh\u00e4uschen am Karlsberg in Dachau kaufen.\",\"breadcrumb\":{\"@id\":\"https:\\\/\\\/www.tourismus.dachau.de\\\/dachauer-souvenirs-und-mitbringsel\\\/#breadcrumb\"},\"inLanguage\":\"pl-PL\",\"potentialAction\":[{\"@type\":\"ReadAction\",\"target\":[\"https:\\\/\\\/www.tourismus.dachau.de\\\/dachauer-souvenirs-und-mitbringsel\\\/\"]}]},{\"@type\":\"ImageObject\",\"inLanguage\":\"pl-PL\",\"@id\":\"https:\\\/\\\/www.tourismus.dachau.de\\\/dachauer-souvenirs-und-mitbringsel\\\/#primaryimage\",\"url\":\"https:\\\/\\\/www.tourismus.dachau.de\\\/wp-content\\\/uploads\\\/2026\\\/03\\\/Tasse_2023-8.JPG_compressed.jpeg\",\"contentUrl\":\"https:\\\/\\\/www.tourismus.dachau.de\\\/wp-content\\\/uploads\\\/2026\\\/03\\\/Tasse_2023-8.JPG_compressed.jpeg\",\"width\":1707,\"height\":1280,\"caption\":\"K\u00fcnstler-Tasse Dachau auf der Mauer vor dem Bezirksmuseum\"},{\"@type\":\"BreadcrumbList\",\"@id\":\"https:\\\/\\\/www.tourismus.dachau.de\\\/dachauer-souvenirs-und-mitbringsel\\\/#breadcrumb\",\"itemListElement\":[{\"@type\":\"ListItem\",\"position\":1,\"name\":\"Startseite\",\"item\":\"https:\\\/\\\/www.tourismus.dachau.de\\\/\"},{\"@type\":\"ListItem\",\"position\":2,\"name\":\"Souvenirs\"}]},{\"@type\":\"WebSite\",\"@id\":\"https:\\\/\\\/www.tourismus.dachau.de\\\/#website\",\"url\":\"https:\\\/\\\/www.tourismus.dachau.de\\\/\",\"name\":\"Dachau Tourismus\",\"description\":\"Wir freuen uns \u00fcber Ihren Besuch auf unserer Website.\",\"publisher\":{\"@id\":\"https:\\\/\\\/www.tourismus.dachau.de\\\/#organization\"},\"potentialAction\":[{\"@type\":\"SearchAction\",\"target\":{\"@type\":\"EntryPoint\",\"urlTemplate\":\"https:\\\/\\\/www.tourismus.dachau.de\\\/?s={search_term_string}\"},\"query-input\":{\"@type\":\"PropertyValueSpecification\",\"valueRequired\":true,\"valueName\":\"search_term_string\"}}],\"inLanguage\":\"pl-PL\"},{\"@type\":\"Organization\",\"@id\":\"https:\\\/\\\/www.tourismus.dachau.de\\\/#organization\",\"name\":\"Dachau Tourismus\",\"url\":\"https:\\\/\\\/www.tourismus.dachau.de\\\/\",\"logo\":{\"@type\":\"ImageObject\",\"inLanguage\":\"pl-PL\",\"@id\":\"https:\\\/\\\/www.tourismus.dachau.de\\\/#\\\/schema\\\/logo\\\/image\\\/\",\"url\":\"\",\"contentUrl\":\"\",\"caption\":\"Dachau Tourismus\"},\"image\":{\"@id\":\"https:\\\/\\\/www.tourismus.dachau.de\\\/#\\\/schema\\\/logo\\\/image\\\/\"}}]}<\/script>\n<!-- \/ Yoast SEO plugin. -->","yoast_head_json":{"title":"Souvenirs - Dachau Tourismus","description":"Entdecken Sie hochwertige Dachau Souvenirs bequem online. Einfach bestellen oder im Zollh\u00e4uschen am Karlsberg in Dachau kaufen.","robots":{"index":"index","follow":"follow","max-snippet":"max-snippet:-1","max-image-preview":"max-image-preview:large","max-video-preview":"max-video-preview:-1"},"canonical":"https:\/\/www.tourismus.dachau.de\/pl\/dachauer-souvenirs-und-mitbringsel\/","og_locale":"pl_PL","og_type":"article","og_title":"Souvenirs - Dachau Tourismus","og_description":"Entdecken Sie hochwertige Dachau Souvenirs bequem online. Einfach bestellen oder im Zollh\u00e4uschen am Karlsberg in Dachau kaufen.","og_url":"https:\/\/www.tourismus.dachau.de\/pl\/dachauer-souvenirs-und-mitbringsel\/","og_site_name":"Dachau Tourismus","article_modified_time":"2026-05-12T12:06:31+00:00","og_image":[{"width":1707,"height":1280,"url":"https:\/\/www.tourismus.dachau.de\/wp-content\/uploads\/2026\/03\/Tasse_2023-8.JPG_compressed.jpeg","type":"image\/jpeg"}],"twitter_card":"summary_large_image","twitter_misc":{"Szacowany czas czytania":"1 minuta"},"schema":{"@context":"https:\/\/schema.org","@graph":[{"@type":"WebPage","@id":"https:\/\/www.tourismus.dachau.de\/dachauer-souvenirs-und-mitbringsel\/","url":"https:\/\/www.tourismus.dachau.de\/dachauer-souvenirs-und-mitbringsel\/","name":"Souvenirs - Dachau Tourismus","isPartOf":{"@id":"https:\/\/www.tourismus.dachau.de\/#website"},"primaryImageOfPage":{"@id":"https:\/\/www.tourismus.dachau.de\/dachauer-souvenirs-und-mitbringsel\/#primaryimage"},"image":{"@id":"https:\/\/www.tourismus.dachau.de\/dachauer-souvenirs-und-mitbringsel\/#primaryimage"},"thumbnailUrl":"https:\/\/www.tourismus.dachau.de\/wp-content\/uploads\/2026\/03\/Tasse_2023-8.JPG_compressed.jpeg","datePublished":"2025-04-26T09:54:28+00:00","dateModified":"2026-05-12T12:06:31+00:00","description":"Entdecken Sie hochwertige Dachau Souvenirs bequem online. Einfach bestellen oder im Zollh\u00e4uschen am Karlsberg in Dachau kaufen.","breadcrumb":{"@id":"https:\/\/www.tourismus.dachau.de\/dachauer-souvenirs-und-mitbringsel\/#breadcrumb"},"inLanguage":"pl-PL","potentialAction":[{"@type":"ReadAction","target":["https:\/\/www.tourismus.dachau.de\/dachauer-souvenirs-und-mitbringsel\/"]}]},{"@type":"ImageObject","inLanguage":"pl-PL","@id":"https:\/\/www.tourismus.dachau.de\/dachauer-souvenirs-und-mitbringsel\/#primaryimage","url":"https:\/\/www.tourismus.dachau.de\/wp-content\/uploads\/2026\/03\/Tasse_2023-8.JPG_compressed.jpeg","contentUrl":"https:\/\/www.tourismus.dachau.de\/wp-content\/uploads\/2026\/03\/Tasse_2023-8.JPG_compressed.jpeg","width":1707,"height":1280,"caption":"K\u00fcnstler-Tasse Dachau auf der Mauer vor dem Bezirksmuseum"},{"@type":"BreadcrumbList","@id":"https:\/\/www.tourismus.dachau.de\/dachauer-souvenirs-und-mitbringsel\/#breadcrumb","itemListElement":[{"@type":"ListItem","position":1,"name":"Startseite","item":"https:\/\/www.tourismus.dachau.de\/"},{"@type":"ListItem","position":2,"name":"Souvenirs"}]},{"@type":"WebSite","@id":"https:\/\/www.tourismus.dachau.de\/#website","url":"https:\/\/www.tourismus.dachau.de\/","name":"Turystyka w Dachau","description":"Z niecierpliwo\u015bci\u0105 czekamy na Twoj\u0105 wizyt\u0119 na naszej stronie.","publisher":{"@id":"https:\/\/www.tourismus.dachau.de\/#organization"},"potentialAction":[{"@type":"SearchAction","target":{"@type":"EntryPoint","urlTemplate":"https:\/\/www.tourismus.dachau.de\/?s={search_term_string}"},"query-input":{"@type":"PropertyValueSpecification","valueRequired":true,"valueName":"search_term_string"}}],"inLanguage":"pl-PL"},{"@type":"Organization","@id":"https:\/\/www.tourismus.dachau.de\/#organization","name":"Turystyka w Dachau","url":"https:\/\/www.tourismus.dachau.de\/","logo":{"@type":"ImageObject","inLanguage":"pl-PL","@id":"https:\/\/www.tourismus.dachau.de\/#\/schema\/logo\/image\/","url":"","contentUrl":"","caption":"Dachau Tourismus"},"image":{"@id":"https:\/\/www.tourismus.dachau.de\/#\/schema\/logo\/image\/"}}]}},"_links":{"self":[{"href":"https:\/\/www.tourismus.dachau.de\/pl\/wp-json\/wp\/v2\/pages\/46904","targetHints":{"allow":["GET"]}}],"collection":[{"href":"https:\/\/www.tourismus.dachau.de\/pl\/wp-json\/wp\/v2\/pages"}],"about":[{"href":"https:\/\/www.tourismus.dachau.de\/pl\/wp-json\/wp\/v2\/types\/page"}],"author":[{"embeddable":true,"href":"https:\/\/www.tourismus.dachau.de\/pl\/wp-json\/wp\/v2\/users\/13"}],"replies":[{"embeddable":true,"href":"https:\/\/www.tourismus.dachau.de\/pl\/wp-json\/wp\/v2\/comments?post=46904"}],"version-history":[{"count":10,"href":"https:\/\/www.tourismus.dachau.de\/pl\/wp-json\/wp\/v2\/pages\/46904\/revisions"}],"predecessor-version":[{"id":53310,"href":"https:\/\/www.tourismus.dachau.de\/pl\/wp-json\/wp\/v2\/pages\/46904\/revisions\/53310"}],"wp:featuredmedia":[{"embeddable":true,"href":"https:\/\/www.tourismus.dachau.de\/pl\/wp-json\/wp\/v2\/media\/52835"}],"wp:attachment":[{"href":"https:\/\/www.tourismus.dachau.de\/pl\/wp-json\/wp\/v2\/media?parent=46904"}],"wp:term":[{"taxonomy":"category","embeddable":true,"href":"https:\/\/www.tourismus.dachau.de\/pl\/wp-json\/wp\/v2\/categories?post=46904"},{"taxonomy":"post_tag","embeddable":true,"href":"https:\/\/www.tourismus.dachau.de\/pl\/wp-json\/wp\/v2\/tags?post=46904"}],"curies":[{"name":"wp","href":"https:\/\/api.w.org\/{rel}","templated":true}]}}