{"id":48813,"date":"2025-11-04T09:50:35","date_gmt":"2025-11-04T08:50:35","guid":{"rendered":"https:\/\/www.tourismus.dachau.de\/?page_id=48813"},"modified":"2026-01-05T13:58:01","modified_gmt":"2026-01-05T12:58:01","slug":"newsletter","status":"publish","type":"page","link":"https:\/\/www.tourismus.dachau.de\/pl\/newsletter\/","title":{"rendered":"Newsletter"},"content":{"rendered":"<div data-elementor-type=\"wp-page\" data-elementor-id=\"48813\" class=\"elementor elementor-48813\" data-elementor-post-type=\"page\">\n\t\t\t\t<div class=\"elementor-element elementor-element-42eec5e elementor-repeater-item-ang_container_padding_3 e-flex e-con-boxed sk-none elementor-repeater-item-none elementor-repeater-item-none_hover e-con e-parent\" data-id=\"42eec5e\" data-element_type=\"container\" data-settings=\"{&quot;jet_parallax_layout_list&quot;:[],&quot;background_background&quot;:&quot;classic&quot;,&quot;ang_container_spacing_size&quot;:&quot;ang_container_padding_3&quot;}\">\n\t\t\t\t\t<div class=\"e-con-inner\">\n\t\t<div class=\"elementor-element elementor-element-bc8aaf3 e-con-full elementor-repeater-item-ang_container_padding_4 e-flex sk-none elementor-repeater-item-none elementor-repeater-item-none_hover elementor-invisible e-con e-child\" data-id=\"bc8aaf3\" data-element_type=\"container\" data-settings=\"{&quot;ang_container_spacing_size&quot;:&quot;ang_container_padding_4&quot;,&quot;background_background&quot;:&quot;classic&quot;,&quot;jet_parallax_layout_list&quot;:[],&quot;animation&quot;:&quot;fadeInLeft&quot;}\">\n\t\t<div class=\"elementor-element elementor-element-4d6573b e-con-full elementor-repeater-item-none_hover e-flex elementor-repeater-item-default_padding elementor-repeater-item-none e-con e-child\" data-id=\"4d6573b\" data-element_type=\"container\" data-settings=\"{&quot;jet_parallax_layout_list&quot;:[],&quot;ang_container_spacing_size&quot;:&quot;default_padding&quot;}\">\n\t\t\t\t<div class=\"elementor-element elementor-element-c256956 elementor-repeater-item-none elementor-repeater-item-none_hover elementor-widget elementor-widget-heading\" data-id=\"c256956\" data-element_type=\"widget\" data-widget_type=\"heading.default\">\n\t\t\t\t<div class=\"elementor-widget-container\">\n\t\t\t\t\t<h2 class=\"elementor-heading-title elementor-size-default\">B\u0105d\u017a na bie\u017c\u0105co z naszymi <span style=\"font-family: Kalam, sans-serif;letter-spacing: -0.2px\">Turystyka <\/span><span style=\"font-family: Kalam, sans-serif;letter-spacing: -0.2px\">Aktualny biuletyn<\/span><span style=\"font-family: Kalam, sans-serif;letter-spacing: -0.2px\"><\/span><br><\/h2>\t\t\t\t<\/div>\n\t\t\t\t<\/div>\n\t\t\t\t<div class=\"elementor-element elementor-element-c0962b9 elementor-widget__width-inherit elementor-repeater-item-none elementor-repeater-item-none_hover elementor-widget elementor-widget-text-editor\" data-id=\"c0962b9\" data-element_type=\"widget\" data-widget_type=\"text-editor.default\">\n\t\t\t\t<div class=\"elementor-widget-container\">\n\t\t\t\t\t\t\t\t\t<p data-start=\"71\" data-end=\"245\"><strong data-start=\"71\" data-end=\"139\">Zawsze wiedz, co warto zobaczy\u0107 w Dachau - prosto do Twojej skrzynki odbiorczej!<\/strong><br data-start=\"139\" data-end=\"142\" \/>Z <em data-start=\"150\" data-end=\"171\">Biuletyn turystyczny Dachau<\/em> b\u0119dziesz regularnie otrzymywa\u0107 najciekawsze wiadomo\u015bci z naszego miasta:<\/p><ul data-start=\"246\" data-end=\"452\"><li data-start=\"246\" data-end=\"313\"><p data-start=\"248\" data-end=\"313\">Wskaz\u00f3wki dotycz\u0105ce wydarze\u0144, wycieczek i aktualnych wystaw<\/p><\/li><li data-start=\"314\" data-end=\"384\"><p data-start=\"316\" data-end=\"384\">Najwa\u017cniejsze wydarzenia sezonu: jarmark bo\u017conarodzeniowy, muzyczne lato i festiwal folklorystyczny w Dachau<\/p><\/li><li data-start=\"385\" data-end=\"452\"><p data-start=\"387\" data-end=\"452\">Interesuj\u0105ce i inspiruj\u0105ce fakty ze sceny sztuki i kultury<\/p><\/li><\/ul><p data-start=\"454\" data-end=\"545\"><strong data-start=\"454\" data-end=\"543\">Nie przegap niczego - zarejestruj si\u0119 teraz za darmo!<\/strong><\/p><p data-start=\"547\" data-end=\"581\">\ud83d\udc49 <em data-start=\"550\" data-end=\"581\">Zapisz si\u0119 do newslettera turystycznego tutaj.<\/em><\/p>\t\t\t\t\t\t\t\t<\/div>\n\t\t\t\t<\/div>\n\t\t\t\t<\/div>\n\t\t<div class=\"elementor-element elementor-element-071c515 e-con-full elementor-repeater-item-ang_container_no_padding e-flex sk-none elementor-repeater-item-none elementor-repeater-item-none_hover e-con e-child\" data-id=\"071c515\" data-element_type=\"container\" data-settings=\"{&quot;jet_parallax_layout_list&quot;:[],&quot;ang_container_spacing_size&quot;:&quot;ang_container_no_padding&quot;,&quot;background_background&quot;:&quot;classic&quot;}\">\n\t\t\t\t<div class=\"elementor-element elementor-element-d82fe8e elementor-repeater-item-none elementor-repeater-item-none_hover elementor-widget elementor-widget-heading\" data-id=\"d82fe8e\" data-element_type=\"widget\" data-widget_type=\"heading.default\">\n\t\t\t\t<div class=\"elementor-widget-container\">\n\t\t\t\t\t<h5 class=\"elementor-heading-title elementor-size-default\">Zapisz si\u0119 do newslettera turystycznego ju\u017c teraz<\/h5>\t\t\t\t<\/div>\n\t\t\t\t<\/div>\n\t\t\t\t<div class=\"elementor-element elementor-element-9e4166f elementor-repeater-item-none elementor-repeater-item-none_hover elementor-widget elementor-widget-shortcode\" data-id=\"9e4166f\" data-element_type=\"widget\" data-widget_type=\"shortcode.default\">\n\t\t\t\t<div class=\"elementor-widget-container\">\n\t\t\t\t\t\t\t<div class=\"elementor-shortcode\"><div class=\"tnp tnp-subscription\">\n<form method=\"post\" action=\"https:\/\/www.tourismus.dachau.de\/wp-admin\/admin-ajax.php?action=tnp&amp;na=s\">\n<input type=\"hidden\" name=\"nlang\" value=\"\">\n<div class=\"tnp-field tnp-field-firstname\"><label for=\"tnp-1\">Imi\u0119<\/label>\n<input class=\"tnp-name\" type=\"text\" name=\"nn\" id=\"tnp-1\" value=\"\" placeholder=\"\"><\/div>\n<div class=\"tnp-field tnp-field-email\"><label for=\"tnp-2\">E-mail<\/label>\n<input class=\"tnp-email\" type=\"email\" name=\"ne\" id=\"tnp-2\" value=\"\" placeholder=\"\" required><\/div>\n<div class=\"tnp-field tnp-privacy-field\"><label><input type=\"checkbox\" name=\"ny\" required class=\"tnp-privacy\"> <a target=\"_blank\" href=\"https:\/\/www.tourismus.dachau.de\/pl\/datenschutz\/\">Akceptuj\u0119 polityk\u0119 prywatno\u015bci<\/a><\/label><\/div><div class=\"tnp-field tnp-field-button\" style=\"text-align: left\"><input class=\"tnp-submit\" type=\"submit\" value=\"Subskrybuj\" style=\"\">\n<\/div>\n<\/form>\n<\/div>\n<\/div>\n\t\t\t\t\t\t<\/div>\n\t\t\t\t<\/div>\n\t\t\t\t<\/div>\n\t\t\t\t<\/div>\n\t\t\t\t\t<\/div>\n\t\t\t\t<\/div>\n\t\t\t\t<\/div>","protected":false},"excerpt":{"rendered":"<p>B\u0105d\u017a na bie\u017c\u0105co z naszym biuletynem turystycznym Zawsze wiedz, co warto zobaczy\u0107 w Dachau - prosto na swoj\u0105 skrzynk\u0119 pocztow\u0105! Dzi\u0119ki biuletynowi turystycznemu Dachau b\u0119dziesz regularnie otrzymywa\u0107 najciekawsze wiadomo\u015bci z naszego miasta: wskaz\u00f3wki dotycz\u0105ce wydarze\u0144, wycieczek i aktualnych wystaw Najwa\u017cniejsze wydarzenia sezonu: jarmark bo\u017conarodzeniowy, lato muzyczne i festiwal folklorystyczny w Dachau Ciekawe [...]<\/p>","protected":false},"author":12,"featured_media":0,"parent":0,"menu_order":0,"comment_status":"closed","ping_status":"closed","template":"","meta":{"iawp_total_views":256,"footnotes":""},"categories":[],"tags":[],"class_list":["post-48813","page","type-page","status-publish","hentry"],"yoast_head":"<!-- This site is optimized with the Yoast SEO plugin v26.5 - https:\/\/yoast.com\/wordpress\/plugins\/seo\/ -->\n<title>Newsletter - Dachau Tourismus<\/title>\n<meta name=\"robots\" content=\"index, follow, max-snippet:-1, max-image-preview:large, max-video-preview:-1\" \/>\n<link rel=\"canonical\" href=\"https:\/\/www.tourismus.dachau.de\/pl\/newsletter\/\" \/>\n<meta property=\"og:locale\" content=\"pl_PL\" \/>\n<meta property=\"og:type\" content=\"article\" \/>\n<meta property=\"og:title\" content=\"Newsletter - Dachau Tourismus\" \/>\n<meta property=\"og:description\" content=\"Bleiben Sie mit unserem Tourismus Newsletter auf dem Laufenden Immer wissen, was es in Dachau zu sehen gibt \u2013 direkt in Ihrem Postfach!Mit dem Dachauer Tourismus Newsletter erhalten Sie regelm\u00e4\u00dfig die spannendsten Neuigkeiten aus unserer Stadt: Tipps zu Veranstaltungen, Ausfl\u00fcgen und aktuellen Ausstellungen Highlights der Jahreszeiten: zum Christkindlmarkt, dem Musiksommer und dem Dachauer Volksfest Interessantes [&hellip;]\" \/>\n<meta property=\"og:url\" content=\"https:\/\/www.tourismus.dachau.de\/pl\/newsletter\/\" \/>\n<meta property=\"og:site_name\" content=\"Dachau Tourismus\" \/>\n<meta property=\"article:modified_time\" content=\"2026-01-05T12:58:01+00:00\" \/>\n<meta name=\"twitter:card\" content=\"summary_large_image\" \/>\n<meta name=\"twitter:label1\" content=\"Szacowany czas czytania\" \/>\n\t<meta name=\"twitter:data1\" content=\"1 minuta\" \/>\n<script type=\"application\/ld+json\" class=\"yoast-schema-graph\">{\"@context\":\"https:\/\/schema.org\",\"@graph\":[{\"@type\":\"WebPage\",\"@id\":\"https:\/\/www.tourismus.dachau.de\/newsletter\/\",\"url\":\"https:\/\/www.tourismus.dachau.de\/newsletter\/\",\"name\":\"Newsletter - Dachau Tourismus\",\"isPartOf\":{\"@id\":\"https:\/\/www.tourismus.dachau.de\/#website\"},\"datePublished\":\"2025-11-04T08:50:35+00:00\",\"dateModified\":\"2026-01-05T12:58:01+00:00\",\"breadcrumb\":{\"@id\":\"https:\/\/www.tourismus.dachau.de\/newsletter\/#breadcrumb\"},\"inLanguage\":\"pl-PL\",\"potentialAction\":[{\"@type\":\"ReadAction\",\"target\":[\"https:\/\/www.tourismus.dachau.de\/newsletter\/\"]}]},{\"@type\":\"BreadcrumbList\",\"@id\":\"https:\/\/www.tourismus.dachau.de\/newsletter\/#breadcrumb\",\"itemListElement\":[{\"@type\":\"ListItem\",\"position\":1,\"name\":\"Startseite\",\"item\":\"https:\/\/www.tourismus.dachau.de\/\"},{\"@type\":\"ListItem\",\"position\":2,\"name\":\"Newsletter\"}]},{\"@type\":\"WebSite\",\"@id\":\"https:\/\/www.tourismus.dachau.de\/#website\",\"url\":\"https:\/\/www.tourismus.dachau.de\/\",\"name\":\"Dachau Tourismus\",\"description\":\"Wir freuen uns \u00fcber Ihren Besuch auf unserer Website.\",\"publisher\":{\"@id\":\"https:\/\/www.tourismus.dachau.de\/#organization\"},\"potentialAction\":[{\"@type\":\"SearchAction\",\"target\":{\"@type\":\"EntryPoint\",\"urlTemplate\":\"https:\/\/www.tourismus.dachau.de\/?s={search_term_string}\"},\"query-input\":{\"@type\":\"PropertyValueSpecification\",\"valueRequired\":true,\"valueName\":\"search_term_string\"}}],\"inLanguage\":\"pl-PL\"},{\"@type\":\"Organization\",\"@id\":\"https:\/\/www.tourismus.dachau.de\/#organization\",\"name\":\"Dachau Tourismus\",\"url\":\"https:\/\/www.tourismus.dachau.de\/\",\"logo\":{\"@type\":\"ImageObject\",\"inLanguage\":\"pl-PL\",\"@id\":\"https:\/\/www.tourismus.dachau.de\/#\/schema\/logo\/image\/\",\"url\":\"\",\"contentUrl\":\"\",\"caption\":\"Dachau Tourismus\"},\"image\":{\"@id\":\"https:\/\/www.tourismus.dachau.de\/#\/schema\/logo\/image\/\"}}]}<\/script>\n<!-- \/ Yoast SEO plugin. -->","yoast_head_json":{"title":"Newsletter - Turystyka Dachau","robots":{"index":"index","follow":"follow","max-snippet":"max-snippet:-1","max-image-preview":"max-image-preview:large","max-video-preview":"max-video-preview:-1"},"canonical":"https:\/\/www.tourismus.dachau.de\/pl\/newsletter\/","og_locale":"pl_PL","og_type":"article","og_title":"Newsletter - Dachau Tourismus","og_description":"Bleiben Sie mit unserem Tourismus Newsletter auf dem Laufenden Immer wissen, was es in Dachau zu sehen gibt \u2013 direkt in Ihrem Postfach!Mit dem Dachauer Tourismus Newsletter erhalten Sie regelm\u00e4\u00dfig die spannendsten Neuigkeiten aus unserer Stadt: Tipps zu Veranstaltungen, Ausfl\u00fcgen und aktuellen Ausstellungen Highlights der Jahreszeiten: zum Christkindlmarkt, dem Musiksommer und dem Dachauer Volksfest Interessantes [&hellip;]","og_url":"https:\/\/www.tourismus.dachau.de\/pl\/newsletter\/","og_site_name":"Dachau Tourismus","article_modified_time":"2026-01-05T12:58:01+00:00","twitter_card":"summary_large_image","twitter_misc":{"Szacowany czas czytania":"1 minuta"},"schema":{"@context":"https:\/\/schema.org","@graph":[{"@type":"WebPage","@id":"https:\/\/www.tourismus.dachau.de\/newsletter\/","url":"https:\/\/www.tourismus.dachau.de\/newsletter\/","name":"Newsletter - Turystyka Dachau","isPartOf":{"@id":"https:\/\/www.tourismus.dachau.de\/#website"},"datePublished":"2025-11-04T08:50:35+00:00","dateModified":"2026-01-05T12:58:01+00:00","breadcrumb":{"@id":"https:\/\/www.tourismus.dachau.de\/newsletter\/#breadcrumb"},"inLanguage":"pl-PL","potentialAction":[{"@type":"ReadAction","target":["https:\/\/www.tourismus.dachau.de\/newsletter\/"]}]},{"@type":"BreadcrumbList","@id":"https:\/\/www.tourismus.dachau.de\/newsletter\/#breadcrumb","itemListElement":[{"@type":"ListItem","position":1,"name":"Startseite","item":"https:\/\/www.tourismus.dachau.de\/"},{"@type":"ListItem","position":2,"name":"Newsletter"}]},{"@type":"WebSite","@id":"https:\/\/www.tourismus.dachau.de\/#website","url":"https:\/\/www.tourismus.dachau.de\/","name":"Turystyka w Dachau","description":"Z niecierpliwo\u015bci\u0105 czekamy na Twoj\u0105 wizyt\u0119 na naszej stronie.","publisher":{"@id":"https:\/\/www.tourismus.dachau.de\/#organization"},"potentialAction":[{"@type":"SearchAction","target":{"@type":"EntryPoint","urlTemplate":"https:\/\/www.tourismus.dachau.de\/?s={search_term_string}"},"query-input":{"@type":"PropertyValueSpecification","valueRequired":true,"valueName":"search_term_string"}}],"inLanguage":"pl-PL"},{"@type":"Organization","@id":"https:\/\/www.tourismus.dachau.de\/#organization","name":"Turystyka w Dachau","url":"https:\/\/www.tourismus.dachau.de\/","logo":{"@type":"ImageObject","inLanguage":"pl-PL","@id":"https:\/\/www.tourismus.dachau.de\/#\/schema\/logo\/image\/","url":"","contentUrl":"","caption":"Dachau Tourismus"},"image":{"@id":"https:\/\/www.tourismus.dachau.de\/#\/schema\/logo\/image\/"}}]}},"_links":{"self":[{"href":"https:\/\/www.tourismus.dachau.de\/pl\/wp-json\/wp\/v2\/pages\/48813","targetHints":{"allow":["GET"]}}],"collection":[{"href":"https:\/\/www.tourismus.dachau.de\/pl\/wp-json\/wp\/v2\/pages"}],"about":[{"href":"https:\/\/www.tourismus.dachau.de\/pl\/wp-json\/wp\/v2\/types\/page"}],"author":[{"embeddable":true,"href":"https:\/\/www.tourismus.dachau.de\/pl\/wp-json\/wp\/v2\/users\/12"}],"replies":[{"embeddable":true,"href":"https:\/\/www.tourismus.dachau.de\/pl\/wp-json\/wp\/v2\/comments?post=48813"}],"version-history":[{"count":10,"href":"https:\/\/www.tourismus.dachau.de\/pl\/wp-json\/wp\/v2\/pages\/48813\/revisions"}],"predecessor-version":[{"id":51754,"href":"https:\/\/www.tourismus.dachau.de\/pl\/wp-json\/wp\/v2\/pages\/48813\/revisions\/51754"}],"wp:attachment":[{"href":"https:\/\/www.tourismus.dachau.de\/pl\/wp-json\/wp\/v2\/media?parent=48813"}],"wp:term":[{"taxonomy":"category","embeddable":true,"href":"https:\/\/www.tourismus.dachau.de\/pl\/wp-json\/wp\/v2\/categories?post=48813"},{"taxonomy":"post_tag","embeddable":true,"href":"https:\/\/www.tourismus.dachau.de\/pl\/wp-json\/wp\/v2\/tags?post=48813"}],"curies":[{"name":"wp","href":"https:\/\/api.w.org\/{rel}","templated":true}]}}