{"id":50328,"date":"2025-11-24T23:48:10","date_gmt":"2025-11-24T22:48:10","guid":{"rendered":"https:\/\/www.tourismus.dachau.de\/?page_id=50328"},"modified":"2026-02-26T11:47:43","modified_gmt":"2026-02-26T10:47:43","slug":"gastronomie-einkaufen","status":"publish","type":"page","link":"https:\/\/www.tourismus.dachau.de\/pl\/gastronomie-einkaufen\/","title":{"rendered":"Gastronomia i zakupy na starym mie\u015bcie w Dachau"},"content":{"rendered":"<div data-elementor-type=\"wp-page\" data-elementor-id=\"50328\" class=\"elementor elementor-50328\" data-elementor-post-type=\"page\">\n\t\t\t\t<div class=\"elementor-element elementor-element-fc20238 elementor-repeater-item-ang_container_padding_3 sk-dark-bg e-flex e-con-boxed elementor-repeater-item-none elementor-repeater-item-none_hover e-con e-parent\" data-id=\"fc20238\" data-element_type=\"container\" data-settings=\"{&quot;jet_parallax_layout_list&quot;:[],&quot;background_background&quot;:&quot;classic&quot;,&quot;ang_container_spacing_size&quot;:&quot;ang_container_padding_3&quot;}\">\n\t\t\t\t\t<div class=\"e-con-inner\">\n\t\t<div class=\"elementor-element elementor-element-187f21f e-con-full elementor-repeater-item-ang_container_padding_4 e-flex sk-none elementor-repeater-item-none elementor-repeater-item-none_hover e-con e-child\" data-id=\"187f21f\" data-element_type=\"container\" data-settings=\"{&quot;jet_parallax_layout_list&quot;:[],&quot;background_background&quot;:&quot;classic&quot;,&quot;ang_container_spacing_size&quot;:&quot;ang_container_padding_4&quot;}\">\n\t\t<div class=\"elementor-element elementor-element-5b3b097 e-con-full e-flex elementor-repeater-item-default_padding sk-none elementor-repeater-item-none elementor-repeater-item-none_hover e-con e-child\" data-id=\"5b3b097\" data-element_type=\"container\" data-settings=\"{&quot;background_background&quot;:&quot;classic&quot;,&quot;jet_parallax_layout_list&quot;:[],&quot;ang_container_spacing_size&quot;:&quot;default_padding&quot;}\">\n\t\t\t\t<div class=\"elementor-element elementor-element-1e8726b elementor-widget-divider--view-line elementor-repeater-item-none elementor-repeater-item-none_hover elementor-widget elementor-widget-divider\" data-id=\"1e8726b\" data-element_type=\"widget\" data-widget_type=\"divider.default\">\n\t\t\t\t<div class=\"elementor-widget-container\">\n\t\t\t\t\t\t\t<div class=\"elementor-divider\">\n\t\t\t<span class=\"elementor-divider-separator\">\n\t\t\t\t\t\t<\/span>\n\t\t<\/div>\n\t\t\t\t\t\t<\/div>\n\t\t\t\t<\/div>\n\t\t\t\t<div class=\"elementor-element elementor-element-6857f85 elementor-widget__width-inherit elementor-repeater-item-none elementor-repeater-item-none_hover elementor-widget elementor-widget-heading\" data-id=\"6857f85\" data-element_type=\"widget\" data-widget_type=\"heading.default\">\n\t\t\t\t<div class=\"elementor-widget-container\">\n\t\t\t\t\t<h2 class=\"elementor-heading-title elementor-size-default\">Obiekty handlowe w centrum starego miasta<\/h2>\t\t\t\t<\/div>\n\t\t\t\t<\/div>\n\t\t\t\t<div class=\"elementor-element elementor-element-182e64d elementor-repeater-item-none elementor-repeater-item-none_hover elementor-widget elementor-widget-text-editor\" data-id=\"182e64d\" data-element_type=\"widget\" data-widget_type=\"text-editor.default\">\n\t\t\t\t<div class=\"elementor-widget-container\">\n\t\t\t\t\t\t\t\t\t<p>Zatrzymaj si\u0119 na chwil\u0119 w alejkach starego centrum Dachau. The <a href=\"https:\/\/www.tourismus.dachau.de\/pl\/ortsplan\/?jsf=jet-engine:stadtplan-query-id&amp;tax=adressen-kategorie:877\">zabytkowe kamienice<\/a> s\u0105 domem dla <a href=\"https:\/\/www.tourismus.dachau.de\/pl\/ortsplan\/?jsf=jet-engine:stadtplan-query-id&amp;tax=adressen-kategorie:848\">Restauracje<\/a> oferuje r\u00f3wnie\u017c szeroki wachlarz mo\u017cliwo\u015bci zakup\u00f3w. Na przyk\u0142ad sklep FAIR world, artyku\u0142y gospodarstwa domowego, ksi\u0105\u017cki i antyki, delikatesy, moda i akcesoria, ro\u015bliny i karma dla zwierz\u0105t domowych i wiele innych. The <a href=\"https:\/\/www.dachau.de\/maerkte-jahr-und-wochenmaerkte\/\" target=\"_blank\" rel=\"noopener noreferrer nofollow\">Rynki roczne i tygodniowe<\/a> kusz\u0105 regionalnymi potrawami i specja\u0142ami.<\/p>\t\t\t\t\t\t\t\t<\/div>\n\t\t\t\t<\/div>\n\t\t\t\t<\/div>\n\t\t\t\t<\/div>\n\t\t\t\t<div class=\"elementor-element elementor-element-d2b8ae6 elementor-widget__width-initial external_elementor-repeater-item-none_external elementor-repeater-item-none elementor-repeater-item-none_hover elementor-widget elementor-widget-image\" data-id=\"d2b8ae6\" data-element_type=\"widget\" data-widget_type=\"image.default\">\n\t\t\t\t<div class=\"elementor-widget-container\">\n\t\t\t\t\t\t\t\t\t\t\t\t\t\t\t<img fetchpriority=\"high\" decoding=\"async\" width=\"800\" height=\"534\" src=\"https:\/\/www.tourismus.dachau.de\/wp-content\/uploads\/2025\/05\/FB_Dachau_markt-1024x683.jpeg\" class=\"attachment-large size-large wp-image-50856\" alt=\"\" srcset=\"https:\/\/www.tourismus.dachau.de\/wp-content\/uploads\/2025\/05\/FB_Dachau_markt-1024x683.jpeg 1024w, https:\/\/www.tourismus.dachau.de\/wp-content\/uploads\/2025\/05\/FB_Dachau_markt-300x200.jpeg 300w, https:\/\/www.tourismus.dachau.de\/wp-content\/uploads\/2025\/05\/FB_Dachau_markt-768x512.jpeg 768w, https:\/\/www.tourismus.dachau.de\/wp-content\/uploads\/2025\/05\/FB_Dachau_markt-1536x1024.jpeg 1536w, https:\/\/www.tourismus.dachau.de\/wp-content\/uploads\/2025\/05\/FB_Dachau_markt-18x12.jpeg 18w, https:\/\/www.tourismus.dachau.de\/wp-content\/uploads\/2025\/05\/FB_Dachau_markt.jpeg 1920w\" sizes=\"(max-width: 800px) 100vw, 800px\" \/>\t\t\t\t\t\t\t\t\t\t\t\t\t\t\t<\/div>\n\t\t\t\t<\/div>\n\t\t\t\t\t<\/div>\n\t\t\t\t<\/div>\n\t\t<div class=\"elementor-element elementor-element-23b3ce1 elementor-repeater-item-ang_container_padding_8 sk-dark-bg e-flex e-con-boxed elementor-repeater-item-none elementor-repeater-item-none_hover e-con e-parent\" data-id=\"23b3ce1\" data-element_type=\"container\" data-settings=\"{&quot;jet_parallax_layout_list&quot;:[],&quot;background_background&quot;:&quot;classic&quot;,&quot;ang_container_spacing_size&quot;:&quot;ang_container_padding_8&quot;}\">\n\t\t\t\t\t<div class=\"e-con-inner\">\n\t\t<div class=\"elementor-element elementor-element-8e5b453 e-con-full elementor-repeater-item-ang_container_padding_4 e-flex sk-none elementor-repeater-item-none elementor-repeater-item-none_hover e-con e-child\" data-id=\"8e5b453\" data-element_type=\"container\" data-settings=\"{&quot;jet_parallax_layout_list&quot;:[],&quot;background_background&quot;:&quot;classic&quot;,&quot;ang_container_spacing_size&quot;:&quot;ang_container_padding_4&quot;}\">\n\t\t<div class=\"elementor-element elementor-element-aa93a20 e-con-full e-flex elementor-repeater-item-default_padding sk-none elementor-repeater-item-none elementor-repeater-item-none_hover e-con e-child\" data-id=\"aa93a20\" data-element_type=\"container\" data-settings=\"{&quot;background_background&quot;:&quot;classic&quot;,&quot;jet_parallax_layout_list&quot;:[],&quot;ang_container_spacing_size&quot;:&quot;default_padding&quot;}\">\n\t\t\t\t<div class=\"elementor-element elementor-element-ed0d48a elementor-widget__width-inherit elementor-repeater-item-none elementor-repeater-item-none_hover elementor-widget elementor-widget-heading\" data-id=\"ed0d48a\" data-element_type=\"widget\" data-widget_type=\"heading.default\">\n\t\t\t\t<div class=\"elementor-widget-container\">\n\t\t\t\t\t<h2 class=\"elementor-heading-title elementor-size-default\">Historyczne zajazdy na starym mie\u015bcie<\/h2>\t\t\t\t<\/div>\n\t\t\t\t<\/div>\n\t\t\t\t<div class=\"elementor-element elementor-element-fb4ea40 elementor-repeater-item-none elementor-repeater-item-none_hover elementor-widget elementor-widget-text-editor\" data-id=\"fb4ea40\" data-element_type=\"widget\" data-widget_type=\"text-editor.default\">\n\t\t\t\t<div class=\"elementor-widget-container\">\n\t\t\t\t\t\t\t\t\t<p><strong>Go\u015bcinno\u015b\u0107 w historycznych murach<\/strong><\/p><p>Do dzi\u015b w wielu zabytkowych budynkach w centrum starego miasta w Dachau, takich jak Unterbr\u00e4u, Kochwirt i Haus Heidenberger, mieszcz\u0105 si\u0119 lokale gastronomiczne i zapraszaj\u0105 na bawarskie przysmaki, greckie przysmaki lub koktajle w historycznej atmosferze.<\/p><p>\u00a0<\/p><p>Tutaj znajdziesz wyb\u00f3r restauracji, kawiarni i pub\u00f3w w pobli\u017cu atrakcji Dachau.<\/p>\t\t\t\t\t\t\t\t<\/div>\n\t\t\t\t<\/div>\n\t\t\t\t<div class=\"elementor-element elementor-element-4c034eb elementor-widget__width-inherit hover-grow elementor-icon-list--layout-traditional elementor-list-item-link-full_width elementor-repeater-item-none elementor-repeater-item-none_hover elementor-widget elementor-widget-icon-list\" data-id=\"4c034eb\" data-element_type=\"widget\" data-widget_type=\"icon-list.default\">\n\t\t\t\t<div class=\"elementor-widget-container\">\n\t\t\t\t\t\t\t<ul class=\"elementor-icon-list-items\">\n\t\t\t\t\t\t\t<li class=\"elementor-icon-list-item\">\n\t\t\t\t\t\t\t\t\t\t\t<a href=\"\/pl\/ortsplan\/?jsf=jet-engine:stadtplan-query-id&#038;tax=adressen-kategorie:848\">\n\n\t\t\t\t\t\t\t\t\t\t\t\t<span class=\"elementor-icon-list-icon\">\n\t\t\t\t\t\t\t<svg aria-hidden=\"true\" class=\"e-font-icon-svg e-fas-external-link-square-alt\" viewbox=\"0 0 448 512\" xmlns=\"http:\/\/www.w3.org\/2000\/svg\"><path d=\"M448 80v352c0 26.51-21.49 48-48 48H48c-26.51 0-48-21.49-48-48V80c0-26.51 21.49-48 48-48h352c26.51 0 48 21.49 48 48zm-88 16H248.029c-21.313 0-32.08 25.861-16.971 40.971l31.984 31.987L67.515 364.485c-4.686 4.686-4.686 12.284 0 16.971l31.029 31.029c4.687 4.686 12.285 4.686 16.971 0l195.526-195.526 31.988 31.991C358.058 263.977 384 253.425 384 231.979V120c0-13.255-10.745-24-24-24z\"><\/path><\/svg>\t\t\t\t\t\t<\/span>\n\t\t\t\t\t\t\t\t\t\t<span class=\"elementor-icon-list-text\">Wyb\u00f3r restauracji w Dachau<\/span>\n\t\t\t\t\t\t\t\t\t\t\t<\/a>\n\t\t\t\t\t\t\t\t\t<\/li>\n\t\t\t\t\t\t<\/ul>\n\t\t\t\t\t\t<\/div>\n\t\t\t\t<\/div>\n\t\t\t\t<\/div>\n\t\t\t\t<\/div>\n\t\t\t\t<div class=\"elementor-element elementor-element-02b6202 elementor-widget__width-initial external_elementor-repeater-item-none_external elementor-repeater-item-none elementor-repeater-item-none_hover elementor-widget elementor-widget-image\" data-id=\"02b6202\" data-element_type=\"widget\" data-widget_type=\"image.default\">\n\t\t\t\t<div class=\"elementor-widget-container\">\n\t\t\t\t\t\t\t\t\t\t\t\t\t\t\t<img decoding=\"async\" width=\"800\" height=\"534\" src=\"https:\/\/www.tourismus.dachau.de\/wp-content\/uploads\/2025\/11\/biergarten_essen_jorda-1024x683.jpeg\" class=\"attachment-large size-large wp-image-49706\" alt=\"Nahaufnahme von Biergarten Brotzeit von oben mit einem Glas Bier, Obazda, Wurstsalat und Breze.\" srcset=\"https:\/\/www.tourismus.dachau.de\/wp-content\/uploads\/2025\/11\/biergarten_essen_jorda-1024x683.jpeg 1024w, https:\/\/www.tourismus.dachau.de\/wp-content\/uploads\/2025\/11\/biergarten_essen_jorda-300x200.jpeg 300w, https:\/\/www.tourismus.dachau.de\/wp-content\/uploads\/2025\/11\/biergarten_essen_jorda-768x512.jpeg 768w, https:\/\/www.tourismus.dachau.de\/wp-content\/uploads\/2025\/11\/biergarten_essen_jorda-1536x1025.jpeg 1536w, https:\/\/www.tourismus.dachau.de\/wp-content\/uploads\/2025\/11\/biergarten_essen_jorda-18x12.jpeg 18w, https:\/\/www.tourismus.dachau.de\/wp-content\/uploads\/2025\/11\/biergarten_essen_jorda.jpeg 1919w\" sizes=\"(max-width: 800px) 100vw, 800px\" \/>\t\t\t\t\t\t\t\t\t\t\t\t\t\t\t<\/div>\n\t\t\t\t<\/div>\n\t\t\t\t\t<\/div>\n\t\t\t\t<\/div>\n\t\t\t\t<\/div>","protected":false},"excerpt":{"rendered":"<p>Zakupy w starym centrum miasta Zatrzymaj si\u0119 na chwil\u0119 w zau\u0142kach starego centrum Dachau. W zabytkowych kamienicach znajduj\u0105 si\u0119 restauracje, a tak\u017ce szeroki wyb\u00f3r sklep\u00f3w. Na przyk\u0142ad sklep FAIR world, artyku\u0142y gospodarstwa domowego, ksi\u0105\u017cki i antyki, delikatesy, moda i akcesoria, ro\u015bliny i karma dla zwierz\u0105t domowych i wiele innych. Coroczne i cotygodniowe targi kusz\u0105 odwiedzaj\u0105cych regionaln\u0105 \u017cywno\u015bci\u0105 i specja\u0142ami. Zabytkowe zajazdy w centrum starego miasta [...]<\/p>","protected":false},"author":12,"featured_media":0,"parent":0,"menu_order":0,"comment_status":"closed","ping_status":"closed","template":"","meta":{"iawp_total_views":250,"footnotes":""},"categories":[],"tags":[],"class_list":["post-50328","page","type-page","status-publish","hentry"],"yoast_head":"<!-- This site is optimized with the Yoast SEO plugin v26.5 - https:\/\/yoast.com\/wordpress\/plugins\/seo\/ -->\n<title>Gastronomie &amp; Einkaufen in der Dachauer Altstadt - Dachau Tourismus<\/title>\n<meta name=\"robots\" content=\"index, follow, max-snippet:-1, max-image-preview:large, max-video-preview:-1\" \/>\n<link rel=\"canonical\" href=\"https:\/\/www.tourismus.dachau.de\/pl\/gastronomie-einkaufen\/\" \/>\n<meta property=\"og:locale\" content=\"pl_PL\" \/>\n<meta property=\"og:type\" content=\"article\" \/>\n<meta property=\"og:title\" content=\"Gastronomie &amp; Einkaufen in der Dachauer Altstadt - Dachau Tourismus\" \/>\n<meta property=\"og:description\" content=\"Einkaufsm\u00f6glichkeiten in der Altstadt Verweilen Sie noch ein wenig in den Gassen der Dachauer Altstadt. Die historischen B\u00fcrgerh\u00e4user beherbergen neben Restaurants auch vielseitige Einkaufsm\u00f6glichkeiten. Z.B. einen FAIR Weltladen, Haushaltswaren, B\u00fccher und Antiquit\u00e4ten, Feinkostl\u00e4den, Mode und Accessoires, Pflanzen &amp; Tiernahrung uvm. Die Jahr- und Wochenm\u00e4rkte locken mit regionalen Lebensmittel und Spezialit\u00e4ten. Historische Wirtsh\u00e4user in der Altstadt [&hellip;]\" \/>\n<meta property=\"og:url\" content=\"https:\/\/www.tourismus.dachau.de\/pl\/gastronomie-einkaufen\/\" \/>\n<meta property=\"og:site_name\" content=\"Dachau Tourismus\" \/>\n<meta property=\"article:modified_time\" content=\"2026-02-26T10:47:43+00:00\" \/>\n<meta property=\"og:image\" content=\"https:\/\/www.tourismus.dachau.de\/wp-content\/uploads\/2025\/05\/FB_Dachau_markt.jpeg\" \/>\n\t<meta property=\"og:image:width\" content=\"1920\" \/>\n\t<meta property=\"og:image:height\" content=\"1280\" \/>\n\t<meta property=\"og:image:type\" content=\"image\/jpeg\" \/>\n<meta name=\"twitter:card\" content=\"summary_large_image\" \/>\n<meta name=\"twitter:label1\" content=\"Szacowany czas czytania\" \/>\n\t<meta name=\"twitter:data1\" content=\"2 minuty\" \/>\n<script type=\"application\/ld+json\" class=\"yoast-schema-graph\">{\"@context\":\"https:\/\/schema.org\",\"@graph\":[{\"@type\":\"WebPage\",\"@id\":\"https:\/\/www.tourismus.dachau.de\/gastronomie-einkaufen\/\",\"url\":\"https:\/\/www.tourismus.dachau.de\/gastronomie-einkaufen\/\",\"name\":\"Gastronomie &amp; Einkaufen in der Dachauer Altstadt - Dachau Tourismus\",\"isPartOf\":{\"@id\":\"https:\/\/www.tourismus.dachau.de\/#website\"},\"primaryImageOfPage\":{\"@id\":\"https:\/\/www.tourismus.dachau.de\/gastronomie-einkaufen\/#primaryimage\"},\"image\":{\"@id\":\"https:\/\/www.tourismus.dachau.de\/gastronomie-einkaufen\/#primaryimage\"},\"thumbnailUrl\":\"https:\/\/www.tourismus.dachau.de\/wp-content\/uploads\/2025\/05\/FB_Dachau_markt-1024x683.jpeg\",\"datePublished\":\"2025-11-24T22:48:10+00:00\",\"dateModified\":\"2026-02-26T10:47:43+00:00\",\"breadcrumb\":{\"@id\":\"https:\/\/www.tourismus.dachau.de\/gastronomie-einkaufen\/#breadcrumb\"},\"inLanguage\":\"pl-PL\",\"potentialAction\":[{\"@type\":\"ReadAction\",\"target\":[\"https:\/\/www.tourismus.dachau.de\/gastronomie-einkaufen\/\"]}]},{\"@type\":\"ImageObject\",\"inLanguage\":\"pl-PL\",\"@id\":\"https:\/\/www.tourismus.dachau.de\/gastronomie-einkaufen\/#primaryimage\",\"url\":\"https:\/\/www.tourismus.dachau.de\/wp-content\/uploads\/2025\/05\/FB_Dachau_markt-1024x683.jpeg\",\"contentUrl\":\"https:\/\/www.tourismus.dachau.de\/wp-content\/uploads\/2025\/05\/FB_Dachau_markt-1024x683.jpeg\"},{\"@type\":\"BreadcrumbList\",\"@id\":\"https:\/\/www.tourismus.dachau.de\/gastronomie-einkaufen\/#breadcrumb\",\"itemListElement\":[{\"@type\":\"ListItem\",\"position\":1,\"name\":\"Startseite\",\"item\":\"https:\/\/www.tourismus.dachau.de\/\"},{\"@type\":\"ListItem\",\"position\":2,\"name\":\"Gastronomie &amp; Einkaufen in der Dachauer Altstadt\"}]},{\"@type\":\"WebSite\",\"@id\":\"https:\/\/www.tourismus.dachau.de\/#website\",\"url\":\"https:\/\/www.tourismus.dachau.de\/\",\"name\":\"Dachau Tourismus\",\"description\":\"Wir freuen uns \u00fcber Ihren Besuch auf unserer Website.\",\"publisher\":{\"@id\":\"https:\/\/www.tourismus.dachau.de\/#organization\"},\"potentialAction\":[{\"@type\":\"SearchAction\",\"target\":{\"@type\":\"EntryPoint\",\"urlTemplate\":\"https:\/\/www.tourismus.dachau.de\/?s={search_term_string}\"},\"query-input\":{\"@type\":\"PropertyValueSpecification\",\"valueRequired\":true,\"valueName\":\"search_term_string\"}}],\"inLanguage\":\"pl-PL\"},{\"@type\":\"Organization\",\"@id\":\"https:\/\/www.tourismus.dachau.de\/#organization\",\"name\":\"Dachau Tourismus\",\"url\":\"https:\/\/www.tourismus.dachau.de\/\",\"logo\":{\"@type\":\"ImageObject\",\"inLanguage\":\"pl-PL\",\"@id\":\"https:\/\/www.tourismus.dachau.de\/#\/schema\/logo\/image\/\",\"url\":\"\",\"contentUrl\":\"\",\"caption\":\"Dachau Tourismus\"},\"image\":{\"@id\":\"https:\/\/www.tourismus.dachau.de\/#\/schema\/logo\/image\/\"}}]}<\/script>\n<!-- \/ Yoast SEO plugin. -->","yoast_head_json":{"title":"Gastronomia i zakupy na starym mie\u015bcie w Dachau - Dachau Tourismus","robots":{"index":"index","follow":"follow","max-snippet":"max-snippet:-1","max-image-preview":"max-image-preview:large","max-video-preview":"max-video-preview:-1"},"canonical":"https:\/\/www.tourismus.dachau.de\/pl\/gastronomie-einkaufen\/","og_locale":"pl_PL","og_type":"article","og_title":"Gastronomie &amp; Einkaufen in der Dachauer Altstadt - Dachau Tourismus","og_description":"Einkaufsm\u00f6glichkeiten in der Altstadt Verweilen Sie noch ein wenig in den Gassen der Dachauer Altstadt. Die historischen B\u00fcrgerh\u00e4user beherbergen neben Restaurants auch vielseitige Einkaufsm\u00f6glichkeiten. Z.B. einen FAIR Weltladen, Haushaltswaren, B\u00fccher und Antiquit\u00e4ten, Feinkostl\u00e4den, Mode und Accessoires, Pflanzen &amp; Tiernahrung uvm. Die Jahr- und Wochenm\u00e4rkte locken mit regionalen Lebensmittel und Spezialit\u00e4ten. Historische Wirtsh\u00e4user in der Altstadt [&hellip;]","og_url":"https:\/\/www.tourismus.dachau.de\/pl\/gastronomie-einkaufen\/","og_site_name":"Dachau Tourismus","article_modified_time":"2026-02-26T10:47:43+00:00","og_image":[{"width":1920,"height":1280,"url":"https:\/\/www.tourismus.dachau.de\/wp-content\/uploads\/2025\/05\/FB_Dachau_markt.jpeg","type":"image\/jpeg"}],"twitter_card":"summary_large_image","twitter_misc":{"Szacowany czas czytania":"2 minuty"},"schema":{"@context":"https:\/\/schema.org","@graph":[{"@type":"WebPage","@id":"https:\/\/www.tourismus.dachau.de\/gastronomie-einkaufen\/","url":"https:\/\/www.tourismus.dachau.de\/gastronomie-einkaufen\/","name":"Gastronomia i zakupy na starym mie\u015bcie w Dachau - Dachau Tourismus","isPartOf":{"@id":"https:\/\/www.tourismus.dachau.de\/#website"},"primaryImageOfPage":{"@id":"https:\/\/www.tourismus.dachau.de\/gastronomie-einkaufen\/#primaryimage"},"image":{"@id":"https:\/\/www.tourismus.dachau.de\/gastronomie-einkaufen\/#primaryimage"},"thumbnailUrl":"https:\/\/www.tourismus.dachau.de\/wp-content\/uploads\/2025\/05\/FB_Dachau_markt-1024x683.jpeg","datePublished":"2025-11-24T22:48:10+00:00","dateModified":"2026-02-26T10:47:43+00:00","breadcrumb":{"@id":"https:\/\/www.tourismus.dachau.de\/gastronomie-einkaufen\/#breadcrumb"},"inLanguage":"pl-PL","potentialAction":[{"@type":"ReadAction","target":["https:\/\/www.tourismus.dachau.de\/gastronomie-einkaufen\/"]}]},{"@type":"ImageObject","inLanguage":"pl-PL","@id":"https:\/\/www.tourismus.dachau.de\/gastronomie-einkaufen\/#primaryimage","url":"https:\/\/www.tourismus.dachau.de\/wp-content\/uploads\/2025\/05\/FB_Dachau_markt-1024x683.jpeg","contentUrl":"https:\/\/www.tourismus.dachau.de\/wp-content\/uploads\/2025\/05\/FB_Dachau_markt-1024x683.jpeg"},{"@type":"BreadcrumbList","@id":"https:\/\/www.tourismus.dachau.de\/gastronomie-einkaufen\/#breadcrumb","itemListElement":[{"@type":"ListItem","position":1,"name":"Startseite","item":"https:\/\/www.tourismus.dachau.de\/"},{"@type":"ListItem","position":2,"name":"Gastronomie &amp; Einkaufen in der Dachauer Altstadt"}]},{"@type":"WebSite","@id":"https:\/\/www.tourismus.dachau.de\/#website","url":"https:\/\/www.tourismus.dachau.de\/","name":"Turystyka w Dachau","description":"Z niecierpliwo\u015bci\u0105 czekamy na Twoj\u0105 wizyt\u0119 na naszej stronie.","publisher":{"@id":"https:\/\/www.tourismus.dachau.de\/#organization"},"potentialAction":[{"@type":"SearchAction","target":{"@type":"EntryPoint","urlTemplate":"https:\/\/www.tourismus.dachau.de\/?s={search_term_string}"},"query-input":{"@type":"PropertyValueSpecification","valueRequired":true,"valueName":"search_term_string"}}],"inLanguage":"pl-PL"},{"@type":"Organization","@id":"https:\/\/www.tourismus.dachau.de\/#organization","name":"Turystyka w Dachau","url":"https:\/\/www.tourismus.dachau.de\/","logo":{"@type":"ImageObject","inLanguage":"pl-PL","@id":"https:\/\/www.tourismus.dachau.de\/#\/schema\/logo\/image\/","url":"","contentUrl":"","caption":"Dachau Tourismus"},"image":{"@id":"https:\/\/www.tourismus.dachau.de\/#\/schema\/logo\/image\/"}}]}},"_links":{"self":[{"href":"https:\/\/www.tourismus.dachau.de\/pl\/wp-json\/wp\/v2\/pages\/50328","targetHints":{"allow":["GET"]}}],"collection":[{"href":"https:\/\/www.tourismus.dachau.de\/pl\/wp-json\/wp\/v2\/pages"}],"about":[{"href":"https:\/\/www.tourismus.dachau.de\/pl\/wp-json\/wp\/v2\/types\/page"}],"author":[{"embeddable":true,"href":"https:\/\/www.tourismus.dachau.de\/pl\/wp-json\/wp\/v2\/users\/12"}],"replies":[{"embeddable":true,"href":"https:\/\/www.tourismus.dachau.de\/pl\/wp-json\/wp\/v2\/comments?post=50328"}],"version-history":[{"count":10,"href":"https:\/\/www.tourismus.dachau.de\/pl\/wp-json\/wp\/v2\/pages\/50328\/revisions"}],"predecessor-version":[{"id":52437,"href":"https:\/\/www.tourismus.dachau.de\/pl\/wp-json\/wp\/v2\/pages\/50328\/revisions\/52437"}],"wp:attachment":[{"href":"https:\/\/www.tourismus.dachau.de\/pl\/wp-json\/wp\/v2\/media?parent=50328"}],"wp:term":[{"taxonomy":"category","embeddable":true,"href":"https:\/\/www.tourismus.dachau.de\/pl\/wp-json\/wp\/v2\/categories?post=50328"},{"taxonomy":"post_tag","embeddable":true,"href":"https:\/\/www.tourismus.dachau.de\/pl\/wp-json\/wp\/v2\/tags?post=50328"}],"curies":[{"name":"wp","href":"https:\/\/api.w.org\/{rel}","templated":true}]}}