{"id":50760,"date":"2025-11-26T08:36:34","date_gmt":"2025-11-26T07:36:34","guid":{"rendered":"https:\/\/www.tourismus.dachau.de\/?page_id=50760"},"modified":"2025-11-26T12:34:41","modified_gmt":"2025-11-26T11:34:41","slug":"dachauer-musiksommer","status":"publish","type":"page","link":"https:\/\/www.tourismus.dachau.de\/pl\/dachauer-musiksommer\/","title":{"rendered":"Lato Muzyczne w Dachau"},"content":{"rendered":"<div data-elementor-type=\"wp-page\" data-elementor-id=\"50760\" class=\"elementor elementor-50760\" data-elementor-post-type=\"page\">\n\t\t\t\t<div class=\"elementor-element elementor-element-967556b elementor-repeater-item-ang_container_padding_3 sk-light-bg e-flex e-con-boxed elementor-repeater-item-none elementor-repeater-item-none_hover e-con e-parent\" data-id=\"967556b\" data-element_type=\"container\" data-settings=\"{&quot;jet_parallax_layout_list&quot;:[],&quot;background_background&quot;:&quot;classic&quot;,&quot;ang_container_spacing_size&quot;:&quot;ang_container_padding_3&quot;}\">\n\t\t\t\t\t<div class=\"e-con-inner\">\n\t\t<div class=\"elementor-element elementor-element-a0b34c7 e-con-full elementor-repeater-item-ang_container_padding_4 e-flex sk-none elementor-repeater-item-none elementor-repeater-item-none_hover e-con e-child\" data-id=\"a0b34c7\" data-element_type=\"container\" data-settings=\"{&quot;jet_parallax_layout_list&quot;:[],&quot;background_background&quot;:&quot;classic&quot;,&quot;ang_container_spacing_size&quot;:&quot;ang_container_padding_4&quot;}\">\n\t\t<div class=\"elementor-element elementor-element-64426ea e-con-full e-flex elementor-repeater-item-default_padding sk-none elementor-repeater-item-none elementor-repeater-item-none_hover e-con e-child\" data-id=\"64426ea\" data-element_type=\"container\" data-settings=\"{&quot;background_background&quot;:&quot;classic&quot;,&quot;jet_parallax_layout_list&quot;:[],&quot;ang_container_spacing_size&quot;:&quot;default_padding&quot;}\">\n\t\t\t\t<div class=\"elementor-element elementor-element-193883b elementor-widget-divider--view-line elementor-repeater-item-none elementor-repeater-item-none_hover elementor-widget elementor-widget-divider\" data-id=\"193883b\" data-element_type=\"widget\" data-widget_type=\"divider.default\">\n\t\t\t\t<div class=\"elementor-widget-container\">\n\t\t\t\t\t\t\t<div class=\"elementor-divider\">\n\t\t\t<span class=\"elementor-divider-separator\">\n\t\t\t\t\t\t<\/span>\n\t\t<\/div>\n\t\t\t\t\t\t<\/div>\n\t\t\t\t<\/div>\n\t\t\t\t<div class=\"elementor-element elementor-element-3345c69 elementor-widget__width-inherit elementor-repeater-item-none elementor-repeater-item-none_hover elementor-widget elementor-widget-heading\" data-id=\"3345c69\" data-element_type=\"widget\" data-widget_type=\"heading.default\">\n\t\t\t\t<div class=\"elementor-widget-container\">\n\t\t\t\t\t<h2 class=\"elementor-heading-title elementor-size-default\">Latem centrum starego miasta w Dachau staje si\u0119 scen\u0105!<\/h2>\t\t\t\t<\/div>\n\t\t\t\t<\/div>\n\t\t\t\t<div class=\"elementor-element elementor-element-e7f7bb9 elementor-repeater-item-none elementor-repeater-item-none_hover elementor-widget elementor-widget-text-editor\" data-id=\"e7f7bb9\" data-element_type=\"widget\" data-widget_type=\"text-editor.default\">\n\t\t\t\t<div class=\"elementor-widget-container\">\n\t\t\t\t\t\t\t\t\t<p>Podczas \u201eJazz in allen Gassen\u201c kilka zespo\u0142\u00f3w gra jednocze\u015bnie na wielu placach. Przy dobrej pogodzie nawet 10 000 go\u015bci przechadza si\u0119 ulicami i alejkami, ciesz\u0105c si\u0119 muzyk\u0105, cateringiem na \u015bwie\u017cym powietrzu i atmosfer\u0105 festiwalu ulicznego.<\/p><p>\u00a0<\/p><p>Podczas \u201ePikniku Barokowego\u201c wspania\u0142y ogr\u00f3d na dziedzi\u0144cu Pa\u0142acu Dachau staje si\u0119 t\u0142em dla specjalnego formatu muzycznego: muzyki na \u017cywo podczas pikniku przy \u015bwiecach. Seria koncert\u00f3w na placu ratuszowym r\u00f3wnie\u017c oferuje niezwyk\u0142\u0105 atmosfer\u0119 rok po roku.<\/p><p>\u00a0<\/p><p>Maksymalnie mo\u017ce pomie\u015bci\u0107 1600 go\u015bci, tworz\u0105c wyj\u0105tkowo intymn\u0105 atmosfer\u0119 mi\u0119dzy zespo\u0142ami a publiczno\u015bci\u0105.<\/p>\t\t\t\t\t\t\t\t<\/div>\n\t\t\t\t<\/div>\n\t\t\t\t<div class=\"elementor-element elementor-element-76d8474 elementor-widget__width-inherit hover-grow elementor-icon-list--layout-traditional elementor-list-item-link-full_width elementor-repeater-item-none elementor-repeater-item-none_hover elementor-widget elementor-widget-icon-list\" data-id=\"76d8474\" data-element_type=\"widget\" data-widget_type=\"icon-list.default\">\n\t\t\t\t<div class=\"elementor-widget-container\">\n\t\t\t\t\t\t\t<ul class=\"elementor-icon-list-items\">\n\t\t\t\t\t\t\t<li class=\"elementor-icon-list-item\">\n\t\t\t\t\t\t\t\t\t\t\t<a href=\"\/pl\/veranstaltungskalender\/?jsf=jet-engine:veranstaltungen_filter&#038;meta=organizationid:be1f2855-f978-4373-bb81-15cf6d147828\" target=\"_blank\">\n\n\t\t\t\t\t\t\t\t\t\t\t\t<span class=\"elementor-icon-list-icon\">\n\t\t\t\t\t\t\t<svg aria-hidden=\"true\" class=\"e-font-icon-svg e-fas-external-link-square-alt\" viewbox=\"0 0 448 512\" xmlns=\"http:\/\/www.w3.org\/2000\/svg\"><path d=\"M448 80v352c0 26.51-21.49 48-48 48H48c-26.51 0-48-21.49-48-48V80c0-26.51 21.49-48 48-48h352c26.51 0 48 21.49 48 48zm-88 16H248.029c-21.313 0-32.08 25.861-16.971 40.971l31.984 31.987L67.515 364.485c-4.686 4.686-4.686 12.284 0 16.971l31.029 31.029c4.687 4.686 12.285 4.686 16.971 0l195.526-195.526 31.988 31.991C358.058 263.977 384 253.425 384 231.979V120c0-13.255-10.745-24-24-24z\"><\/path><\/svg>\t\t\t\t\t\t<\/span>\n\t\t\t\t\t\t\t\t\t\t<span class=\"elementor-icon-list-text\">Nadchodz\u0105ce wydarzenia w ramach Dachau Summer of Music<\/span>\n\t\t\t\t\t\t\t\t\t\t\t<\/a>\n\t\t\t\t\t\t\t\t\t<\/li>\n\t\t\t\t\t\t<\/ul>\n\t\t\t\t\t\t<\/div>\n\t\t\t\t<\/div>\n\t\t\t\t<\/div>\n\t\t\t\t<\/div>\n\t\t\t\t\t<\/div>\n\t\t\t\t<\/div>\n\t\t<div class=\"elementor-element elementor-element-a916f01 sk-light-bg e-flex e-con-boxed elementor-repeater-item-default_padding elementor-repeater-item-none elementor-repeater-item-none_hover e-con e-parent\" data-id=\"a916f01\" data-element_type=\"container\" data-settings=\"{&quot;background_background&quot;:&quot;classic&quot;,&quot;jet_parallax_layout_list&quot;:[],&quot;ang_container_spacing_size&quot;:&quot;default_padding&quot;}\">\n\t\t\t\t\t<div class=\"e-con-inner\">\n\t\t\t\t<div class=\"elementor-element elementor-element-192ee0f elementor-widget__width-inherit elementor-repeater-item-none elementor-repeater-item-none_hover elementor-widget elementor-widget-heading\" data-id=\"192ee0f\" data-element_type=\"widget\" data-widget_type=\"heading.default\">\n\t\t\t\t<div class=\"elementor-widget-container\">\n\t\t\t\t\t<h2 class=\"elementor-heading-title elementor-size-default\">Dachau Summer of Music jest wspierane przez: \n\n<\/h2>\t\t\t\t<\/div>\n\t\t\t\t<\/div>\n\t\t\t\t<div class=\"elementor-element elementor-element-d683965 elementor-repeater-item-none elementor-repeater-item-none_hover elementor-widget elementor-widget-jet-brands\" data-id=\"d683965\" data-element_type=\"widget\" data-widget_type=\"jet-brands.default\">\n\t\t\t\t<div class=\"elementor-widget-container\">\n\t\t\t\t\t<div class=\"elementor-jet-brands jet-elements\"><div class=\"brands-wrap\">\n\t<div class=\"brands-list col-row\"><div class=\"brands-list__item\"><a class=\"brands-list__item-link\" href=\"#\"><div class=\"brands-list__item-img-wrap\"><img decoding=\"async\" src=\"https:\/\/www.tourismus.dachau.de\/wp-content\/uploads\/2025\/11\/csm_Logo_Bezirk_OBB_3276e28f3a.jpg\" alt=\"csm_Logo_Bezirk_OBB_3276e28f3a\" class=\"brands-list__item-img\" loading=\"lazy\"><\/div><\/a><\/div>\n<div class=\"brands-list__item\"><a class=\"brands-list__item-link\" href=\"#\"><div class=\"brands-list__item-img-wrap\"><img decoding=\"async\" src=\"https:\/\/www.tourismus.dachau.de\/wp-content\/uploads\/2025\/11\/csm_Logo_Landkreis_Dachau_3e0dc34053.jpg\" alt=\"csm_Logo_Landkreis_Dachau_3e0dc34053\" class=\"brands-list__item-img\" loading=\"lazy\"><\/div><\/a><\/div>\n<div class=\"brands-list__item\"><a class=\"brands-list__item-link\" href=\"#\"><div class=\"brands-list__item-img-wrap\"><img decoding=\"async\" src=\"https:\/\/www.tourismus.dachau.de\/wp-content\/uploads\/2025\/11\/csm_Logo_Sparkasse_ff1992e4a5.jpg\" alt=\"csm_Logo_Sparkasse_ff1992e4a5\" class=\"brands-list__item-img\" loading=\"lazy\"><\/div><\/a><\/div>\n<div class=\"brands-list__item\"><a class=\"brands-list__item-link\" href=\"#\"><div class=\"brands-list__item-img-wrap\"><img decoding=\"async\" src=\"https:\/\/www.tourismus.dachau.de\/wp-content\/uploads\/2025\/11\/csm_Logo_Stadtwerke_cd7e017d45.jpg\" alt=\"csm_Logo_Stadtwerke_cd7e017d45\" class=\"brands-list__item-img\" loading=\"lazy\"><\/div><\/a><\/div>\n<div class=\"brands-list__item\"><a class=\"brands-list__item-link\" href=\"#\"><div class=\"brands-list__item-img-wrap\"><img decoding=\"async\" src=\"https:\/\/www.tourismus.dachau.de\/wp-content\/uploads\/2025\/11\/csm_Grafik_BR_2_650d3f9536.png\" alt=\"csm_Grafik_BR_2_650d3f9536\" class=\"brands-list__item-img\" loading=\"lazy\"><\/div><\/a><\/div>\n<\/div><\/div><\/div>\t\t\t\t<\/div>\n\t\t\t\t<\/div>\n\t\t\t\t\t<\/div>\n\t\t\t\t<\/div>\n\t\t<div class=\"elementor-element elementor-element-d262482 elementor-repeater-item-ang_container_padding_3 e-flex e-con-boxed elementor-repeater-item-none elementor-repeater-item-none_hover e-con e-parent\" data-id=\"d262482\" data-element_type=\"container\" data-settings=\"{&quot;jet_parallax_layout_list&quot;:[],&quot;background_background&quot;:&quot;slideshow&quot;,&quot;ang_container_spacing_size&quot;:&quot;ang_container_padding_3&quot;,&quot;background_slideshow_gallery&quot;:[{&quot;id&quot;:49650,&quot;url&quot;:&quot;https:\\\/\\\/www.tourismus.dachau.de\\\/wp-content\\\/uploads\\\/2025\\\/11\\\/IMG_9187-scaled.jpg&quot;},{&quot;id&quot;:49652,&quot;url&quot;:&quot;https:\\\/\\\/www.tourismus.dachau.de\\\/wp-content\\\/uploads\\\/2025\\\/11\\\/Musiksommer-Jazz-in-allen-Gassen-5-scaled.jpg&quot;},{&quot;id&quot;:49653,&quot;url&quot;:&quot;https:\\\/\\\/www.tourismus.dachau.de\\\/wp-content\\\/uploads\\\/2025\\\/11\\\/2019_Barockpicknick-scaled.jpg&quot;}],&quot;background_slideshow_loop&quot;:&quot;yes&quot;,&quot;background_slideshow_slide_duration&quot;:5000,&quot;background_slideshow_slide_transition&quot;:&quot;fade&quot;,&quot;background_slideshow_transition_duration&quot;:500}\">\n\t\t\t\t\t<div class=\"e-con-inner\">\n\t\t<div class=\"elementor-element elementor-element-b4bc86f e-con-full elementor-repeater-item-ang_container_padding_4 elementor-repeater-item-shadow_2 sk-light-bg e-flex elementor-repeater-item-none_hover elementor-invisible e-con e-child\" data-id=\"b4bc86f\" data-element_type=\"container\" data-settings=\"{&quot;ang_container_spacing_size&quot;:&quot;ang_container_padding_4&quot;,&quot;background_background&quot;:&quot;classic&quot;,&quot;jet_parallax_layout_list&quot;:[],&quot;animation&quot;:&quot;fadeInLeft&quot;}\">\n\t\t\t\t<div class=\"elementor-element elementor-element-d18de76 elementor-repeater-item-none elementor-repeater-item-none_hover elementor-widget elementor-widget-heading\" data-id=\"d18de76\" data-element_type=\"widget\" data-widget_type=\"heading.default\">\n\t\t\t\t<div class=\"elementor-widget-container\">\n\t\t\t\t\t<h2 class=\"elementor-heading-title elementor-size-default\">Dotychczasowe wyst\u0119py podczas Dachau Music Summer obejmowa\u0142y<\/h2>\t\t\t\t<\/div>\n\t\t\t\t<\/div>\n\t\t\t\t<div class=\"elementor-element elementor-element-6c16e01 elementor-widget__width-inherit elementor-repeater-item-none elementor-repeater-item-none_hover elementor-widget elementor-widget-text-editor\" data-id=\"6c16e01\" data-element_type=\"widget\" data-widget_type=\"text-editor.default\">\n\t\t\t\t<div class=\"elementor-widget-container\">\n\t\t\t\t\t\t\t\t\t<p>Antilopen Gang, \u00d3lafur Arnalds, Band of Horses, Black Country New Road, Angelo Branduardi, Goran Bregovi\u0107, Calexico, Cigarettes after Sex, Fatoumata Diawara, Dicht &amp; Ergreifend, Al Di Meola, Dinosaur Jr, Django 3000, Dope Lemon, FAUN, Fleet Foxes, F\u00fcnf Sterne deluxe, Jos\u00e9 Gonz\u00e1lez, Grizzly Bear, Grossstadtgefl\u00fcster, Haindling, Jupiter Jones, Claudia Koreck, Lambchop, Jeremy Loops, Alice Phoebe Lou, Madsen, Maximo Park, Mehnersmoos, Mighty Oaks, Mono &amp; Nikitaman, Moop Mama, Namika, Nouvelle Vague, Provinz, Revolverheld, Schandmaul, Olli Schulz, Shout Out Louds, Patti Smith, Spider Murphy Gang, Sportfreunde Stiller, Christina St\u00fcrmer, The National, The Tallest Man on Earth, Tocotronic i Wilco.<\/p>\t\t\t\t\t\t\t\t<\/div>\n\t\t\t\t<\/div>\n\t\t\t\t<\/div>\n\t\t\t\t\t<\/div>\n\t\t\t\t<\/div>\n\t\t\t\t<\/div>","protected":false},"excerpt":{"rendered":"<p>Latem centrum starego miasta w Dachau staje si\u0119 scen\u0105! Podczas \u201eJazz in allen Gassen\u201c kilka zespo\u0142\u00f3w gra jednocze\u015bnie na licznych placach. Przy dobrej pogodzie nawet 10 000 go\u015bci przechadza si\u0119 ulicami i alejkami, ciesz\u0105c si\u0119 muzyk\u0105, cateringiem na \u015bwie\u017cym powietrzu i atmosfer\u0105 festiwalu ulicznego.   Podczas \u201ePikniku Barokowego\u201c wspania\u0142y ogr\u00f3d na dziedzi\u0144cu zamku Dachau przekszta\u0142ca si\u0119 w [...]<\/p>","protected":false},"author":12,"featured_media":49652,"parent":0,"menu_order":0,"comment_status":"closed","ping_status":"closed","template":"","meta":{"iawp_total_views":133,"footnotes":""},"categories":[926],"tags":[],"class_list":["post-50760","page","type-page","status-publish","has-post-thumbnail","hentry","category-geiger-fertig"],"yoast_head":"<!-- This site is optimized with the Yoast SEO plugin v26.5 - https:\/\/yoast.com\/wordpress\/plugins\/seo\/ -->\n<title>Dachauer Musiksommer - Dachau Tourismus<\/title>\n<meta name=\"robots\" content=\"index, follow, max-snippet:-1, max-image-preview:large, max-video-preview:-1\" \/>\n<link rel=\"canonical\" href=\"https:\/\/www.tourismus.dachau.de\/pl\/dachauer-musiksommer\/\" \/>\n<meta property=\"og:locale\" content=\"pl_PL\" \/>\n<meta property=\"og:type\" content=\"article\" \/>\n<meta property=\"og:title\" content=\"Dachauer Musiksommer - Dachau Tourismus\" \/>\n<meta property=\"og:description\" content=\"Im Sommer wird die Dachauer Altstadt zur B\u00fchne! Bei \u201eJazz in allen Gassen\u201c spielen auf zahlreichen Pl\u00e4tzen mehrere Bands gleichzeitig. Bei gutem Wetter flanieren bis zu 10.000 G\u00e4ste durch die Stra\u00dfen und Gassen, genie\u00dfen die Musik, die Au\u00dfengastronomie und das Flair des Stra\u00dfenfestivals. \u00a0 F\u00fcr das \u201eBarockpicknick\u201c wird der pr\u00e4chtige Hofgarten des Dachauer Schlosses zur [&hellip;]\" \/>\n<meta property=\"og:url\" content=\"https:\/\/www.tourismus.dachau.de\/pl\/dachauer-musiksommer\/\" \/>\n<meta property=\"og:site_name\" content=\"Dachau Tourismus\" \/>\n<meta property=\"article:modified_time\" content=\"2025-11-26T11:34:41+00:00\" \/>\n<meta property=\"og:image\" content=\"https:\/\/www.tourismus.dachau.de\/wp-content\/uploads\/2025\/11\/Musiksommer-Jazz-in-allen-Gassen-5-scaled.jpg\" \/>\n\t<meta property=\"og:image:width\" content=\"2048\" \/>\n\t<meta property=\"og:image:height\" content=\"1461\" \/>\n\t<meta property=\"og:image:type\" content=\"image\/jpeg\" \/>\n<meta name=\"twitter:card\" content=\"summary_large_image\" \/>\n<meta name=\"twitter:label1\" content=\"Szacowany czas czytania\" \/>\n\t<meta name=\"twitter:data1\" content=\"3 minuty\" \/>\n<script type=\"application\/ld+json\" class=\"yoast-schema-graph\">{\"@context\":\"https:\/\/schema.org\",\"@graph\":[{\"@type\":\"WebPage\",\"@id\":\"https:\/\/www.tourismus.dachau.de\/dachauer-musiksommer\/\",\"url\":\"https:\/\/www.tourismus.dachau.de\/dachauer-musiksommer\/\",\"name\":\"Dachauer Musiksommer - Dachau Tourismus\",\"isPartOf\":{\"@id\":\"https:\/\/www.tourismus.dachau.de\/#website\"},\"primaryImageOfPage\":{\"@id\":\"https:\/\/www.tourismus.dachau.de\/dachauer-musiksommer\/#primaryimage\"},\"image\":{\"@id\":\"https:\/\/www.tourismus.dachau.de\/dachauer-musiksommer\/#primaryimage\"},\"thumbnailUrl\":\"https:\/\/www.tourismus.dachau.de\/wp-content\/uploads\/2025\/11\/Musiksommer-Jazz-in-allen-Gassen-5-scaled.jpg\",\"datePublished\":\"2025-11-26T07:36:34+00:00\",\"dateModified\":\"2025-11-26T11:34:41+00:00\",\"breadcrumb\":{\"@id\":\"https:\/\/www.tourismus.dachau.de\/dachauer-musiksommer\/#breadcrumb\"},\"inLanguage\":\"pl-PL\",\"potentialAction\":[{\"@type\":\"ReadAction\",\"target\":[\"https:\/\/www.tourismus.dachau.de\/dachauer-musiksommer\/\"]}]},{\"@type\":\"ImageObject\",\"inLanguage\":\"pl-PL\",\"@id\":\"https:\/\/www.tourismus.dachau.de\/dachauer-musiksommer\/#primaryimage\",\"url\":\"https:\/\/www.tourismus.dachau.de\/wp-content\/uploads\/2025\/11\/Musiksommer-Jazz-in-allen-Gassen-5-scaled.jpg\",\"contentUrl\":\"https:\/\/www.tourismus.dachau.de\/wp-content\/uploads\/2025\/11\/Musiksommer-Jazz-in-allen-Gassen-5-scaled.jpg\",\"width\":2048,\"height\":1461},{\"@type\":\"BreadcrumbList\",\"@id\":\"https:\/\/www.tourismus.dachau.de\/dachauer-musiksommer\/#breadcrumb\",\"itemListElement\":[{\"@type\":\"ListItem\",\"position\":1,\"name\":\"Startseite\",\"item\":\"https:\/\/www.tourismus.dachau.de\/\"},{\"@type\":\"ListItem\",\"position\":2,\"name\":\"Dachauer Musiksommer\"}]},{\"@type\":\"WebSite\",\"@id\":\"https:\/\/www.tourismus.dachau.de\/#website\",\"url\":\"https:\/\/www.tourismus.dachau.de\/\",\"name\":\"Dachau Tourismus\",\"description\":\"Wir freuen uns \u00fcber Ihren Besuch auf unserer Website.\",\"publisher\":{\"@id\":\"https:\/\/www.tourismus.dachau.de\/#organization\"},\"potentialAction\":[{\"@type\":\"SearchAction\",\"target\":{\"@type\":\"EntryPoint\",\"urlTemplate\":\"https:\/\/www.tourismus.dachau.de\/?s={search_term_string}\"},\"query-input\":{\"@type\":\"PropertyValueSpecification\",\"valueRequired\":true,\"valueName\":\"search_term_string\"}}],\"inLanguage\":\"pl-PL\"},{\"@type\":\"Organization\",\"@id\":\"https:\/\/www.tourismus.dachau.de\/#organization\",\"name\":\"Dachau Tourismus\",\"url\":\"https:\/\/www.tourismus.dachau.de\/\",\"logo\":{\"@type\":\"ImageObject\",\"inLanguage\":\"pl-PL\",\"@id\":\"https:\/\/www.tourismus.dachau.de\/#\/schema\/logo\/image\/\",\"url\":\"\",\"contentUrl\":\"\",\"caption\":\"Dachau Tourismus\"},\"image\":{\"@id\":\"https:\/\/www.tourismus.dachau.de\/#\/schema\/logo\/image\/\"}}]}<\/script>\n<!-- \/ Yoast SEO plugin. -->","yoast_head_json":{"title":"Lato Muzyczne w Dachau - Dachau Tourismus","robots":{"index":"index","follow":"follow","max-snippet":"max-snippet:-1","max-image-preview":"max-image-preview:large","max-video-preview":"max-video-preview:-1"},"canonical":"https:\/\/www.tourismus.dachau.de\/pl\/dachauer-musiksommer\/","og_locale":"pl_PL","og_type":"article","og_title":"Dachauer Musiksommer - Dachau Tourismus","og_description":"Im Sommer wird die Dachauer Altstadt zur B\u00fchne! Bei \u201eJazz in allen Gassen\u201c spielen auf zahlreichen Pl\u00e4tzen mehrere Bands gleichzeitig. Bei gutem Wetter flanieren bis zu 10.000 G\u00e4ste durch die Stra\u00dfen und Gassen, genie\u00dfen die Musik, die Au\u00dfengastronomie und das Flair des Stra\u00dfenfestivals. \u00a0 F\u00fcr das \u201eBarockpicknick\u201c wird der pr\u00e4chtige Hofgarten des Dachauer Schlosses zur [&hellip;]","og_url":"https:\/\/www.tourismus.dachau.de\/pl\/dachauer-musiksommer\/","og_site_name":"Dachau Tourismus","article_modified_time":"2025-11-26T11:34:41+00:00","og_image":[{"width":2048,"height":1461,"url":"https:\/\/www.tourismus.dachau.de\/wp-content\/uploads\/2025\/11\/Musiksommer-Jazz-in-allen-Gassen-5-scaled.jpg","type":"image\/jpeg"}],"twitter_card":"summary_large_image","twitter_misc":{"Szacowany czas czytania":"3 minuty"},"schema":{"@context":"https:\/\/schema.org","@graph":[{"@type":"WebPage","@id":"https:\/\/www.tourismus.dachau.de\/dachauer-musiksommer\/","url":"https:\/\/www.tourismus.dachau.de\/dachauer-musiksommer\/","name":"Lato Muzyczne w Dachau - Dachau Tourismus","isPartOf":{"@id":"https:\/\/www.tourismus.dachau.de\/#website"},"primaryImageOfPage":{"@id":"https:\/\/www.tourismus.dachau.de\/dachauer-musiksommer\/#primaryimage"},"image":{"@id":"https:\/\/www.tourismus.dachau.de\/dachauer-musiksommer\/#primaryimage"},"thumbnailUrl":"https:\/\/www.tourismus.dachau.de\/wp-content\/uploads\/2025\/11\/Musiksommer-Jazz-in-allen-Gassen-5-scaled.jpg","datePublished":"2025-11-26T07:36:34+00:00","dateModified":"2025-11-26T11:34:41+00:00","breadcrumb":{"@id":"https:\/\/www.tourismus.dachau.de\/dachauer-musiksommer\/#breadcrumb"},"inLanguage":"pl-PL","potentialAction":[{"@type":"ReadAction","target":["https:\/\/www.tourismus.dachau.de\/dachauer-musiksommer\/"]}]},{"@type":"ImageObject","inLanguage":"pl-PL","@id":"https:\/\/www.tourismus.dachau.de\/dachauer-musiksommer\/#primaryimage","url":"https:\/\/www.tourismus.dachau.de\/wp-content\/uploads\/2025\/11\/Musiksommer-Jazz-in-allen-Gassen-5-scaled.jpg","contentUrl":"https:\/\/www.tourismus.dachau.de\/wp-content\/uploads\/2025\/11\/Musiksommer-Jazz-in-allen-Gassen-5-scaled.jpg","width":2048,"height":1461},{"@type":"BreadcrumbList","@id":"https:\/\/www.tourismus.dachau.de\/dachauer-musiksommer\/#breadcrumb","itemListElement":[{"@type":"ListItem","position":1,"name":"Startseite","item":"https:\/\/www.tourismus.dachau.de\/"},{"@type":"ListItem","position":2,"name":"Dachauer Musiksommer"}]},{"@type":"WebSite","@id":"https:\/\/www.tourismus.dachau.de\/#website","url":"https:\/\/www.tourismus.dachau.de\/","name":"Turystyka w Dachau","description":"Z niecierpliwo\u015bci\u0105 czekamy na Twoj\u0105 wizyt\u0119 na naszej stronie.","publisher":{"@id":"https:\/\/www.tourismus.dachau.de\/#organization"},"potentialAction":[{"@type":"SearchAction","target":{"@type":"EntryPoint","urlTemplate":"https:\/\/www.tourismus.dachau.de\/?s={search_term_string}"},"query-input":{"@type":"PropertyValueSpecification","valueRequired":true,"valueName":"search_term_string"}}],"inLanguage":"pl-PL"},{"@type":"Organization","@id":"https:\/\/www.tourismus.dachau.de\/#organization","name":"Turystyka w Dachau","url":"https:\/\/www.tourismus.dachau.de\/","logo":{"@type":"ImageObject","inLanguage":"pl-PL","@id":"https:\/\/www.tourismus.dachau.de\/#\/schema\/logo\/image\/","url":"","contentUrl":"","caption":"Dachau Tourismus"},"image":{"@id":"https:\/\/www.tourismus.dachau.de\/#\/schema\/logo\/image\/"}}]}},"_links":{"self":[{"href":"https:\/\/www.tourismus.dachau.de\/pl\/wp-json\/wp\/v2\/pages\/50760","targetHints":{"allow":["GET"]}}],"collection":[{"href":"https:\/\/www.tourismus.dachau.de\/pl\/wp-json\/wp\/v2\/pages"}],"about":[{"href":"https:\/\/www.tourismus.dachau.de\/pl\/wp-json\/wp\/v2\/types\/page"}],"author":[{"embeddable":true,"href":"https:\/\/www.tourismus.dachau.de\/pl\/wp-json\/wp\/v2\/users\/12"}],"replies":[{"embeddable":true,"href":"https:\/\/www.tourismus.dachau.de\/pl\/wp-json\/wp\/v2\/comments?post=50760"}],"version-history":[{"count":10,"href":"https:\/\/www.tourismus.dachau.de\/pl\/wp-json\/wp\/v2\/pages\/50760\/revisions"}],"predecessor-version":[{"id":51199,"href":"https:\/\/www.tourismus.dachau.de\/pl\/wp-json\/wp\/v2\/pages\/50760\/revisions\/51199"}],"wp:featuredmedia":[{"embeddable":true,"href":"https:\/\/www.tourismus.dachau.de\/pl\/wp-json\/wp\/v2\/media\/49652"}],"wp:attachment":[{"href":"https:\/\/www.tourismus.dachau.de\/pl\/wp-json\/wp\/v2\/media?parent=50760"}],"wp:term":[{"taxonomy":"category","embeddable":true,"href":"https:\/\/www.tourismus.dachau.de\/pl\/wp-json\/wp\/v2\/categories?post=50760"},{"taxonomy":"post_tag","embeddable":true,"href":"https:\/\/www.tourismus.dachau.de\/pl\/wp-json\/wp\/v2\/tags?post=50760"}],"curies":[{"name":"wp","href":"https:\/\/api.w.org\/{rel}","templated":true}]}}